{"id":860,"date":"2023-10-18T14:57:31","date_gmt":"2023-10-18T14:57:31","guid":{"rendered":"https:\/\/olympiaboutique.com\/?post_type=product&#038;p=860"},"modified":"2025-12-01T04:17:31","modified_gmt":"2025-12-01T04:17:31","slug":"natures-bounty-cheveux-peau-et-ongles-5000-mcg-de-biotine-250-comprimes-enrobes-extra-fort","status":"publish","type":"product","link":"https:\/\/olympiaboutique.com\/en\/product\/natures-bounty-cheveux-peau-et-ongles-5000-mcg-de-biotine-250-comprimes-enrobes-extra-fort\/","title":{"rendered":"Nature\u2019s Bounty Hair, Skin &#038; Nails, 5,000 mcg de Biotine &#8211; 250 Comprim\u00e9s Enrob\u00e9s Extra Fort"},"content":{"rendered":"<ul class=\"a-unordered-list a-vertical a-spacing-mini\">\n<li><span class=\"a-list-item\">Les g\u00e9lules \u00e0 lib\u00e9ration rapide pour les cheveux, la peau et les ongles contiennent de la biotine, des vitamines, des min\u00e9raux, des antioxydants et d\u2019autres nutriments que l\u2019on trouve constamment dans des cheveux, une peau et des ongles sains.<\/span><\/li>\n<li class=\"a-spacing-mini\"><span class=\"a-list-item\">250 g\u00e9lules liquides EXTRA FORT\u00a0<\/span><\/li>\n<li class=\"a-spacing-mini\"><span class=\"a-list-item\">Comprend du collag\u00e8ne, de l\u2019acide alpha-lipo\u00efque et du calcium.<\/span><\/li>\n<li class=\"a-spacing-mini\"><span class=\"a-list-item\">Aide \u00e0 soutenir une peau \u00e9clatante, \u00e0 soutenir des cheveux brillants, \u00e0 soutenir des ongles forts.<\/span><\/li>\n<\/ul>","protected":false},"excerpt":{"rendered":"<ul class=\"pdp-features\">\n<li><strong>Bienfaits<\/strong> : <span class=\"a-list-item\">FAVORISE DE BEAUX CHEVEUX, UNE PEAU \u00c9CLATANTE ET DES ONGLES SAINS :\u00a0<\/span><\/li>\n<li>5 000 mcg de biotine par portion<\/li>\n<li>Infus\u00e9 \u00e0 l\u2019huile d\u2019argan et \u00e0 l\u2019acide hyaluronique<\/li>\n<li>Antioxydants Vitamine C et E<\/li>\n<li>Sans ar\u00f4mes artificiels et sans gluten<\/li>\n<\/ul>\n<p><strong>Conseil d\u2019utilisation<\/strong><\/p>\n<ul class=\"pdp-features\">\n<li><b>Prenez trois g\u00e9lules chaque jour, de pr\u00e9f\u00e9rence au moment du repas<\/b>.<\/li>\n<\/ul>","protected":false},"featured_media":1432,"comment_status":"open","ping_status":"closed","template":"","meta":{"_joinchat":[]},"product_brand":[],"product_cat":[17],"product_tag":[212,213],"class_list":{"0":"post-860","1":"product","2":"type-product","3":"status-publish","4":"has-post-thumbnail","6":"product_cat-vitamines","7":"product_tag-nature-bounty-hair","8":"product_tag-skin-and-nail","10":"first","11":"outofstock","12":"shipping-taxable","13":"purchasable","14":"product-type-simple"},"jetpack_sharing_enabled":true,"_links":{"self":[{"href":"https:\/\/olympiaboutique.com\/en\/wp-json\/wp\/v2\/product\/860","targetHints":{"allow":["GET"]}}],"collection":[{"href":"https:\/\/olympiaboutique.com\/en\/wp-json\/wp\/v2\/product"}],"about":[{"href":"https:\/\/olympiaboutique.com\/en\/wp-json\/wp\/v2\/types\/product"}],"replies":[{"embeddable":true,"href":"https:\/\/olympiaboutique.com\/en\/wp-json\/wp\/v2\/comments?post=860"}],"wp:featuredmedia":[{"embeddable":true,"href":"https:\/\/olympiaboutique.com\/en\/wp-json\/wp\/v2\/media\/1432"}],"wp:attachment":[{"href":"https:\/\/olympiaboutique.com\/en\/wp-json\/wp\/v2\/media?parent=860"}],"wp:term":[{"taxonomy":"product_brand","embeddable":true,"href":"https:\/\/olympiaboutique.com\/en\/wp-json\/wp\/v2\/product_brand?post=860"},{"taxonomy":"product_cat","embeddable":true,"href":"https:\/\/olympiaboutique.com\/en\/wp-json\/wp\/v2\/product_cat?post=860"},{"taxonomy":"product_tag","embeddable":true,"href":"https:\/\/olympiaboutique.com\/en\/wp-json\/wp\/v2\/product_tag?post=860"}],"curies":[{"name":"wp","href":"https:\/\/api.w.org\/{rel}","templated":true}]}}