{"id":859,"date":"2023-10-18T14:42:20","date_gmt":"2023-10-18T14:42:20","guid":{"rendered":"https:\/\/olympiaboutique.com\/?post_type=product&#038;p=859"},"modified":"2025-12-01T04:17:31","modified_gmt":"2025-12-01T04:17:31","slug":"serum-correcteur-de-decoloration-good-molecules-30-ml-1-oz","status":"publish","type":"product","link":"https:\/\/olympiaboutique.com\/en\/product\/serum-correcteur-de-decoloration-good-molecules-30-ml-1-oz\/","title":{"rendered":"Good Mol\u00e9cules, S\u00e9rum correcteur de d\u00e9coloration, 30 ml"},"content":{"rendered":"<ul class=\"a-unordered-list a-vertical a-spacing-mini\">\n<li class=\"a-spacing-mini\"><span class=\"a-list-item\">TEINT LUMINEUX ET \u00c9QUILIBR\u00c9 : Affinez le teint et am\u00e9liorez la texture tout en nourrissant votre peau ! Adoptez une nouvelle confiance en vous avec le s\u00e9rum correcteur de d\u00e9coloration Good Molecules compos\u00e9 d\u2019ingr\u00e9dients puissants pour aider votre peau \u00e0 se r\u00e9parer et \u00e0 se r\u00e9g\u00e9n\u00e9rer !<\/span><\/li>\n<li class=\"a-spacing-mini\"><span class=\"a-list-item\">AM\u00c9LIORE VISIBLEMENT L\u2019HYPERPIGMENTATION ET LES TACHES BRUNES : Ce s\u00e9rum est hydratant et cicatrisant. Il est con\u00e7u pour aider \u00e0 am\u00e9liorer l\u2019apparence de l\u2019hyperpigmentation, des cicatrices d\u2019imperfections, des taches solaires et d\u2019autres formes de d\u00e9coloration.\u00a0<\/span><\/li>\n<li class=\"a-spacing-mini\"><span class=\"a-list-item\">FAVORISER UN TEINT CLAIR : Contenant 3 % d\u2019acide tranexamique et 4 % de niacinamide, commun\u00e9ment appel\u00e9e B3, cette formule est tr\u00e8s utile pour les personnes souffrant d\u2019un teint irr\u00e9gulier, de pores dilat\u00e9s et d\u2019une texture terne.<\/span><\/li>\n<\/ul>","protected":false},"excerpt":{"rendered":"<p><span class=\"a-list-item\">COMPL\u00c9MENT PARFAIT \u00c0 VOTRE R\u00c9GIME DE BEAUT\u00c9 : Appliquez quelques gouttes sur votre peau matin et soir avant les huiles, les hydratants et les cr\u00e8mes. Notre s\u00e9rum est suffisamment puissant pour apporter des r\u00e9sultats et assez doux pour un usage quotidien.<\/span><\/p>\n<p><span class=\"a-list-item\">ASSEZ DOUX POUR TOUS LES TYPES DE PEAU : Ce s\u00e9rum convient \u00e0 tous les types de peau, mais peut \u00eatre particuli\u00e8rement b\u00e9n\u00e9fique pour les peaux mixtes\/grasses. Notre s\u00e9rum a un pH de 5,5 et est v\u00e9g\u00e9talien. Il est exempt de parfum, de PEG, d\u2019huiles min\u00e9rales, d\u2019alcool et d\u2019ingr\u00e9dients \u00e9thoxyl\u00e9s.<\/span><\/p>","protected":false},"featured_media":1518,"comment_status":"open","ping_status":"closed","template":"","meta":{"_joinchat":[]},"product_brand":[],"product_cat":[22],"product_tag":[211],"class_list":{"0":"post-859","1":"product","2":"type-product","3":"status-publish","4":"has-post-thumbnail","6":"product_cat-skincare","7":"product_tag-good-molecules-serum-correcteur","9":"first","10":"outofstock","11":"shipping-taxable","12":"purchasable","13":"product-type-simple"},"jetpack_sharing_enabled":true,"_links":{"self":[{"href":"https:\/\/olympiaboutique.com\/en\/wp-json\/wp\/v2\/product\/859","targetHints":{"allow":["GET"]}}],"collection":[{"href":"https:\/\/olympiaboutique.com\/en\/wp-json\/wp\/v2\/product"}],"about":[{"href":"https:\/\/olympiaboutique.com\/en\/wp-json\/wp\/v2\/types\/product"}],"replies":[{"embeddable":true,"href":"https:\/\/olympiaboutique.com\/en\/wp-json\/wp\/v2\/comments?post=859"}],"wp:featuredmedia":[{"embeddable":true,"href":"https:\/\/olympiaboutique.com\/en\/wp-json\/wp\/v2\/media\/1518"}],"wp:attachment":[{"href":"https:\/\/olympiaboutique.com\/en\/wp-json\/wp\/v2\/media?parent=859"}],"wp:term":[{"taxonomy":"product_brand","embeddable":true,"href":"https:\/\/olympiaboutique.com\/en\/wp-json\/wp\/v2\/product_brand?post=859"},{"taxonomy":"product_cat","embeddable":true,"href":"https:\/\/olympiaboutique.com\/en\/wp-json\/wp\/v2\/product_cat?post=859"},{"taxonomy":"product_tag","embeddable":true,"href":"https:\/\/olympiaboutique.com\/en\/wp-json\/wp\/v2\/product_tag?post=859"}],"curies":[{"name":"wp","href":"https:\/\/api.w.org\/{rel}","templated":true}]}}