{"id":858,"date":"2023-10-18T14:34:26","date_gmt":"2023-10-18T14:34:26","guid":{"rendered":"https:\/\/olympiaboutique.com\/?post_type=product&#038;p=858"},"modified":"2025-12-01T04:17:31","modified_gmt":"2025-12-01T04:17:31","slug":"the-ordinary-solution-tonifiante-a-lacide-glycolique-7-lotion-exfoliante","status":"publish","type":"product","link":"https:\/\/olympiaboutique.com\/en\/product\/the-ordinary-solution-tonifiante-a-lacide-glycolique-7-lotion-exfoliante\/","title":{"rendered":"THE ORDINARY Solution Tonifiante \u00e0 l&#8217;Acide Glycolique 7% &#8211; Lotion Exfoliante 236 ml"},"content":{"rendered":"<p>Ce produit contient un d\u00e9riv\u00e9 de baie poivr\u00e9e de Tasmanie pour r\u00e9duire l\u2019irritation souvent associ\u00e9e \u00e0 l\u2019utilisation d\u2019acides de fruits. Ce d\u00e9riv\u00e9 est d\u2019origine v\u00e9g\u00e9tale et sa couleur varie selon la saison. Cette variation de couleur peut \u00eatre apparente dans la formule de temps \u00e0 autre.<\/p>","protected":false},"excerpt":{"rendered":"<p>L\u2019Acide Glycolique est un Acide Alpha-Hydroxyl\u00e9 (AHA) qui exfolie la peau. Cette solution tonifiante Vegan concentr\u00e9e \u00e0 7% offre une exfoliation l\u00e9g\u00e8re pour am\u00e9liorer l\u2019\u00e9clat et la clart\u00e9 du teint. Cette formule am\u00e9liore \u00e9galement la texture de la peau sur le long terme.<\/p>","protected":false},"featured_media":1519,"comment_status":"open","ping_status":"closed","template":"","meta":{"_joinchat":[]},"product_brand":[],"product_cat":[22],"product_tag":[210],"class_list":{"0":"post-858","1":"product","2":"type-product","3":"status-publish","4":"has-post-thumbnail","6":"product_cat-skincare","7":"product_tag-the-ordinary-acide-glycolique","9":"first","10":"outofstock","11":"shipping-taxable","12":"purchasable","13":"product-type-simple"},"jetpack_sharing_enabled":true,"_links":{"self":[{"href":"https:\/\/olympiaboutique.com\/en\/wp-json\/wp\/v2\/product\/858","targetHints":{"allow":["GET"]}}],"collection":[{"href":"https:\/\/olympiaboutique.com\/en\/wp-json\/wp\/v2\/product"}],"about":[{"href":"https:\/\/olympiaboutique.com\/en\/wp-json\/wp\/v2\/types\/product"}],"replies":[{"embeddable":true,"href":"https:\/\/olympiaboutique.com\/en\/wp-json\/wp\/v2\/comments?post=858"}],"wp:featuredmedia":[{"embeddable":true,"href":"https:\/\/olympiaboutique.com\/en\/wp-json\/wp\/v2\/media\/1519"}],"wp:attachment":[{"href":"https:\/\/olympiaboutique.com\/en\/wp-json\/wp\/v2\/media?parent=858"}],"wp:term":[{"taxonomy":"product_brand","embeddable":true,"href":"https:\/\/olympiaboutique.com\/en\/wp-json\/wp\/v2\/product_brand?post=858"},{"taxonomy":"product_cat","embeddable":true,"href":"https:\/\/olympiaboutique.com\/en\/wp-json\/wp\/v2\/product_cat?post=858"},{"taxonomy":"product_tag","embeddable":true,"href":"https:\/\/olympiaboutique.com\/en\/wp-json\/wp\/v2\/product_tag?post=858"}],"curies":[{"name":"wp","href":"https:\/\/api.w.org\/{rel}","templated":true}]}}