{"id":856,"date":"2023-10-18T14:03:12","date_gmt":"2023-10-18T14:03:12","guid":{"rendered":"https:\/\/olympiaboutique.com\/?post_type=product&#038;p=856"},"modified":"2025-12-01T04:17:31","modified_gmt":"2025-12-01T04:17:31","slug":"the-ordinary-aha-30-bha-2-peeling-solution-gommage-et-exfoliant-visage","status":"publish","type":"product","link":"https:\/\/olympiaboutique.com\/en\/product\/the-ordinary-aha-30-bha-2-peeling-solution-gommage-et-exfoliant-visage\/","title":{"rendered":"THE ORDINARY AHA 30% + BHA 2% PEELING SOLUTION &#8211; Gommage et exfoliant visage 30 ml"},"content":{"rendered":"<p>AHA 30% + BHA 2% Peeling Solution exfolie plusieurs couches de la peau pour une apparence plus lumineuse et plus uniforme. Gr\u00e2ce aux acides alpha-hydroxyl\u00e9s (AHA), aux acides b\u00eata-hydroxyl\u00e9s (BHA) et \u00e0 un d\u00e9riv\u00e9 de poivre de Tasmanie \u00e9tudi\u00e9, qui r\u00e9duit l\u2019irritation pouvant \u00eatre associ\u00e9e \u00e0 l\u2019utilisation d\u2019acide, ce peeling \u00e0 domicile aide \u00e0 uniformiser la texture de la peau, \u00e0 \u00e9liminer la congestion des pores et \u00e0 am\u00e9liorer la pigmentation in\u00e9gale. La formule est en outre soutenue par une forme polym\u00e8re crois\u00e9e d\u2019acide hyaluronique pour le confort, de provitamine B5 pour l\u2019hydratation et de carotte noire pour une protection suppl\u00e9mentaire.<\/p>","protected":false},"excerpt":{"rendered":"<p>AHA 30% + BHA 2% Peeling Solution exfolie plusieurs couches de la peau pour une apparence plus lumineuse et plus&#8230;<\/p>","protected":false},"featured_media":1521,"comment_status":"open","ping_status":"closed","template":"","meta":{"_joinchat":[]},"product_brand":[],"product_cat":[22],"product_tag":[208],"class_list":{"0":"post-856","1":"product","2":"type-product","3":"status-publish","4":"has-post-thumbnail","6":"product_cat-skincare","7":"product_tag-the-ordinary-aha","9":"first","10":"outofstock","11":"shipping-taxable","12":"purchasable","13":"product-type-simple"},"jetpack_sharing_enabled":true,"_links":{"self":[{"href":"https:\/\/olympiaboutique.com\/en\/wp-json\/wp\/v2\/product\/856","targetHints":{"allow":["GET"]}}],"collection":[{"href":"https:\/\/olympiaboutique.com\/en\/wp-json\/wp\/v2\/product"}],"about":[{"href":"https:\/\/olympiaboutique.com\/en\/wp-json\/wp\/v2\/types\/product"}],"replies":[{"embeddable":true,"href":"https:\/\/olympiaboutique.com\/en\/wp-json\/wp\/v2\/comments?post=856"}],"wp:featuredmedia":[{"embeddable":true,"href":"https:\/\/olympiaboutique.com\/en\/wp-json\/wp\/v2\/media\/1521"}],"wp:attachment":[{"href":"https:\/\/olympiaboutique.com\/en\/wp-json\/wp\/v2\/media?parent=856"}],"wp:term":[{"taxonomy":"product_brand","embeddable":true,"href":"https:\/\/olympiaboutique.com\/en\/wp-json\/wp\/v2\/product_brand?post=856"},{"taxonomy":"product_cat","embeddable":true,"href":"https:\/\/olympiaboutique.com\/en\/wp-json\/wp\/v2\/product_cat?post=856"},{"taxonomy":"product_tag","embeddable":true,"href":"https:\/\/olympiaboutique.com\/en\/wp-json\/wp\/v2\/product_tag?post=856"}],"curies":[{"name":"wp","href":"https:\/\/api.w.org\/{rel}","templated":true}]}}