{"id":855,"date":"2023-10-18T13:58:42","date_gmt":"2023-10-18T13:58:42","guid":{"rendered":"https:\/\/olympiaboutique.com\/?post_type=product&#038;p=855"},"modified":"2025-12-01T04:17:31","modified_gmt":"2025-12-01T04:17:31","slug":"black-girl-sunscreen-creme-solaire-spf-30","status":"publish","type":"product","link":"https:\/\/olympiaboutique.com\/en\/product\/black-girl-sunscreen-creme-solaire-spf-30\/","title":{"rendered":"Black Girl Sunscreen &#8211; Cr\u00e8me Solaire SPF 30, 89 ml"},"content":{"rendered":"<p><b>Nous nous soucions de votre peau, la cr\u00e8me solaire Black Girl est infus\u00e9e d\u2019ingr\u00e9dients naturels\u00a0:<\/b><\/p>\n<p>\u00catre sans oxybenzone ni octinoxate signifie que vous n\u2019aurez pas \u00e0 vous soucier des substances toxiques qui perturbent vos hormones et que votre cr\u00e8me solaire est respectueuse de l\u2019environnement.<\/p>\n<p><b>L\u2019avocat\u00a0<\/b>hydrate, r\u00e9duit les signes du vieillissement et traite les coups de soleil.\u00a0Contenant de la vitamine E et des antioxydants, c\u2019est ce qui fait de l\u2019avocat l\u2019une des tendances les plus en vogue dans l\u2019industrie des soins naturels de la peau.\u00a0Non seulement utiliser de l\u2019huile d\u2019avocat, mais en manger chaque semaine peut \u00eatre tr\u00e8s b\u00e9n\u00e9fique et n\u00e9cessaire pour votre peau.<\/p>\n<p><b>Le jojoba\u00a0<\/b>apaise et hydrate la peau en la laissant impeccable tout en pr\u00e9venant l\u2019acn\u00e9.\u00a0L\u2019hydratation de votre peau est cruciale pour la sant\u00e9 de la peau et pr\u00e9vient les rides et ridules.<\/p>\n<p><b>Le cacao\u00a0<\/b>fournit de puissants antioxydants et unifie le teint de votre peau pour un teint lisse et uniforme.<\/p>\n<p><b>Le jus de carotte\u00a0<\/b>contient de la vitamine C qui lui permet de favoriser la cicatrisation et m\u00eame d\u2019augmenter le niveau de m\u00e9lanine de la peau.\u00a0Le jus de carotte est \u00e9galement connu pour att\u00e9nuer les pouss\u00e9es d\u2019acn\u00e9.<\/p>\n<p><b>L\u2019huile de fleur <\/b>de soleil pr\u00e9vient l\u2019irritation de la peau caus\u00e9e par les coups de soleil et autres irritants cutan\u00e9s. Cette huile riche en nutriments soulage \u00e9galement l\u2019inflammation.<\/p>","protected":false},"excerpt":{"rendered":"<p>Une cr\u00e8me solaire con\u00e7ue par des femmes de couleur pour des personnes de couleur, parce que nous attrapons aussi des coups de soleil. Cette cr\u00e8me solaire pour un usage quotidien, remplie d\u2019ingr\u00e9dients naturels, qui prot\u00e9gera votre peau du soleil et servira \u00e9galement de lotion hydratante. La cr\u00e8me solaire Black Girl est compl\u00e8tement transparente lorsqu\u2019elle s\u00e8che, elle est donc parfaite \u00e0 utiliser avant toute activit\u00e9 ext\u00e9rieure ou m\u00eame sous vos produits de maquillage pr\u00e9f\u00e9r\u00e9s.<\/p>","protected":false},"featured_media":1435,"comment_status":"open","ping_status":"closed","template":"","meta":{"_joinchat":[]},"product_brand":[],"product_cat":[22],"product_tag":[207],"class_list":{"0":"post-855","1":"product","2":"type-product","3":"status-publish","4":"has-post-thumbnail","6":"product_cat-skincare","7":"product_tag-black-girls-creme-solaire","9":"first","10":"outofstock","11":"shipping-taxable","12":"purchasable","13":"product-type-simple"},"jetpack_sharing_enabled":true,"_links":{"self":[{"href":"https:\/\/olympiaboutique.com\/en\/wp-json\/wp\/v2\/product\/855","targetHints":{"allow":["GET"]}}],"collection":[{"href":"https:\/\/olympiaboutique.com\/en\/wp-json\/wp\/v2\/product"}],"about":[{"href":"https:\/\/olympiaboutique.com\/en\/wp-json\/wp\/v2\/types\/product"}],"replies":[{"embeddable":true,"href":"https:\/\/olympiaboutique.com\/en\/wp-json\/wp\/v2\/comments?post=855"}],"wp:featuredmedia":[{"embeddable":true,"href":"https:\/\/olympiaboutique.com\/en\/wp-json\/wp\/v2\/media\/1435"}],"wp:attachment":[{"href":"https:\/\/olympiaboutique.com\/en\/wp-json\/wp\/v2\/media?parent=855"}],"wp:term":[{"taxonomy":"product_brand","embeddable":true,"href":"https:\/\/olympiaboutique.com\/en\/wp-json\/wp\/v2\/product_brand?post=855"},{"taxonomy":"product_cat","embeddable":true,"href":"https:\/\/olympiaboutique.com\/en\/wp-json\/wp\/v2\/product_cat?post=855"},{"taxonomy":"product_tag","embeddable":true,"href":"https:\/\/olympiaboutique.com\/en\/wp-json\/wp\/v2\/product_tag?post=855"}],"curies":[{"name":"wp","href":"https:\/\/api.w.org\/{rel}","templated":true}]}}