{"id":850,"date":"2023-10-18T13:13:32","date_gmt":"2023-10-18T13:13:32","guid":{"rendered":"https:\/\/olympiaboutique.com\/?post_type=product&#038;p=850"},"modified":"2026-03-10T22:27:53","modified_gmt":"2026-03-10T22:27:53","slug":"nature-made-prenatal-multi-dha-200-mg-90-gelules","status":"publish","type":"product","link":"https:\/\/olympiaboutique.com\/en\/product\/nature-made-prenatal-multi-dha-200-mg-90-gelules\/","title":{"rendered":"Nature made pr\u00e9natal multi + dha 200 mg 150 g\u00e9lules"},"content":{"rendered":"<p>Nature Made Prenatal Multi + DHA <b>est formul\u00e9 pour fournir les \u00e9l\u00e9ments essentiels dont les m\u00e8res et les b\u00e9b\u00e9s ont besoin<\/b>. L\u2019acide gras om\u00e9ga-3 essentiel DHA est directement transf\u00e9r\u00e9 de la m\u00e8re au f\u0153tus pendant la grossesse, et le DHA joue un r\u00f4le crucial dans le d\u00e9veloppement du cerveau et des yeux du f\u0153tus.<\/p>\n<ul>\n<li><span data-gp-tth-0=\"b8ca33b2f0238a961e52be45b3e4c6d6\">Nutriments cl\u00e9s pour les femmes enceintes et les femmes qui essaient de tomber enceintes<\/span><\/li>\n<li><span data-gp-tth-0=\"c23e3ee011db89dbf1559a5f980b7f96\">Une dose quotidienne de nutriments vitaux plus DHA<\/span><\/li>\n<li><span data-gp-tth-0=\"1f0229bdce0355c79c01ec3244e6d7f1\">Peut aider \u00e0 soutenir le d\u00e9veloppement du cerveau et des yeux du f\u0153tus<\/span><\/li>\n<li><span data-gp-tth-0=\"cb7a88e58b74df062c77b9a5922593be\">L\u2019acide folique dans une alimentation saine peut r\u00e9duire le risque d\u2019avoir un enfant avec une anomalie cong\u00e9nitale du cerveau ou de la moelle \u00e9pini\u00e8re<\/span><\/li>\n<li><span data-gp-tth-0=\"144a14a266c4f24f3b0f58afbc7b505c\">Soutient la production d\u2019\u00e9nergie cellulaire de la m\u00e8re, la sant\u00e9 des os et des syst\u00e8mes nerveux et immunitaire sains<\/span><\/li>\n<\/ul>","protected":false},"excerpt":{"rendered":"<p><strong>Bienfaits<\/strong><\/p>\n<ul>\n<li>Fournit une riche source de fer,<\/li>\n<li>Soutient l\u2019\u00e9nergie et le m\u00e9tabolisme cellulaires<\/li>\n<li>Soutient\u00a0le d\u00e9veloppement d\u2019un b\u00e9b\u00e9 en bonne sant\u00e9.<\/li>\n<li><span data-gp-tth-0=\"58ca3b2af0526edecdfcb1476f5106fb\"><strong>Utilisation sugg\u00e9r\u00e9e :<\/strong> Prendre une g\u00e9lule par jour, avec de la nourriture.<\/span><\/li>\n<\/ul>","protected":false},"featured_media":1063,"comment_status":"open","ping_status":"closed","template":"","meta":{"_joinchat":[]},"product_brand":[],"product_cat":[53,17],"product_tag":[204],"class_list":{"0":"post-850","1":"product","2":"type-product","3":"status-publish","4":"has-post-thumbnail","6":"product_cat-pharmaceutiques","7":"product_cat-vitamines","8":"product_tag-nature-made-prenatal","10":"first","11":"instock","12":"shipping-taxable","13":"purchasable","14":"product-type-simple"},"jetpack_sharing_enabled":true,"_links":{"self":[{"href":"https:\/\/olympiaboutique.com\/en\/wp-json\/wp\/v2\/product\/850","targetHints":{"allow":["GET"]}}],"collection":[{"href":"https:\/\/olympiaboutique.com\/en\/wp-json\/wp\/v2\/product"}],"about":[{"href":"https:\/\/olympiaboutique.com\/en\/wp-json\/wp\/v2\/types\/product"}],"replies":[{"embeddable":true,"href":"https:\/\/olympiaboutique.com\/en\/wp-json\/wp\/v2\/comments?post=850"}],"wp:featuredmedia":[{"embeddable":true,"href":"https:\/\/olympiaboutique.com\/en\/wp-json\/wp\/v2\/media\/1063"}],"wp:attachment":[{"href":"https:\/\/olympiaboutique.com\/en\/wp-json\/wp\/v2\/media?parent=850"}],"wp:term":[{"taxonomy":"product_brand","embeddable":true,"href":"https:\/\/olympiaboutique.com\/en\/wp-json\/wp\/v2\/product_brand?post=850"},{"taxonomy":"product_cat","embeddable":true,"href":"https:\/\/olympiaboutique.com\/en\/wp-json\/wp\/v2\/product_cat?post=850"},{"taxonomy":"product_tag","embeddable":true,"href":"https:\/\/olympiaboutique.com\/en\/wp-json\/wp\/v2\/product_tag?post=850"}],"curies":[{"name":"wp","href":"https:\/\/api.w.org\/{rel}","templated":true}]}}