{"id":849,"date":"2023-10-18T13:01:37","date_gmt":"2023-10-18T13:01:37","guid":{"rendered":"https:\/\/olympiaboutique.com\/?post_type=product&#038;p=849"},"modified":"2025-12-01T04:17:31","modified_gmt":"2025-12-01T04:17:31","slug":"medix-5-5-creme-a-la-vitamine-c-avec-curcuma-pour-le-visage-et-le-corps","status":"publish","type":"product","link":"https:\/\/olympiaboutique.com\/en\/product\/medix-5-5-creme-a-la-vitamine-c-avec-curcuma-pour-le-visage-et-le-corps\/","title":{"rendered":"Medix 5.5\u2122 Serum vitamine C avec curcuma pour le visage 52 ml"},"content":{"rendered":"<p><b>Medix 5.5<\/b>\u2122 favorise une peau lisse, ferme et d\u2019apparence saine en r\u00e9duisant l\u2019apparence des imperfections et en soutenant une barri\u00e8re cutan\u00e9e solide qui retient l\u2019humidit\u00e9 et emp\u00eache les polluants d\u2019entrer. Enrichi en <b>vitamine<\/b> E et en ginseng pour restaurer l\u2019\u00e9lasticit\u00e9 et am\u00e9liorer l\u2019apparence des taches brunes.<\/p>","protected":false},"excerpt":{"rendered":"<p id=\"title\" class=\"a-size-large a-spacing-none\"><span id=\"productTitle\" class=\"a-size-large product-title-word-break\">Cr\u00e8me raffermissante et \u00e9claircissante pour les taches de vieillesse, les taches sombres et la peau endommag\u00e9e par le soleil.<\/span><\/p>","protected":false},"featured_media":1442,"comment_status":"open","ping_status":"closed","template":"","meta":{"_joinchat":[]},"product_brand":[],"product_cat":[22],"product_tag":[203],"class_list":{"0":"post-849","1":"product","2":"type-product","3":"status-publish","4":"has-post-thumbnail","6":"product_cat-skincare","7":"product_tag-cream-medix-5-5-vitamin-5","9":"first","10":"outofstock","11":"shipping-taxable","12":"purchasable","13":"product-type-simple"},"jetpack_sharing_enabled":true,"_links":{"self":[{"href":"https:\/\/olympiaboutique.com\/en\/wp-json\/wp\/v2\/product\/849","targetHints":{"allow":["GET"]}}],"collection":[{"href":"https:\/\/olympiaboutique.com\/en\/wp-json\/wp\/v2\/product"}],"about":[{"href":"https:\/\/olympiaboutique.com\/en\/wp-json\/wp\/v2\/types\/product"}],"replies":[{"embeddable":true,"href":"https:\/\/olympiaboutique.com\/en\/wp-json\/wp\/v2\/comments?post=849"}],"wp:featuredmedia":[{"embeddable":true,"href":"https:\/\/olympiaboutique.com\/en\/wp-json\/wp\/v2\/media\/1442"}],"wp:attachment":[{"href":"https:\/\/olympiaboutique.com\/en\/wp-json\/wp\/v2\/media?parent=849"}],"wp:term":[{"taxonomy":"product_brand","embeddable":true,"href":"https:\/\/olympiaboutique.com\/en\/wp-json\/wp\/v2\/product_brand?post=849"},{"taxonomy":"product_cat","embeddable":true,"href":"https:\/\/olympiaboutique.com\/en\/wp-json\/wp\/v2\/product_cat?post=849"},{"taxonomy":"product_tag","embeddable":true,"href":"https:\/\/olympiaboutique.com\/en\/wp-json\/wp\/v2\/product_tag?post=849"}],"curies":[{"name":"wp","href":"https:\/\/api.w.org\/{rel}","templated":true}]}}