{"id":847,"date":"2023-10-18T12:39:52","date_gmt":"2023-10-18T12:39:52","guid":{"rendered":"https:\/\/olympiaboutique.com\/?post_type=product&#038;p=847"},"modified":"2025-12-04T15:02:57","modified_gmt":"2025-12-04T15:02:57","slug":"medix-5-5-serum-a-la-vitamine-c-avec-acide-glycolique-acide-ferulique-et-acide-lactique-52-ml","status":"publish","type":"product","link":"https:\/\/olympiaboutique.com\/en\/product\/medix-5-5-serum-a-la-vitamine-c-avec-acide-glycolique-acide-ferulique-et-acide-lactique-52-ml\/","title":{"rendered":"Medix 5.5 vitamin C +Turmeric cream, 444 ml"},"content":{"rendered":"<ul>\n<li><span dir=\"auto\">VITAMINE C \u2013 Int\u00e9grer une lotion corporelle enrichie en vitamine C \u00e0 votre routine de soins quotidienne peut contribuer \u00e0 un teint plus sain, \u00e9clatant et d&#8217;apparence plus jeune. La vitamine C favorise un teint uniforme et stimule la production de collag\u00e8ne pour am\u00e9liorer l&#8217;\u00e9lasticit\u00e9 et la fermet\u00e9 de la peau. Elle aide \u00e9galement \u00e0 att\u00e9nuer les rougeurs et les irritations, \u00e0 prot\u00e9ger la peau des agressions ext\u00e9rieures comme les rayons UV et \u00e0 r\u00e9duire l&#8217;apparence des ridules, des dommages caus\u00e9s par le soleil et des rides.<\/span><\/li>\n<li><span dir=\"auto\">INGR\u00c9DIENTS EFFICACES \u2013 La lotion corporelle \u00e9claircissante et raffermissante Medix 5.5 \u00e0 la vitamine C est formul\u00e9e avec une combinaison parfaite d&#8217;ingr\u00e9dients anti-\u00e2ge et \u00e9claircissants efficaces, dont le beurre de karit\u00e9, l&#8217;aloe vera, l&#8217;acide f\u00e9rulique, le curcuma, la vitamine E, la glyc\u00e9rine, le gingembre et bien plus encore. Le beurre de karit\u00e9 hydrate la peau en profondeur, am\u00e9liore son \u00e9lasticit\u00e9 et forme une barri\u00e8re protectrice pour pr\u00e9venir la d\u00e9shydratation. La vitamine E aide \u00e0 prot\u00e9ger la peau contre les radicaux libres et les dommages caus\u00e9s par les UV. L&#8217;aloe vera apaise et hydrate la peau.<\/span><\/li>\n<li><span dir=\"auto\">PEAU \u00c9CLATANTE \u2013 Cette cr\u00e8me corporelle Medix 5.5 \u00e0 la vitamine C et au curcuma contribue \u00e0 att\u00e9nuer les signes de l&#8217;\u00e2ge et \u00e0 unifier le teint. La vitamine C favorise un teint uniforme et stimule la production de s\u00e9bum pour une peau plus \u00e9lastique et plus ferme. La lotion \u00e9claircissante avanc\u00e9e pour le corps et le visage \u00e0 la vitamine C estompe les taches pigmentaires, les taches de vieillesse, les taches de rousseur, les dommages caus\u00e9s par le soleil, le grain de peau irr\u00e9gulier, l&#8217;hyperpigmentation et les cicatrices d&#8217;acn\u00e9.<\/span><\/li>\n<li><span dir=\"auto\">S\u00dbR POUR LES PEAUX SENSIBLES \u2013 Cette formule non grasse \u00e0 la vitamine C et au curcuma p\u00e9n\u00e8tre facilement et est suffisamment riche pour hydrater le corps durablement, tout en \u00e9tant assez douce pour \u00eatre utilis\u00e9e quotidiennement comme soin hydratant pour le visage. Formul\u00e9e pour convenir \u00e0 tous les types de peau, m\u00eame les peaux grasses et sensibles. Hydratez, illuminez et nourrissez les peaux ternes et fatigu\u00e9es avec la lotion hydratante visage et corps Medix 5.5 \u00e0 la vitamine C et au curcuma pour une peau plus lisse, plus ferme et plus \u00e9clatante.<\/span><\/li>\n<\/ul>","protected":false},"excerpt":{"rendered":"<p>La cr\u00e8me Medix 5.5 Vitamin C est la combinaison parfaite d\u2019ingr\u00e9dients anti-\u00e2ge et d\u2019antioxydants naturels. La lotion \u00e0 la vitamine C aide \u00e0 favoriser un teint uniforme. L\u2019acide f\u00e9rulique naturel est un puissant antioxydant qui cible les peaux endommag\u00e9es par le soleil.<\/p>\n<p>Le curcuma antioxydant favorise une peau ferme et d\u2019apparence jeune tout en aidant \u00e0 hydrater et \u00e0 hydrater les peaux s\u00e8ches d\u00e9shydrat\u00e9es. Contient des hydratants revitalisants et repulpants pour la peau.<\/p>\n<p>Cette cr\u00e8me surdimensionn\u00e9e de 15 oz avec de la vitamine C peut \u00eatre utilis\u00e9e pour am\u00e9liorer l\u2019apparence de votre peau sur votre visage, autour de vos yeux, de votre cou, de votre collet, de vos mains et de votre corps. Sans danger pour tous les types de peau, y compris les peaux grasses et sensibles.<\/p>","protected":false},"featured_media":3514,"comment_status":"open","ping_status":"closed","template":"","meta":{"_joinchat":[]},"product_brand":[],"product_cat":[22],"product_tag":[300,201],"class_list":{"0":"post-847","1":"product","2":"type-product","3":"status-publish","4":"has-post-thumbnail","6":"product_cat-skincare","7":"product_tag-medix","8":"product_tag-medix-serum-vitamin-c-et-ferulic-acid","10":"first","11":"instock","12":"shipping-taxable","13":"purchasable","14":"product-type-simple"},"jetpack_sharing_enabled":true,"_links":{"self":[{"href":"https:\/\/olympiaboutique.com\/en\/wp-json\/wp\/v2\/product\/847","targetHints":{"allow":["GET"]}}],"collection":[{"href":"https:\/\/olympiaboutique.com\/en\/wp-json\/wp\/v2\/product"}],"about":[{"href":"https:\/\/olympiaboutique.com\/en\/wp-json\/wp\/v2\/types\/product"}],"replies":[{"embeddable":true,"href":"https:\/\/olympiaboutique.com\/en\/wp-json\/wp\/v2\/comments?post=847"}],"wp:featuredmedia":[{"embeddable":true,"href":"https:\/\/olympiaboutique.com\/en\/wp-json\/wp\/v2\/media\/3514"}],"wp:attachment":[{"href":"https:\/\/olympiaboutique.com\/en\/wp-json\/wp\/v2\/media?parent=847"}],"wp:term":[{"taxonomy":"product_brand","embeddable":true,"href":"https:\/\/olympiaboutique.com\/en\/wp-json\/wp\/v2\/product_brand?post=847"},{"taxonomy":"product_cat","embeddable":true,"href":"https:\/\/olympiaboutique.com\/en\/wp-json\/wp\/v2\/product_cat?post=847"},{"taxonomy":"product_tag","embeddable":true,"href":"https:\/\/olympiaboutique.com\/en\/wp-json\/wp\/v2\/product_tag?post=847"}],"curies":[{"name":"wp","href":"https:\/\/api.w.org\/{rel}","templated":true}]}}