{"id":846,"date":"2023-10-18T12:27:23","date_gmt":"2023-10-18T12:27:23","guid":{"rendered":"https:\/\/olympiaboutique.com\/?post_type=product&#038;p=846"},"modified":"2025-12-01T04:17:31","modified_gmt":"2025-12-01T04:17:31","slug":"lip-sleeping-mask-masque-de-nuit-pour-les-levres","status":"publish","type":"product","link":"https:\/\/olympiaboutique.com\/en\/product\/lip-sleeping-mask-masque-de-nuit-pour-les-levres\/","title":{"rendered":"Laneige Lip sleeping mask &#8211; Masque de nuit pour les l\u00e8vres &#8211; 20g"},"content":{"rendered":"<p>On ne pr\u00e9sente plus le Lip Sleeping Mask, ou masque de nuit nourrissant pour les l\u00e8vres : c\u2019est LE Masque de Nuit de LANEIGE qui adoucit, lisse et nourrit intens\u00e9ment vos l\u00e8vres, pour des l\u00e8vres plus douces au r\u00e9veil.<\/p>\n<p>Des antioxydants qui \u00e9liminent les cellules mortes des l\u00e8vres pendant la nuit, les laissant douces et nourries. La Vitamine C aide \u00e0 prot\u00e9ger la peau des l\u00e8vres et \u00e0 booster celle-ci, tandis que l\u2019huile de noix de coco nourrit et adoucit celles-ci, pour une hydratation longue-dur\u00e9e<\/p>","protected":false},"excerpt":{"rendered":"<p>Des l\u00e8vres nourries et toutes douces ! Elles sont prot\u00e9g\u00e9es des agressions ext\u00e9rieures et hydrat\u00e9es pour toute la journ\u00e9e.<br \/>\nApr\u00e8s 8h d\u2019hydratation :<br \/>\nAugmente l\u2019hydratation de 63%Am\u00e9liore la fermet\u00e9 de 23%<\/p>","protected":false},"featured_media":936,"comment_status":"open","ping_status":"closed","template":"","meta":{"_joinchat":[]},"product_brand":[],"product_cat":[22],"product_tag":[200],"class_list":{"0":"post-846","1":"product","2":"type-product","3":"status-publish","4":"has-post-thumbnail","6":"product_cat-skincare","7":"product_tag-laneige","9":"first","10":"outofstock","11":"shipping-taxable","12":"purchasable","13":"product-type-simple"},"jetpack_sharing_enabled":true,"_links":{"self":[{"href":"https:\/\/olympiaboutique.com\/en\/wp-json\/wp\/v2\/product\/846","targetHints":{"allow":["GET"]}}],"collection":[{"href":"https:\/\/olympiaboutique.com\/en\/wp-json\/wp\/v2\/product"}],"about":[{"href":"https:\/\/olympiaboutique.com\/en\/wp-json\/wp\/v2\/types\/product"}],"replies":[{"embeddable":true,"href":"https:\/\/olympiaboutique.com\/en\/wp-json\/wp\/v2\/comments?post=846"}],"wp:featuredmedia":[{"embeddable":true,"href":"https:\/\/olympiaboutique.com\/en\/wp-json\/wp\/v2\/media\/936"}],"wp:attachment":[{"href":"https:\/\/olympiaboutique.com\/en\/wp-json\/wp\/v2\/media?parent=846"}],"wp:term":[{"taxonomy":"product_brand","embeddable":true,"href":"https:\/\/olympiaboutique.com\/en\/wp-json\/wp\/v2\/product_brand?post=846"},{"taxonomy":"product_cat","embeddable":true,"href":"https:\/\/olympiaboutique.com\/en\/wp-json\/wp\/v2\/product_cat?post=846"},{"taxonomy":"product_tag","embeddable":true,"href":"https:\/\/olympiaboutique.com\/en\/wp-json\/wp\/v2\/product_tag?post=846"}],"curies":[{"name":"wp","href":"https:\/\/api.w.org\/{rel}","templated":true}]}}