{"id":828,"date":"2023-10-18T11:46:23","date_gmt":"2023-10-18T11:46:23","guid":{"rendered":"https:\/\/olympiaboutique.com\/?post_type=product&#038;p=828"},"modified":"2025-12-01T04:17:31","modified_gmt":"2025-12-01T04:17:31","slug":"cosrx-advanced-snail-92-creme-tout-en-un-353-oz-100-g-secretion-hydratante-de-mucine-descargot-filtree-a-92-creme-hydratante-pour-le-visage-hydratation-longue-duree-100-g","status":"publish","type":"product","link":"https:\/\/olympiaboutique.com\/en\/product\/cosrx-advanced-snail-92-creme-tout-en-un-353-oz-100-g-secretion-hydratante-de-mucine-descargot-filtree-a-92-creme-hydratante-pour-le-visage-hydratation-longue-duree-100-g\/","title":{"rendered":"COSRX Advanced Snail 92 Cr\u00e8me tout-en-un, 100 g | S\u00e9cr\u00e9tion hydratante de mucine d&#8217;escargot filtr\u00e9e \u00e0 92 % | Cr\u00e8me hydratante pour le visage, hydratation longue dur\u00e9e, 100 g"},"content":{"rendered":"<ul class=\"a-unordered-list a-vertical a-spacing-mini\">\n<li class=\"a-spacing-mini\"><span class=\"a-list-item\">Hydratation longue dur\u00e9e : Infus\u00e9e avec 92 % de mucine d\u2019escargot (\u00e9galement appel\u00e9e filtrat de s\u00e9cr\u00e9tion d\u2019escargot), cette cr\u00e8me cr\u00e9e une barri\u00e8re hydratante pour repulper, hydrater et apaiser la peau. Cette cr\u00e8me multi-solutions quotidienne glisse sur la peau et ravive l\u2019\u00e9clat de la peau.<\/span><\/li>\n<li class=\"a-spacing-mini\"><span class=\"a-list-item\">Hydratant r\u00e9parateur super charg\u00e9 : Une cr\u00e8me-gel l\u00e9g\u00e8re qui r\u00e9pare et apaise la peau irrit\u00e9e et sensibilis\u00e9e apr\u00e8s des \u00e9ruptions cutan\u00e9es comme la rosac\u00e9e. Cette cr\u00e8me hydratante contient de la mucine d\u2019escargot, de l\u2019acide hyaluronique et de la b\u00e9ta\u00efne qui renforcent la barri\u00e8re cutan\u00e9e tout en r\u00e9g\u00e9n\u00e9rant l\u2019hydratation<\/span><\/li>\n<\/ul>","protected":false},"excerpt":{"rendered":"<p>Enrichie de 92 % de filtrat de s\u00e9cr\u00e9tions d\u2019escargot, l\u2019un des plus anciens secrets de beaut\u00e9 cor\u00e9ens, cette cr\u00e8me \u00e0 la texture gel\u00e9e et \u00e0 absorption rapide revitalise et r\u00e9g\u00e9n\u00e8re les peaux d\u00e9shydrat\u00e9e et ab\u00eem\u00e9es. Il aide \u00e9galement \u00e0 minimiser l\u2019apparence des ridules et des rides afin de vous offrir un teint plus lisse et d\u2019apparence plus jeune.<\/p>","protected":false},"featured_media":968,"comment_status":"open","ping_status":"closed","template":"","meta":{"_joinchat":[]},"product_brand":[],"product_cat":[22],"product_tag":[198],"class_list":{"0":"post-828","1":"product","2":"type-product","3":"status-publish","4":"has-post-thumbnail","6":"product_cat-skincare","7":"product_tag-cosrx-advanced-snail","9":"first","10":"outofstock","11":"shipping-taxable","12":"purchasable","13":"product-type-simple"},"jetpack_sharing_enabled":true,"_links":{"self":[{"href":"https:\/\/olympiaboutique.com\/en\/wp-json\/wp\/v2\/product\/828","targetHints":{"allow":["GET"]}}],"collection":[{"href":"https:\/\/olympiaboutique.com\/en\/wp-json\/wp\/v2\/product"}],"about":[{"href":"https:\/\/olympiaboutique.com\/en\/wp-json\/wp\/v2\/types\/product"}],"replies":[{"embeddable":true,"href":"https:\/\/olympiaboutique.com\/en\/wp-json\/wp\/v2\/comments?post=828"}],"wp:featuredmedia":[{"embeddable":true,"href":"https:\/\/olympiaboutique.com\/en\/wp-json\/wp\/v2\/media\/968"}],"wp:attachment":[{"href":"https:\/\/olympiaboutique.com\/en\/wp-json\/wp\/v2\/media?parent=828"}],"wp:term":[{"taxonomy":"product_brand","embeddable":true,"href":"https:\/\/olympiaboutique.com\/en\/wp-json\/wp\/v2\/product_brand?post=828"},{"taxonomy":"product_cat","embeddable":true,"href":"https:\/\/olympiaboutique.com\/en\/wp-json\/wp\/v2\/product_cat?post=828"},{"taxonomy":"product_tag","embeddable":true,"href":"https:\/\/olympiaboutique.com\/en\/wp-json\/wp\/v2\/product_tag?post=828"}],"curies":[{"name":"wp","href":"https:\/\/api.w.org\/{rel}","templated":true}]}}