{"id":827,"date":"2023-10-18T11:39:40","date_gmt":"2023-10-18T11:39:40","guid":{"rendered":"https:\/\/olympiaboutique.com\/?post_type=product&#038;p=827"},"modified":"2025-12-01T04:17:32","modified_gmt":"2025-12-01T04:17:32","slug":"cosrx-low-ph-good-morning-gel-cleanser-5-07-fl-oz-150ml","status":"publish","type":"product","link":"https:\/\/olympiaboutique.com\/en\/product\/cosrx-low-ph-good-morning-gel-cleanser-5-07-fl-oz-150ml\/","title":{"rendered":"COSRX Low pH Good Morning Gel Cleanser, 150ml"},"content":{"rendered":"<ul class=\"a-unordered-list a-vertical a-spacing-mini\">\n<li class=\"a-spacing-mini\"><span class=\"a-list-item\">Gel nettoyant Good Morning \u00e0 faible pH : Nettoyez quotidiennement avec ce gel nettoyant doux et efficace jour et nuit, \u00e9liminant les impuret\u00e9s tout en renfor\u00e7ant votre barri\u00e8re cutan\u00e9e.<\/span><\/li>\n<li class=\"a-spacing-mini\"><span class=\"a-list-item\">Nettoyer pour une journ\u00e9e lumineuse et une nuit soyeuse : Tout en affinant la texture de la peau, le nettoyant aidera \u00e0 nettoyer sans d\u00e9caper. Id\u00e9al pour tous les types de peau, r\u00e9veillez-vous avec une peau d\u2019apparence plus ferme tout en la laissant reposer propre pendant la nuit.<\/span><\/li>\n<\/ul>","protected":false},"excerpt":{"rendered":"<p id=\"title\" class=\"a-size-large a-spacing-none\"><span id=\"productTitle\" class=\"a-size-large product-title-word-break\">Nettoyant doux quotidien pour le visage pour les peaux sensibles avec BHA et huile d\u2019arbre \u00e0 th\u00e9, PH \u00e9quilibrant, anti-\u00e9ruptions cutan\u00e9es, sans parab\u00e8nes, sans sulfates, soins de la peau cor\u00e9ens<\/span><\/p>","protected":false},"featured_media":1082,"comment_status":"open","ping_status":"closed","template":"","meta":{"_joinchat":[]},"product_brand":[],"product_cat":[22],"product_tag":[197],"class_list":{"0":"post-827","1":"product","2":"type-product","3":"status-publish","4":"has-post-thumbnail","6":"product_cat-skincare","7":"product_tag-gel-nettoyant-cosrx","9":"first","10":"outofstock","11":"shipping-taxable","12":"purchasable","13":"product-type-simple"},"jetpack_sharing_enabled":true,"_links":{"self":[{"href":"https:\/\/olympiaboutique.com\/en\/wp-json\/wp\/v2\/product\/827","targetHints":{"allow":["GET"]}}],"collection":[{"href":"https:\/\/olympiaboutique.com\/en\/wp-json\/wp\/v2\/product"}],"about":[{"href":"https:\/\/olympiaboutique.com\/en\/wp-json\/wp\/v2\/types\/product"}],"replies":[{"embeddable":true,"href":"https:\/\/olympiaboutique.com\/en\/wp-json\/wp\/v2\/comments?post=827"}],"wp:featuredmedia":[{"embeddable":true,"href":"https:\/\/olympiaboutique.com\/en\/wp-json\/wp\/v2\/media\/1082"}],"wp:attachment":[{"href":"https:\/\/olympiaboutique.com\/en\/wp-json\/wp\/v2\/media?parent=827"}],"wp:term":[{"taxonomy":"product_brand","embeddable":true,"href":"https:\/\/olympiaboutique.com\/en\/wp-json\/wp\/v2\/product_brand?post=827"},{"taxonomy":"product_cat","embeddable":true,"href":"https:\/\/olympiaboutique.com\/en\/wp-json\/wp\/v2\/product_cat?post=827"},{"taxonomy":"product_tag","embeddable":true,"href":"https:\/\/olympiaboutique.com\/en\/wp-json\/wp\/v2\/product_tag?post=827"}],"curies":[{"name":"wp","href":"https:\/\/api.w.org\/{rel}","templated":true}]}}