{"id":824,"date":"2023-10-18T11:10:32","date_gmt":"2023-10-18T11:10:32","guid":{"rendered":"https:\/\/olympiaboutique.com\/?post_type=product&#038;p=824"},"modified":"2025-12-01T04:17:32","modified_gmt":"2025-12-01T04:17:32","slug":"la-verite-de-la-nature-ultra-collagene-en-poudre-11-oz","status":"publish","type":"product","link":"https:\/\/olympiaboutique.com\/en\/product\/la-verite-de-la-nature-ultra-collagene-en-poudre-11-oz\/","title":{"rendered":"Nature&#8217;s Truth Ultra Collag\u00e8ne en Poudre &#8211; 312g"},"content":{"rendered":"<p>Cette poudre non aromatis\u00e9e se m\u00e9lange facilement aux liquides et apporte 20 grammes de collag\u00e8ne de type 1 et 3 par dose quotidienne. Pr\u00e9sent dans les muscles, les os, la peau et les tendons, le collag\u00e8ne est l\u2019une des prot\u00e9ines les plus abondantes de notre corps. Le collag\u00e8ne de type 1 et 3 est le collag\u00e8ne le plus abondant trouv\u00e9 dans le corps humain\u00a0; La capacit\u00e9 de produire du collag\u00e8ne, cependant, peut naturellement diminuer avec l\u2019\u00e2ge. Construit sur une base de v\u00e9rit\u00e9, Nature\u2019s Truth utilise les meilleurs ingr\u00e9dients afin que vous puissiez profiter d\u2019une exp\u00e9rience de bien-\u00eatre honn\u00eatement propre. Notre poudre d\u2019Ultra Collag\u00e8ne fournit la nutrition de haute qualit\u00e9 que vous m\u00e9ritez et est sans OGM0 et sans gluten. Il ne contient pas de bl\u00e9, de levure, de lait, de lactose, de soja ou de colorants artificiels, d\u2019ar\u00f4mes artificiels, d\u2019\u00e9dulcorants artificiels ou de conservateurs.<\/p>","protected":false},"excerpt":{"rendered":"<p><strong>Bienfaits<\/strong><\/p>\n<ul>\n<li>Aide \u00e0 apaiser les articulations<\/li>\n<li>Des cheveux et des ongles en bonne sant\u00e9<\/li>\n<li>Maintien l\u2019\u00e9lasticit\u00e9 et la fermet\u00e9 de la peau<\/li>\n<li>Favorise la bonne sant\u00e9 des os<\/li>\n<\/ul>\n<p><span class=\"d9FyLd\"><strong>Conseil d\u2019utilisation<\/strong>\u00a0:<\/span><span class=\"hgKElc\">Pour les adultes, <b>m\u00e9langer une (1) cuill\u00e8re (environ 6,7 g) de poudre de collag\u00e8ne trois fois par jour (20 g de collag\u00e8ne, 18 g de prot\u00e9ines) avec 6 \u00e0 8 onces de liquide froid ou chaud<\/b>. Remuer vigoureusement pour de meilleurs r\u00e9sultats.<\/span><\/p>","protected":false},"featured_media":1385,"comment_status":"open","ping_status":"closed","template":"","meta":{"_joinchat":[]},"product_brand":[],"product_cat":[17],"product_tag":[194],"class_list":{"0":"post-824","1":"product","2":"type-product","3":"status-publish","4":"has-post-thumbnail","6":"product_cat-vitamines","7":"product_tag-nature-truth-poudre-collagene-ultra-fort","9":"first","10":"instock","11":"shipping-taxable","12":"purchasable","13":"product-type-simple"},"jetpack_sharing_enabled":true,"_links":{"self":[{"href":"https:\/\/olympiaboutique.com\/en\/wp-json\/wp\/v2\/product\/824","targetHints":{"allow":["GET"]}}],"collection":[{"href":"https:\/\/olympiaboutique.com\/en\/wp-json\/wp\/v2\/product"}],"about":[{"href":"https:\/\/olympiaboutique.com\/en\/wp-json\/wp\/v2\/types\/product"}],"replies":[{"embeddable":true,"href":"https:\/\/olympiaboutique.com\/en\/wp-json\/wp\/v2\/comments?post=824"}],"wp:featuredmedia":[{"embeddable":true,"href":"https:\/\/olympiaboutique.com\/en\/wp-json\/wp\/v2\/media\/1385"}],"wp:attachment":[{"href":"https:\/\/olympiaboutique.com\/en\/wp-json\/wp\/v2\/media?parent=824"}],"wp:term":[{"taxonomy":"product_brand","embeddable":true,"href":"https:\/\/olympiaboutique.com\/en\/wp-json\/wp\/v2\/product_brand?post=824"},{"taxonomy":"product_cat","embeddable":true,"href":"https:\/\/olympiaboutique.com\/en\/wp-json\/wp\/v2\/product_cat?post=824"},{"taxonomy":"product_tag","embeddable":true,"href":"https:\/\/olympiaboutique.com\/en\/wp-json\/wp\/v2\/product_tag?post=824"}],"curies":[{"name":"wp","href":"https:\/\/api.w.org\/{rel}","templated":true}]}}