{"id":821,"date":"2023-10-18T10:45:02","date_gmt":"2023-10-18T10:45:02","guid":{"rendered":"https:\/\/olympiaboutique.com\/?post_type=product&#038;p=821"},"modified":"2025-12-01T04:17:32","modified_gmt":"2025-12-01T04:17:32","slug":"serum-24k-gold-serum-acide-hyaluronique-anti-vieillissement-essence-pour-le-visage-hydratant-nourrissant-uniforme-peau-lifting-raffermissant-anti-rides-anti-age-30ml","status":"publish","type":"product","link":"https:\/\/olympiaboutique.com\/en\/product\/serum-24k-gold-serum-acide-hyaluronique-anti-vieillissement-essence-pour-le-visage-hydratant-nourrissant-uniforme-peau-lifting-raffermissant-anti-rides-anti-age-30ml\/","title":{"rendered":"AZURE S\u00e9rum anti-\u00e2ge pour les yeux  24K Gold &amp; Collagen 60 ml"},"content":{"rendered":"<ul class=\"a-unordered-list a-vertical a-spacing-mini\">\n<li class=\"a-spacing-mini\"><span class=\"a-list-item\">Lisse les rides et ridules, am\u00e9liore la texture de la peau, augmente l\u2019\u00e9lasticit\u00e9 de la peau et r\u00e9duit les signes du vieillissement. Il peut r\u00e9parer efficacement divers probl\u00e8mes de peau et am\u00e9liorer la capacit\u00e9 antioxydante de la peau.<\/span><\/li>\n<li class=\"a-spacing-mini\"><span class=\"a-list-item\">Hydratant : Nourrit la peau pour un teint plus lumineux et plus \u00e9clatant. Une fois la feuille d\u2019or compl\u00e8tement absorb\u00e9e, la peau est profond\u00e9ment hydrat\u00e9e. Les ingr\u00e9dients nourrissants et hydratants uniques peuvent am\u00e9liorer efficacement la peau s\u00e8che, rugueuse et terne, rendant la peau aussi douce que des perles.<\/span><\/li>\n<\/ul>","protected":false},"excerpt":{"rendered":"<ul class=\"a-unordered-list a-vertical a-spacing-mini\">\n<li class=\"a-spacing-mini\"><span class=\"a-list-item\">CONSEILS D\u2019UTILISATION : Apr\u00e8s le nettoyage, prendre 2-3 gouttes d\u2019une quantit\u00e9 appropri\u00e9e de liquide et l\u2019appliquer sur le visage, et masser doucement avec les mains jusqu\u2019\u00e0 absorption.<\/span><\/li>\n<li class=\"a-spacing-mini\"><span class=\"a-list-item\">ADAPT\u00c9 \u00c0 TOUS LES TYPES DE PEAU : Hydrate en profondeur les peaux s\u00e8ches et ternes, aide \u00e0 am\u00e9liorer le teint de la peau, adoucit la peau et la laisse douce et \u00e9clatante. Convient aux besoins anti-\u00e2ge des femmes de diff\u00e9rents \u00e2ges. Effet rafra\u00eechissant, permettant \u00e0 l\u2019essence d\u2019\u00eatre rapidement absorb\u00e9e par la peau.<\/span><\/li>\n<\/ul>","protected":false},"featured_media":1095,"comment_status":"open","ping_status":"closed","template":"","meta":{"_joinchat":[]},"product_brand":[],"product_cat":[22],"product_tag":[191],"class_list":{"0":"post-821","1":"product","2":"type-product","3":"status-publish","4":"has-post-thumbnail","6":"product_cat-skincare","7":"product_tag-serum-contour-des-yeux-24-gold","9":"first","10":"outofstock","11":"shipping-taxable","12":"purchasable","13":"product-type-simple"},"jetpack_sharing_enabled":true,"_links":{"self":[{"href":"https:\/\/olympiaboutique.com\/en\/wp-json\/wp\/v2\/product\/821","targetHints":{"allow":["GET"]}}],"collection":[{"href":"https:\/\/olympiaboutique.com\/en\/wp-json\/wp\/v2\/product"}],"about":[{"href":"https:\/\/olympiaboutique.com\/en\/wp-json\/wp\/v2\/types\/product"}],"replies":[{"embeddable":true,"href":"https:\/\/olympiaboutique.com\/en\/wp-json\/wp\/v2\/comments?post=821"}],"wp:featuredmedia":[{"embeddable":true,"href":"https:\/\/olympiaboutique.com\/en\/wp-json\/wp\/v2\/media\/1095"}],"wp:attachment":[{"href":"https:\/\/olympiaboutique.com\/en\/wp-json\/wp\/v2\/media?parent=821"}],"wp:term":[{"taxonomy":"product_brand","embeddable":true,"href":"https:\/\/olympiaboutique.com\/en\/wp-json\/wp\/v2\/product_brand?post=821"},{"taxonomy":"product_cat","embeddable":true,"href":"https:\/\/olympiaboutique.com\/en\/wp-json\/wp\/v2\/product_cat?post=821"},{"taxonomy":"product_tag","embeddable":true,"href":"https:\/\/olympiaboutique.com\/en\/wp-json\/wp\/v2\/product_tag?post=821"}],"curies":[{"name":"wp","href":"https:\/\/api.w.org\/{rel}","templated":true}]}}