{"id":797,"date":"2023-10-17T20:24:18","date_gmt":"2023-10-17T20:24:18","guid":{"rendered":"https:\/\/olympiaboutique.com\/?post_type=product&#038;p=797"},"modified":"2026-04-23T00:26:05","modified_gmt":"2026-04-23T00:26:05","slug":"pilules-blanchissantes-au-glutathion-eliminateur-de-taches-brunes-et-de-cicatrices-dacne-90000mg-fabrique-aux-etats-unis-pilules-de-blanchiment-de-la-peau-vegetaliennes-avec-effet-ant","status":"publish","type":"product","link":"https:\/\/olympiaboutique.com\/en\/product\/pilules-blanchissantes-au-glutathion-eliminateur-de-taches-brunes-et-de-cicatrices-dacne-90000mg-fabrique-aux-etats-unis-pilules-de-blanchiment-de-la-peau-vegetaliennes-avec-effet-ant\/","title":{"rendered":"Whitening Skin, Pilules blanchissantes au glutathion &#8211; \u00c9liminateur de taches brunes et de cicatrices d\u2019acn\u00e9 &#8211; 90000mg &#8211;  120 capsules"},"content":{"rendered":"<p>Pilules de blanchiment de la peau v\u00e9g\u00e9taliennes avec effet anti-\u00e2ge et antioxydant.<\/p>\n<ul class=\"a-unordered-list a-vertical a-spacing-mini\">\n<li class=\"a-spacing-mini\"><span class=\"a-list-item\">PEAU INCROYABLE &#8211; Les pilules vous aideront \u00e0 vous d\u00e9barrasser des taches brunes d\u00e9sagr\u00e9ables et des zones in\u00e9gales. Ce processus est s\u00fbr car il vient de l\u2019int\u00e9rieur vers l\u2019ext\u00e9rieur.<\/span><\/li>\n<li class=\"a-spacing-mini\"><span class=\"a-list-item\">FORCE DES ANTIOXYDANTS &#8211; Ces pilules de blanchiment de la peau contiennent 90000 mg de glutathion, un antioxydant qui vous aidera \u00e0 vous prot\u00e9ger des radicaux libres.<\/span><\/li>\n<li class=\"a-spacing-mini\"><span class=\"a-list-item\">EFFET PARFAIT &#8211; Avec notre effet anti-\u00e2ge \u00e0 l\u2019\u00e9quilibre parfait, vous pouvez vous sentir jeune, tendu et frais \u00e0 nouveau. \u00c9claircissant bio pour la peau pour vous !<\/span><\/li>\n<\/ul>\n<p>Fabriqu\u00e9 aux \u00c9tats-Unis.<\/p>","protected":false},"excerpt":{"rendered":"<p><strong>Bienfaits<\/strong><\/p>\n<ul>\n<li>Effet parfait : avec l\u2019effet anti-\u00e2ge avec un \u00e9quilibre parfait, vous pouvez vous sentir jeune, resserr\u00e9 et frais. Un \u00e9claircissant bio pour vous<\/li>\n<li>Blanchiment pour tout le monde : quel que soit le type de probl\u00e8mes de peau que vous avez, les pilules de glutathion fonctionnent syst\u00e9matiquement sur toutes les zones \u00e0 probl\u00e8mes de la peau.<\/li>\n<\/ul>\n<p><span><b><span>Conseil d\u2019utilisation : 1<\/span><\/b><span>\u00a0g\u00e9lule de Glutathion deux fois par jour<\/span><\/span><br \/>\n<span>\u00c0 prendre pendant le repas et \u00e0 avaler avec de l\u2019eau<\/span><span>.<\/span><\/p>","protected":false},"featured_media":1422,"comment_status":"open","ping_status":"closed","template":"","meta":{"_joinchat":[]},"product_brand":[],"product_cat":[17],"product_tag":[188],"class_list":{"0":"post-797","1":"product","2":"type-product","3":"status-publish","4":"has-post-thumbnail","6":"product_cat-vitamines","7":"product_tag-whitening-skin","9":"first","10":"outofstock","11":"sale","12":"shipping-taxable","13":"purchasable","14":"product-type-simple"},"jetpack_sharing_enabled":true,"_links":{"self":[{"href":"https:\/\/olympiaboutique.com\/en\/wp-json\/wp\/v2\/product\/797","targetHints":{"allow":["GET"]}}],"collection":[{"href":"https:\/\/olympiaboutique.com\/en\/wp-json\/wp\/v2\/product"}],"about":[{"href":"https:\/\/olympiaboutique.com\/en\/wp-json\/wp\/v2\/types\/product"}],"replies":[{"embeddable":true,"href":"https:\/\/olympiaboutique.com\/en\/wp-json\/wp\/v2\/comments?post=797"}],"wp:featuredmedia":[{"embeddable":true,"href":"https:\/\/olympiaboutique.com\/en\/wp-json\/wp\/v2\/media\/1422"}],"wp:attachment":[{"href":"https:\/\/olympiaboutique.com\/en\/wp-json\/wp\/v2\/media?parent=797"}],"wp:term":[{"taxonomy":"product_brand","embeddable":true,"href":"https:\/\/olympiaboutique.com\/en\/wp-json\/wp\/v2\/product_brand?post=797"},{"taxonomy":"product_cat","embeddable":true,"href":"https:\/\/olympiaboutique.com\/en\/wp-json\/wp\/v2\/product_cat?post=797"},{"taxonomy":"product_tag","embeddable":true,"href":"https:\/\/olympiaboutique.com\/en\/wp-json\/wp\/v2\/product_tag?post=797"}],"curies":[{"name":"wp","href":"https:\/\/api.w.org\/{rel}","templated":true}]}}