{"id":796,"date":"2023-10-17T18:44:47","date_gmt":"2023-10-17T18:44:47","guid":{"rendered":"https:\/\/olympiaboutique.com\/?post_type=product&#038;p=796"},"modified":"2025-12-01T04:17:32","modified_gmt":"2025-12-01T04:17:32","slug":"assaisonnement-cajun-slap-ya-mama-de-louisiane-pack-de-varietes-depices-boites-de-8-onces","status":"publish","type":"product","link":"https:\/\/olympiaboutique.com\/en\/product\/assaisonnement-cajun-slap-ya-mama-de-louisiane-pack-de-varietes-depices-boites-de-8-onces\/","title":{"rendered":"Slap Ya Mama de Louisiane, assaisonnement cajun , pack de vari\u00e9t\u00e9s d\u2019\u00e9pices, bo\u00eetes 227g"},"content":{"rendered":"<p>L\u2019assaisonnement cajun Slap Ya Mama\u2019s Original Blend est un excellent m\u00e9lange d\u2019\u00e9pices qui peut \u00eatre utilis\u00e9 sur n\u2019importe quel plat. Pas trop \u00e9pic\u00e9 et plein de saveur, tout le monde adorera la fa\u00e7on dont il rehausse \u00e0 nourriture !<\/p>\n<p>Le m\u00e9lange chaud d\u2019assaisonnements \u00e9pic\u00e9s de Slap Ya Mama ne manquera pas de mettre le feu \u00e0 votre bouche, mais en m\u00eame temps, il ajoutera cette saveur unique de cuisine cajun \u00e0 n\u2019importe quel plat<\/p>","protected":false},"excerpt":{"rendered":"<p>L\u2019assaisonnement cajun Slap Ya Mama\u2019s Original Blend est un excellent m\u00e9lange d\u2019\u00e9pices qui peut \u00eatre utilis\u00e9 sur n\u2019importe quel plat&#8230;.<\/p>","protected":false},"featured_media":1440,"comment_status":"open","ping_status":"closed","template":"","meta":{"_joinchat":[]},"product_brand":[],"product_cat":[20],"product_tag":[187],"class_list":{"0":"post-796","1":"product","2":"type-product","3":"status-publish","4":"has-post-thumbnail","6":"product_cat-epice","7":"product_tag-slap-ya-mama","9":"first","10":"outofstock","11":"shipping-taxable","12":"purchasable","13":"product-type-simple"},"jetpack_sharing_enabled":true,"_links":{"self":[{"href":"https:\/\/olympiaboutique.com\/en\/wp-json\/wp\/v2\/product\/796","targetHints":{"allow":["GET"]}}],"collection":[{"href":"https:\/\/olympiaboutique.com\/en\/wp-json\/wp\/v2\/product"}],"about":[{"href":"https:\/\/olympiaboutique.com\/en\/wp-json\/wp\/v2\/types\/product"}],"replies":[{"embeddable":true,"href":"https:\/\/olympiaboutique.com\/en\/wp-json\/wp\/v2\/comments?post=796"}],"wp:featuredmedia":[{"embeddable":true,"href":"https:\/\/olympiaboutique.com\/en\/wp-json\/wp\/v2\/media\/1440"}],"wp:attachment":[{"href":"https:\/\/olympiaboutique.com\/en\/wp-json\/wp\/v2\/media?parent=796"}],"wp:term":[{"taxonomy":"product_brand","embeddable":true,"href":"https:\/\/olympiaboutique.com\/en\/wp-json\/wp\/v2\/product_brand?post=796"},{"taxonomy":"product_cat","embeddable":true,"href":"https:\/\/olympiaboutique.com\/en\/wp-json\/wp\/v2\/product_cat?post=796"},{"taxonomy":"product_tag","embeddable":true,"href":"https:\/\/olympiaboutique.com\/en\/wp-json\/wp\/v2\/product_tag?post=796"}],"curies":[{"name":"wp","href":"https:\/\/api.w.org\/{rel}","templated":true}]}}