{"id":795,"date":"2023-10-17T18:37:57","date_gmt":"2023-10-17T18:37:57","guid":{"rendered":"https:\/\/olympiaboutique.com\/?post_type=product&#038;p=795"},"modified":"2025-12-01T04:17:32","modified_gmt":"2025-12-01T04:17:32","slug":"andalou-serum-visage-vitamine-c-eclaircissant-anti-age-50ml","status":"publish","type":"product","link":"https:\/\/olympiaboutique.com\/en\/product\/andalou-serum-visage-vitamine-c-eclaircissant-anti-age-50ml\/","title":{"rendered":"Andalou S\u00e9rum \u00e9claircissant Curcuma + C, 32 ml"},"content":{"rendered":"<ul class=\"a-unordered-list a-vertical a-spacing-mini\">\n<li class=\"a-spacing-mini\"><span class=\"a-list-item\">S\u00c9RUM \u00c9CLAIRCISSANT POUR LE VISAGE : Soutient la vitalit\u00e9 de la peau avec le s\u00e9rum Andalou Naturals Curcuma + Vitamine C. Ce s\u00e9rum \u00e9claircissant pour le visage cible le teint irr\u00e9gulier, les taches brunes et les signes de vieillissement, laissant votre peau plus lumineuse et plus jeune<\/span><\/li>\n<li class=\"a-spacing-mini\"><span class=\"a-list-item\">AM\u00c9LIOREZ VOTRE \u00c9CLAT NATUREL : Ce s\u00e9rum pour le visage est infus\u00e9 d\u2019un complexe de cellules souches de fruits et d\u2019un m\u00e9lange d\u2019ingr\u00e9dients naturels pour une protection antioxydante. Aide \u00e0 am\u00e9liorer l\u2019\u00e9lasticit\u00e9 de la peau et \u00e0 lisser les ridules, ajoute de la nourriture et favorise un \u00e9clat d\u2019apparence saine<\/span><\/li>\n<\/ul>","protected":false},"excerpt":{"rendered":"<p>S\u00c9RUM \u00c9CLAIRCISSANT POUR LE VISAGE : Soutient la vitalit\u00e9 de la peau avec le s\u00e9rum Andalou Naturals Curcuma + Vitamine&#8230;<\/p>","protected":false},"featured_media":1110,"comment_status":"open","ping_status":"closed","template":"","meta":{"_joinchat":[]},"product_brand":[],"product_cat":[22],"product_tag":[218],"class_list":{"0":"post-795","1":"product","2":"type-product","3":"status-publish","4":"has-post-thumbnail","6":"product_cat-skincare","7":"product_tag-andalou-serum-visage-vitamin-c","9":"first","10":"outofstock","11":"shipping-taxable","12":"purchasable","13":"product-type-simple"},"jetpack_sharing_enabled":true,"_links":{"self":[{"href":"https:\/\/olympiaboutique.com\/en\/wp-json\/wp\/v2\/product\/795","targetHints":{"allow":["GET"]}}],"collection":[{"href":"https:\/\/olympiaboutique.com\/en\/wp-json\/wp\/v2\/product"}],"about":[{"href":"https:\/\/olympiaboutique.com\/en\/wp-json\/wp\/v2\/types\/product"}],"replies":[{"embeddable":true,"href":"https:\/\/olympiaboutique.com\/en\/wp-json\/wp\/v2\/comments?post=795"}],"wp:featuredmedia":[{"embeddable":true,"href":"https:\/\/olympiaboutique.com\/en\/wp-json\/wp\/v2\/media\/1110"}],"wp:attachment":[{"href":"https:\/\/olympiaboutique.com\/en\/wp-json\/wp\/v2\/media?parent=795"}],"wp:term":[{"taxonomy":"product_brand","embeddable":true,"href":"https:\/\/olympiaboutique.com\/en\/wp-json\/wp\/v2\/product_brand?post=795"},{"taxonomy":"product_cat","embeddable":true,"href":"https:\/\/olympiaboutique.com\/en\/wp-json\/wp\/v2\/product_cat?post=795"},{"taxonomy":"product_tag","embeddable":true,"href":"https:\/\/olympiaboutique.com\/en\/wp-json\/wp\/v2\/product_tag?post=795"}],"curies":[{"name":"wp","href":"https:\/\/api.w.org\/{rel}","templated":true}]}}