{"id":793,"date":"2023-10-17T18:31:02","date_gmt":"2023-10-17T18:31:02","guid":{"rendered":"https:\/\/olympiaboutique.com\/?post_type=product&#038;p=793"},"modified":"2025-12-01T04:17:32","modified_gmt":"2025-12-01T04:17:32","slug":"cerave-creme-hydratante-pour-peaux-normales-a-seches-non-parfumee-16-fl-oz","status":"publish","type":"product","link":"https:\/\/olympiaboutique.com\/en\/product\/cerave-creme-hydratante-pour-peaux-normales-a-seches-non-parfumee-16-fl-oz\/","title":{"rendered":"CeraVe Cr\u00e8me hydratante pour peaux normales \u00e0 s\u00e8ches non parfum\u00e9e &#8211; 539g"},"content":{"rendered":"<p>La cr\u00e8me hydratante CeraVe est une cr\u00e8me hydratante riche, non grasse et \u00e0 absorption rapide pour les peaux normales \u00e0 s\u00e8ches du visage et du corps. Formul\u00e9 avec trois <a href=\"https:\/\/www.cerave.com\/about-cerave\/the-ceramides-difference\">C\u00e9ramides <\/a> essentiels, il agit pour emprisonner l\u2019hydratation de la peau et aider \u00e0 maintenir la barri\u00e8re protectrice de votre peau. Notre cr\u00e8me hydratante contient \u00e9galement de <a href=\"https:\/\/www.cerave.com\/skincare\/hyaluronic-acid\">l\u2019acide hyaluronique<\/a>, de la <a href=\"https:\/\/www.cerave.com\/ingredients-in-cerave\/petrolatum\">vaseline et de la<\/a> technologie MVE Delivery, qui agit en lib\u00e9rant continuellement des ingr\u00e9dients hydratants pour une hydratation longue dur\u00e9e. D\u00e9velopp\u00e9e avec <a href=\"https:\/\/www.cerave.com\/about-cerave\/developed-with-dermatologists\">des dermatologues<\/a>, cette cr\u00e8me restauratrice de barri\u00e8re cutan\u00e9e est douce pour la peau, <a href=\"https:\/\/www.cerave.com\/skin-smarts\/skincare-tips-advice\/non-comedogenic-fragrance-free-and-allergy-tested-explained\">sans parfum<\/a> et accept\u00e9e par la National Eczema Association<\/p>","protected":false},"excerpt":{"rendered":"<p>La cr\u00e8me hydratante CeraVe est une cr\u00e8me hydratante riche, non grasse et \u00e0 absorption rapide pour les peaux normales \u00e0&#8230;<\/p>","protected":false},"featured_media":1438,"comment_status":"open","ping_status":"closed","template":"","meta":{"_joinchat":[]},"product_brand":[],"product_cat":[22],"product_tag":[185],"class_list":{"0":"post-793","1":"product","2":"type-product","3":"status-publish","4":"has-post-thumbnail","6":"product_cat-skincare","7":"product_tag-cerave-creme-hydratant","9":"first","10":"outofstock","11":"shipping-taxable","12":"purchasable","13":"product-type-simple"},"jetpack_sharing_enabled":true,"_links":{"self":[{"href":"https:\/\/olympiaboutique.com\/en\/wp-json\/wp\/v2\/product\/793","targetHints":{"allow":["GET"]}}],"collection":[{"href":"https:\/\/olympiaboutique.com\/en\/wp-json\/wp\/v2\/product"}],"about":[{"href":"https:\/\/olympiaboutique.com\/en\/wp-json\/wp\/v2\/types\/product"}],"replies":[{"embeddable":true,"href":"https:\/\/olympiaboutique.com\/en\/wp-json\/wp\/v2\/comments?post=793"}],"wp:featuredmedia":[{"embeddable":true,"href":"https:\/\/olympiaboutique.com\/en\/wp-json\/wp\/v2\/media\/1438"}],"wp:attachment":[{"href":"https:\/\/olympiaboutique.com\/en\/wp-json\/wp\/v2\/media?parent=793"}],"wp:term":[{"taxonomy":"product_brand","embeddable":true,"href":"https:\/\/olympiaboutique.com\/en\/wp-json\/wp\/v2\/product_brand?post=793"},{"taxonomy":"product_cat","embeddable":true,"href":"https:\/\/olympiaboutique.com\/en\/wp-json\/wp\/v2\/product_cat?post=793"},{"taxonomy":"product_tag","embeddable":true,"href":"https:\/\/olympiaboutique.com\/en\/wp-json\/wp\/v2\/product_tag?post=793"}],"curies":[{"name":"wp","href":"https:\/\/api.w.org\/{rel}","templated":true}]}}