{"id":792,"date":"2023-10-17T18:22:16","date_gmt":"2023-10-17T18:22:16","guid":{"rendered":"https:\/\/olympiaboutique.com\/?post_type=product&#038;p=792"},"modified":"2026-03-10T20:18:44","modified_gmt":"2026-03-10T20:18:44","slug":"natrol-melatonine-5mg-complement-alimentaire-aromatise-a-la-fraise-pour-un-sommeil-reparateur-200-comprimes-a-dissolution-rapide","status":"publish","type":"product","link":"https:\/\/olympiaboutique.com\/en\/product\/natrol-melatonine-5mg-complement-alimentaire-aromatise-a-la-fraise-pour-un-sommeil-reparateur-200-comprimes-a-dissolution-rapide\/","title":{"rendered":"Natrol M\u00e9latonine 5mg, Compl\u00e9ment alimentaire aromatis\u00e9 \u00e0 la fraise pour un sommeil r\u00e9parateur, 250 comprim\u00e9s \u00e0 dissolution rapide"},"content":{"rendered":"<p>Natrol\u00ae Melatonin, la marque de m\u00e9latonine n\u00b01 en Am\u00e9rique, aide \u00e0 lutter contre l\u2019insomnie occasionnelle et vous aide \u00e0 vous endormir plus rapidement, \u00e0 rester endormi plus longtemps et \u00e0 vous r\u00e9veiller en pleine forme. La forme unique de dissolution rapide de Natrol permet une absorption plus rapide et peut \u00eatre prise n\u2019importe quand, n\u2019importe o\u00f9. Pas besoin d\u2019eau.<\/p>","protected":false},"excerpt":{"rendered":"<ul class=\"a-unordered-list a-vertical a-spacing-mini\">\n<li class=\"a-spacing-mini\"><span class=\"a-list-item\"><strong>Bienfaits<\/strong>\u00a0: Suppl\u00e9ment d\u2019aide au sommeil nocturne contenant 5 mg de m\u00e9latonine pure \u00e0 99 % par portion pour vous aider \u00e0 obtenir un sommeil r\u00e9parateur et \u00e0 vous r\u00e9veiller en pleine forme<\/span><\/li>\n<li class=\"a-spacing-mini\"><span class=\"a-list-item\">Chaque comprim\u00e9 de Natrol offre une d\u00e9licieuse saveur de fraise qui vous aide \u00e0 vous endormir plus rapidement et \u00e0 rester endormi plus longtemps<\/span><\/li>\n<\/ul>\n<p><strong>Conseil d\u2019utilisation\u00a0:<\/strong><\/p>\n<ul class=\"a-unordered-list a-vertical a-spacing-mini\">\n<li class=\"a-spacing-mini\"><span class=\"a-list-item\">Adultes, prenez un comprim\u00e9 de m\u00e9latonine \u00e0 dissolution rapide 30 minutes avant le coucher\u00a0; Dissoudre dans la bouche ou m\u00e2cher avant d\u2019avaler, aucune eau n\u2019est n\u00e9cessaire.<\/span><\/li>\n<\/ul>","protected":false},"featured_media":1101,"comment_status":"open","ping_status":"closed","template":"","meta":{"_joinchat":[]},"product_brand":[],"product_cat":[53,17],"product_tag":[184],"class_list":{"0":"post-792","1":"product","2":"type-product","3":"status-publish","4":"has-post-thumbnail","6":"product_cat-pharmaceutiques","7":"product_cat-vitamines","8":"product_tag-natrol-melatonin","10":"first","11":"outofstock","12":"shipping-taxable","13":"purchasable","14":"product-type-simple"},"jetpack_sharing_enabled":true,"_links":{"self":[{"href":"https:\/\/olympiaboutique.com\/en\/wp-json\/wp\/v2\/product\/792","targetHints":{"allow":["GET"]}}],"collection":[{"href":"https:\/\/olympiaboutique.com\/en\/wp-json\/wp\/v2\/product"}],"about":[{"href":"https:\/\/olympiaboutique.com\/en\/wp-json\/wp\/v2\/types\/product"}],"replies":[{"embeddable":true,"href":"https:\/\/olympiaboutique.com\/en\/wp-json\/wp\/v2\/comments?post=792"}],"wp:featuredmedia":[{"embeddable":true,"href":"https:\/\/olympiaboutique.com\/en\/wp-json\/wp\/v2\/media\/1101"}],"wp:attachment":[{"href":"https:\/\/olympiaboutique.com\/en\/wp-json\/wp\/v2\/media?parent=792"}],"wp:term":[{"taxonomy":"product_brand","embeddable":true,"href":"https:\/\/olympiaboutique.com\/en\/wp-json\/wp\/v2\/product_brand?post=792"},{"taxonomy":"product_cat","embeddable":true,"href":"https:\/\/olympiaboutique.com\/en\/wp-json\/wp\/v2\/product_cat?post=792"},{"taxonomy":"product_tag","embeddable":true,"href":"https:\/\/olympiaboutique.com\/en\/wp-json\/wp\/v2\/product_tag?post=792"}],"curies":[{"name":"wp","href":"https:\/\/api.w.org\/{rel}","templated":true}]}}