{"id":790,"date":"2023-10-17T18:08:39","date_gmt":"2023-10-17T18:08:39","guid":{"rendered":"https:\/\/olympiaboutique.com\/?post_type=product&#038;p=790"},"modified":"2025-12-01T04:17:32","modified_gmt":"2025-12-01T04:17:32","slug":"the-honey-pot-company-sensitive-wash-nettoyant-naturel-pour-lhygiene-feminine-infuse-a-base-de-plantes-pour-les-peaux-sensibles-nettoyant-a-base-de-plantes-au-ph-equilibre-551-onces-li","status":"publish","type":"product","link":"https:\/\/olympiaboutique.com\/en\/product\/the-honey-pot-company-sensitive-wash-nettoyant-naturel-pour-lhygiene-feminine-infuse-a-base-de-plantes-pour-les-peaux-sensibles-nettoyant-a-base-de-plantes-au-ph-equilibre-551-onces-li\/","title":{"rendered":"The Honey Pot Sensitive Wash &#8211; Nettoyant Intime Naturel pour les peaux sensibles &#8211; 163 ml"},"content":{"rendered":"<ul class=\"a-unordered-list a-vertical a-spacing-mini\">\n<li class=\"a-spacing-mini\"><span class=\"a-list-item\">FRA\u00ceCHEUR TOUTE LA JOURN\u00c9E : Le nettoyant f\u00e9minin \u00e0 base de plantes Honey Pot est fait par des femmes, pour des femmes. D\u00e9velopp\u00e9 \u00e0 partir de 99 % d\u2019ingr\u00e9dients enti\u00e8rement naturels, ce nettoyant intime est suffisamment s\u00fbr pour \u00eatre utilis\u00e9 quotidiennement, ce qui le rend id\u00e9al pour maintenir une fra\u00eecheur optimale. Les ingr\u00e9dients \u00e0 base de plantes calmants, apaisants et cicatrisants aideront \u00e0 maintenir le pH de votre zone la plus sensible \u00e9quilibr\u00e9 et sain, afin que vous puissiez affronter la journ\u00e9e en toute confiance !<\/span><\/li>\n<li class=\"a-spacing-mini\"><span class=\"a-list-item\">SOINS SENSIBLES : Ce nettoyant est parfait pour ceux qui souffrent d\u2019irritation \u00e0 cause des nettoyants intimes normaux. Il est \u00e9galement utile lors de l\u2019introduction de nouveaux produits dans votre routine de soins f\u00e9minins et pour celles qui souffrent r\u00e9guli\u00e8rement de s\u00e9cheresse, d\u2019irritation ou d\u2019infections. Ce nettoyant est une concentration plus l\u00e9g\u00e8re de notre syst\u00e8me de soins f\u00e9minins normal. Il vous gardera propre et \u00e0 l\u2019aise en \u00e9liminant les bact\u00e9ries responsables des odeurs, en augmentant les niveaux d\u2019humidit\u00e9 naturels, en calmant les irritations et en aidant \u00e0 maintenir un pH optimal.\u00a0<\/span><\/li>\n<\/ul>","protected":false},"excerpt":{"rendered":"<p><span class=\"a-list-item\"><strong> Nettoyant \u00e0 base de plantes au PH \u00e9quilibr\u00e9\u00a0<\/strong><\/span><\/p>","protected":false},"featured_media":1104,"comment_status":"open","ping_status":"closed","template":"","meta":{"_joinchat":[]},"product_brand":[],"product_cat":[53],"product_tag":[182],"class_list":{"0":"post-790","1":"product","2":"type-product","3":"status-publish","4":"has-post-thumbnail","6":"product_cat-pharmaceutiques","7":"product_tag-honey-pot-sensitive","9":"first","10":"outofstock","11":"shipping-taxable","12":"purchasable","13":"product-type-simple"},"jetpack_sharing_enabled":true,"_links":{"self":[{"href":"https:\/\/olympiaboutique.com\/en\/wp-json\/wp\/v2\/product\/790","targetHints":{"allow":["GET"]}}],"collection":[{"href":"https:\/\/olympiaboutique.com\/en\/wp-json\/wp\/v2\/product"}],"about":[{"href":"https:\/\/olympiaboutique.com\/en\/wp-json\/wp\/v2\/types\/product"}],"replies":[{"embeddable":true,"href":"https:\/\/olympiaboutique.com\/en\/wp-json\/wp\/v2\/comments?post=790"}],"wp:featuredmedia":[{"embeddable":true,"href":"https:\/\/olympiaboutique.com\/en\/wp-json\/wp\/v2\/media\/1104"}],"wp:attachment":[{"href":"https:\/\/olympiaboutique.com\/en\/wp-json\/wp\/v2\/media?parent=790"}],"wp:term":[{"taxonomy":"product_brand","embeddable":true,"href":"https:\/\/olympiaboutique.com\/en\/wp-json\/wp\/v2\/product_brand?post=790"},{"taxonomy":"product_cat","embeddable":true,"href":"https:\/\/olympiaboutique.com\/en\/wp-json\/wp\/v2\/product_cat?post=790"},{"taxonomy":"product_tag","embeddable":true,"href":"https:\/\/olympiaboutique.com\/en\/wp-json\/wp\/v2\/product_tag?post=790"}],"curies":[{"name":"wp","href":"https:\/\/api.w.org\/{rel}","templated":true}]}}