{"id":777,"date":"2023-10-17T16:51:59","date_gmt":"2023-10-17T16:51:59","guid":{"rendered":"https:\/\/olympiaboutique.com\/?post_type=product&#038;p=777"},"modified":"2025-12-01T04:17:33","modified_gmt":"2025-12-01T04:17:33","slug":"nido-fortificada-lait-entier-en-poudre-352-livres","status":"publish","type":"product","link":"https:\/\/olympiaboutique.com\/en\/product\/nido-fortificada-lait-entier-en-poudre-352-livres\/","title":{"rendered":"NIDO Fortificada Lait entier en poudre, 1,6 kg"},"content":{"rendered":"<ul class=\"a-unordered-list a-vertical a-spacing-mini\">\n<li class=\"a-spacing-mini\"><span class=\"a-list-item\">Une bo\u00eete de 56,4 oz (environ 53 portions) de m\u00e9lange pour boisson en poudre au lait entier en poudre Fortificada de Nestl\u00e9 NIDO Article admissible SNAP et EBT<\/span><\/li>\n<li class=\"a-spacing-mini\"><span class=\"a-list-item\">Le m\u00e9lange pour boisson en poudre Fortificada de Nestl\u00e9 NIDO fournit 5 vitamines et min\u00e9raux essentiels dans chaque tasse<\/span><\/li>\n<li class=\"a-spacing-mini\"><span class=\"a-list-item\">Ce m\u00e9lange pour boisson lact\u00e9e est facile \u00e0 pr\u00e9parer pour une boisson nutritive que toute la famille peut appr\u00e9cier<\/span><\/li>\n<li class=\"a-spacing-mini\"><span class=\"a-list-item\">La boisson au lait entier en poudre contient du calcium, du zinc, de la vitamine A, de la vitamine C et du fer<\/span><\/li>\n<li class=\"a-spacing-mini\"><span class=\"a-list-item\">Incorporer 4 cuill\u00e8res \u00e0 soupe de boisson au lait entier sec Fortificada NIDO dans 1 tasse d\u2019eau ti\u00e8de<\/span><\/li>\n<li class=\"a-spacing-mini\"><span class=\"a-list-item\">Conservez votre canette de NIDO Fortificada dans un endroit frais et sec<\/span><\/li>\n<\/ul>","protected":false},"excerpt":{"rendered":"<p>Une bo\u00eete de 56,4 oz (environ 53 portions) de m\u00e9lange pour boisson en poudre au lait entier en poudre Fortificada&#8230;<\/p>","protected":false},"featured_media":1443,"comment_status":"open","ping_status":"closed","template":"","meta":{"_joinchat":[]},"product_brand":[],"product_cat":[23],"product_tag":[180],"class_list":{"0":"post-777","1":"product","2":"type-product","3":"status-publish","4":"has-post-thumbnail","6":"product_cat-food","7":"product_tag-nestle-nido","9":"first","10":"outofstock","11":"shipping-taxable","12":"purchasable","13":"product-type-simple"},"jetpack_sharing_enabled":true,"_links":{"self":[{"href":"https:\/\/olympiaboutique.com\/en\/wp-json\/wp\/v2\/product\/777","targetHints":{"allow":["GET"]}}],"collection":[{"href":"https:\/\/olympiaboutique.com\/en\/wp-json\/wp\/v2\/product"}],"about":[{"href":"https:\/\/olympiaboutique.com\/en\/wp-json\/wp\/v2\/types\/product"}],"replies":[{"embeddable":true,"href":"https:\/\/olympiaboutique.com\/en\/wp-json\/wp\/v2\/comments?post=777"}],"wp:featuredmedia":[{"embeddable":true,"href":"https:\/\/olympiaboutique.com\/en\/wp-json\/wp\/v2\/media\/1443"}],"wp:attachment":[{"href":"https:\/\/olympiaboutique.com\/en\/wp-json\/wp\/v2\/media?parent=777"}],"wp:term":[{"taxonomy":"product_brand","embeddable":true,"href":"https:\/\/olympiaboutique.com\/en\/wp-json\/wp\/v2\/product_brand?post=777"},{"taxonomy":"product_cat","embeddable":true,"href":"https:\/\/olympiaboutique.com\/en\/wp-json\/wp\/v2\/product_cat?post=777"},{"taxonomy":"product_tag","embeddable":true,"href":"https:\/\/olympiaboutique.com\/en\/wp-json\/wp\/v2\/product_tag?post=777"}],"curies":[{"name":"wp","href":"https:\/\/api.w.org\/{rel}","templated":true}]}}