{"id":775,"date":"2023-10-17T16:23:10","date_gmt":"2023-10-17T16:23:10","guid":{"rendered":"https:\/\/olympiaboutique.com\/?post_type=product&#038;p=775"},"modified":"2025-12-01T04:17:33","modified_gmt":"2025-12-01T04:17:33","slug":"regenerist-vitamine-c-peptide-24-50-ml-17-oz","status":"publish","type":"product","link":"https:\/\/olympiaboutique.com\/en\/product\/regenerist-vitamine-c-peptide-24-50-ml-17-oz\/","title":{"rendered":"Olay Regenerist Cr\u00e8me Vitamine C + peptide 24, 50 ml"},"content":{"rendered":"<ul class=\"a-unordered-list a-vertical a-spacing-mini\">\n<li class=\"a-spacing-mini\"><span class=\"a-list-item\">CR\u00c8ME POUR LE VISAGE \u00c0 LA VITAMINE C Hydratant pour le visage qui offre une peau 2 fois plus lumineuse en seulement 28 jours. (par rapport \u00e0 une cr\u00e8me hydratante de base)<\/span><\/li>\n<li class=\"a-spacing-mini\"><span class=\"a-list-item\">Cr\u00e8me l\u00e9g\u00e8re et l\u00e9g\u00e8re parfum\u00e9e aux agrumes, soyeuse et l\u00e9g\u00e8re qui fond sur la peau, n\u2019obstrue pas les pores et ne laisse aucun r\u00e9sidu gras<\/span><\/li>\n<li class=\"a-spacing-mini\"><span class=\"a-list-item\">ILLUMINEZ ET HYDRATEZ VISIBLEMENT gr\u00e2ce \u00e0 notre formule, \u00e9labor\u00e9e avec de la vitamine C, de la niacinamide\/vitamine B3 et de l\u2019acide lactique<\/span><\/li>\n<\/ul>","protected":false},"excerpt":{"rendered":"<p><span id=\"productTitle\" class=\"a-size-large product-title-word-break\">Hydratant \u00e9claircissant pour le visage pour une peau plus lumineuse, Cr\u00e8me anti-\u00e2ge l\u00e9g\u00e8re pour les taches brunes.<\/span><\/p>\n<ul class=\"a-unordered-list a-vertical a-spacing-mini\">\n<li class=\"a-spacing-mini\"><span class=\"a-list-item\">\u00c9CLAT JOUR ET NUIT Appliquer uniform\u00e9ment sur le visage et le cou nettoy\u00e9s matin et soir<\/span><\/li>\n<li class=\"a-spacing-mini\"><span class=\"a-list-item\">SANS parab\u00e8nes, huiles min\u00e9rales, phtalates et colorants<\/span><\/li>\n<li class=\"a-spacing-mini\"><span class=\"a-list-item\">HYDRATATION RAFRA\u00ceCHISSANTE En 1 semaine, vous aurez une peau qui para\u00eet moins fatigu\u00e9e. Au bout d\u2019un mois, votre peau sera plus lumineuse, plus uniforme et plus lisse<\/span><\/li>\n<\/ul>","protected":false},"featured_media":934,"comment_status":"open","ping_status":"closed","template":"","meta":{"_joinchat":[]},"product_brand":[],"product_cat":[22],"product_tag":[178],"class_list":{"0":"post-775","1":"product","2":"type-product","3":"status-publish","4":"has-post-thumbnail","6":"product_cat-skincare","7":"product_tag-olay","9":"first","10":"outofstock","11":"shipping-taxable","12":"purchasable","13":"product-type-simple"},"jetpack_sharing_enabled":true,"_links":{"self":[{"href":"https:\/\/olympiaboutique.com\/en\/wp-json\/wp\/v2\/product\/775","targetHints":{"allow":["GET"]}}],"collection":[{"href":"https:\/\/olympiaboutique.com\/en\/wp-json\/wp\/v2\/product"}],"about":[{"href":"https:\/\/olympiaboutique.com\/en\/wp-json\/wp\/v2\/types\/product"}],"replies":[{"embeddable":true,"href":"https:\/\/olympiaboutique.com\/en\/wp-json\/wp\/v2\/comments?post=775"}],"wp:featuredmedia":[{"embeddable":true,"href":"https:\/\/olympiaboutique.com\/en\/wp-json\/wp\/v2\/media\/934"}],"wp:attachment":[{"href":"https:\/\/olympiaboutique.com\/en\/wp-json\/wp\/v2\/media?parent=775"}],"wp:term":[{"taxonomy":"product_brand","embeddable":true,"href":"https:\/\/olympiaboutique.com\/en\/wp-json\/wp\/v2\/product_brand?post=775"},{"taxonomy":"product_cat","embeddable":true,"href":"https:\/\/olympiaboutique.com\/en\/wp-json\/wp\/v2\/product_cat?post=775"},{"taxonomy":"product_tag","embeddable":true,"href":"https:\/\/olympiaboutique.com\/en\/wp-json\/wp\/v2\/product_tag?post=775"}],"curies":[{"name":"wp","href":"https:\/\/api.w.org\/{rel}","templated":true}]}}