{"id":701,"date":"2023-10-11T13:07:37","date_gmt":"2023-10-11T13:07:37","guid":{"rendered":"https:\/\/olympiaboutique.com\/?post_type=product&#038;p=701"},"modified":"2026-02-24T20:21:20","modified_gmt":"2026-02-24T20:21:20","slug":"collagen-vitamin-e","status":"publish","type":"product","link":"https:\/\/olympiaboutique.com\/en\/product\/collagen-vitamin-e\/","title":{"rendered":"Wellbeing Spa COLLAGEN &amp; VITAMIN E LOTION POUR LE CORPS &#8211; NOIX DE COCO HIBISCUS BEURRE DE KARIT\u00c9 770g"},"content":{"rendered":"<p class=\"productView-title classyunicodedone\">BIEN-\u00caTRE SPA COLLAG\u00c8NE VITAMINE E LOTION POUR LE CORPS NOIX DE COCO &amp; HIBISCUS AU BEURRE DE KARIT\u00c9.<\/p>\n<ul>\n<li>Sans gluten<\/li>\n<li>Sans parab\u00e8ne<\/li>\n<li>Sans huile min\u00e9rale<\/li>\n<li>Noix de coco &amp; Hibiscus au beurre de karit\u00e9<\/li>\n<\/ul>","protected":false},"excerpt":{"rendered":"<p>La lotion pour le corps \u00e0 la noix de coco et \u00e0 l\u2019hibiscus\u00a0<b>nourrit la peau tout en am\u00e9liorant l\u2019\u00e9clat naturel du teint<\/b>. Laisse la peau hydrat\u00e9e et lisse. Utilisez quotidiennement.<\/p>","protected":false},"featured_media":677,"comment_status":"open","ping_status":"closed","template":"","meta":{"_joinchat":[]},"product_brand":[],"product_cat":[22],"product_tag":[175],"class_list":{"0":"post-701","1":"product","2":"type-product","3":"status-publish","4":"has-post-thumbnail","6":"product_cat-skincare","7":"product_tag-collagen-vitamin-e","9":"first","10":"instock","11":"shipping-taxable","12":"purchasable","13":"product-type-simple"},"jetpack_sharing_enabled":true,"_links":{"self":[{"href":"https:\/\/olympiaboutique.com\/en\/wp-json\/wp\/v2\/product\/701","targetHints":{"allow":["GET"]}}],"collection":[{"href":"https:\/\/olympiaboutique.com\/en\/wp-json\/wp\/v2\/product"}],"about":[{"href":"https:\/\/olympiaboutique.com\/en\/wp-json\/wp\/v2\/types\/product"}],"replies":[{"embeddable":true,"href":"https:\/\/olympiaboutique.com\/en\/wp-json\/wp\/v2\/comments?post=701"}],"wp:featuredmedia":[{"embeddable":true,"href":"https:\/\/olympiaboutique.com\/en\/wp-json\/wp\/v2\/media\/677"}],"wp:attachment":[{"href":"https:\/\/olympiaboutique.com\/en\/wp-json\/wp\/v2\/media?parent=701"}],"wp:term":[{"taxonomy":"product_brand","embeddable":true,"href":"https:\/\/olympiaboutique.com\/en\/wp-json\/wp\/v2\/product_brand?post=701"},{"taxonomy":"product_cat","embeddable":true,"href":"https:\/\/olympiaboutique.com\/en\/wp-json\/wp\/v2\/product_cat?post=701"},{"taxonomy":"product_tag","embeddable":true,"href":"https:\/\/olympiaboutique.com\/en\/wp-json\/wp\/v2\/product_tag?post=701"}],"curies":[{"name":"wp","href":"https:\/\/api.w.org\/{rel}","templated":true}]}}