{"id":700,"date":"2023-10-11T12:58:31","date_gmt":"2023-10-11T12:58:31","guid":{"rendered":"https:\/\/olympiaboutique.com\/?post_type=product&#038;p=700"},"modified":"2025-12-01T04:17:33","modified_gmt":"2025-12-01T04:17:33","slug":"jergens-soothing-aloe","status":"publish","type":"product","link":"https:\/\/olympiaboutique.com\/en\/product\/jergens-soothing-aloe\/","title":{"rendered":"Jergens Soothing Aloe, (621ml)"},"content":{"rendered":"<div><\/div>\n<ul>\n<li>Notre lotion \u00e0 l\u2019aloe verra am\u00e9liore le teint, la texture et la luminosit\u00e9 de la peau. Avec un m\u00e9lange HYDRALUCENCE\u00a0 illuminateur unique, un extrait de concombre et de l\u2019Aloe Vera pur.<\/li>\n<li>Ravive l\u2019hydratation naturelle de la peau pour soulager la peau s\u00e8che et inconfortable, la laissant visiblement rafra\u00eechie et hydrat\u00e9e.<\/li>\n<li>Absorbe rapidement et retient l\u2019humidit\u00e9 pendant 24 heures<\/li>\n<\/ul>","protected":false},"excerpt":{"rendered":"<div><span style=\"\">Hydrate et apaise la peau s\u00e8che avec une formule unique \u00e0 absorption rapide pour r\u00e9v\u00e9ler une apparence lumineuse et rafra\u00eechie. <\/span><\/div>\n<div><span style=\"\">Id\u00e9al pour\u00a0: Peaux normales \u00e0 s\u00e8ches.<\/span><\/div>","protected":false},"featured_media":676,"comment_status":"open","ping_status":"closed","template":"","meta":{"_joinchat":[]},"product_brand":[],"product_cat":[22],"product_tag":[174],"class_list":{"0":"post-700","1":"product","2":"type-product","3":"status-publish","4":"has-post-thumbnail","6":"product_cat-skincare","7":"product_tag-jergens-soothing-aloe","9":"first","10":"outofstock","11":"shipping-taxable","12":"purchasable","13":"product-type-simple"},"jetpack_sharing_enabled":true,"_links":{"self":[{"href":"https:\/\/olympiaboutique.com\/en\/wp-json\/wp\/v2\/product\/700","targetHints":{"allow":["GET"]}}],"collection":[{"href":"https:\/\/olympiaboutique.com\/en\/wp-json\/wp\/v2\/product"}],"about":[{"href":"https:\/\/olympiaboutique.com\/en\/wp-json\/wp\/v2\/types\/product"}],"replies":[{"embeddable":true,"href":"https:\/\/olympiaboutique.com\/en\/wp-json\/wp\/v2\/comments?post=700"}],"wp:featuredmedia":[{"embeddable":true,"href":"https:\/\/olympiaboutique.com\/en\/wp-json\/wp\/v2\/media\/676"}],"wp:attachment":[{"href":"https:\/\/olympiaboutique.com\/en\/wp-json\/wp\/v2\/media?parent=700"}],"wp:term":[{"taxonomy":"product_brand","embeddable":true,"href":"https:\/\/olympiaboutique.com\/en\/wp-json\/wp\/v2\/product_brand?post=700"},{"taxonomy":"product_cat","embeddable":true,"href":"https:\/\/olympiaboutique.com\/en\/wp-json\/wp\/v2\/product_cat?post=700"},{"taxonomy":"product_tag","embeddable":true,"href":"https:\/\/olympiaboutique.com\/en\/wp-json\/wp\/v2\/product_tag?post=700"}],"curies":[{"name":"wp","href":"https:\/\/api.w.org\/{rel}","templated":true}]}}