{"id":697,"date":"2023-10-11T12:42:06","date_gmt":"2023-10-11T12:42:06","guid":{"rendered":"https:\/\/olympiaboutique.com\/?post_type=product&#038;p=697"},"modified":"2026-03-10T20:19:18","modified_gmt":"2026-03-10T20:19:18","slug":"lumify-collyre-anti-rougeurs","status":"publish","type":"product","link":"https:\/\/olympiaboutique.com\/en\/product\/lumify-collyre-anti-rougeurs\/","title":{"rendered":"BAUSCH + LOMB LUMIFY 7.5ML  Collyre anti rougeurs"},"content":{"rendered":"<p>Les gouttes pour les yeux Lumify\u00a0sont formul\u00e9es de mani\u00e8re s\u00e9lective pour cibler les parties rouges de vos yeux. Cela garantit que le blanc des yeux devient clair et \u00e9clatant. Le produit soulage non seulement les rougeurs, mais nourrit \u00e9galement vos yeux, leur donnant un aspect vibrant et \u00e9nergique.<\/p>","protected":false},"excerpt":{"rendered":"<p>Les gouttes pour les yeux Lumify\u00a0sont formul\u00e9es de mani\u00e8re s\u00e9lective pour cibler les parties rouges de vos yeux. Cela garantit&#8230;<\/p>","protected":false},"featured_media":674,"comment_status":"open","ping_status":"closed","template":"","meta":{"_joinchat":[]},"product_brand":[],"product_cat":[53],"product_tag":[172],"class_list":{"0":"post-697","1":"product","2":"type-product","3":"status-publish","4":"has-post-thumbnail","6":"product_cat-pharmaceutiques","7":"product_tag-lumify-collyre-anti-rougeurs","9":"first","10":"outofstock","11":"shipping-taxable","12":"purchasable","13":"product-type-simple"},"jetpack_sharing_enabled":true,"_links":{"self":[{"href":"https:\/\/olympiaboutique.com\/en\/wp-json\/wp\/v2\/product\/697","targetHints":{"allow":["GET"]}}],"collection":[{"href":"https:\/\/olympiaboutique.com\/en\/wp-json\/wp\/v2\/product"}],"about":[{"href":"https:\/\/olympiaboutique.com\/en\/wp-json\/wp\/v2\/types\/product"}],"replies":[{"embeddable":true,"href":"https:\/\/olympiaboutique.com\/en\/wp-json\/wp\/v2\/comments?post=697"}],"wp:featuredmedia":[{"embeddable":true,"href":"https:\/\/olympiaboutique.com\/en\/wp-json\/wp\/v2\/media\/674"}],"wp:attachment":[{"href":"https:\/\/olympiaboutique.com\/en\/wp-json\/wp\/v2\/media?parent=697"}],"wp:term":[{"taxonomy":"product_brand","embeddable":true,"href":"https:\/\/olympiaboutique.com\/en\/wp-json\/wp\/v2\/product_brand?post=697"},{"taxonomy":"product_cat","embeddable":true,"href":"https:\/\/olympiaboutique.com\/en\/wp-json\/wp\/v2\/product_cat?post=697"},{"taxonomy":"product_tag","embeddable":true,"href":"https:\/\/olympiaboutique.com\/en\/wp-json\/wp\/v2\/product_tag?post=697"}],"curies":[{"name":"wp","href":"https:\/\/api.w.org\/{rel}","templated":true}]}}