{"id":696,"date":"2023-10-11T12:36:58","date_gmt":"2023-10-11T12:36:58","guid":{"rendered":"https:\/\/olympiaboutique.com\/?post_type=product&#038;p=696"},"modified":"2025-12-01T04:17:33","modified_gmt":"2025-12-01T04:17:33","slug":"velvet-coffee-gommage","status":"publish","type":"product","link":"https:\/\/olympiaboutique.com\/en\/product\/velvet-coffee-gommage\/","title":{"rendered":"TREE HUT &#8211; GOMMAGE CORPOREL &#8220;VELVET COFFEE&#8221; &#8211; 510G"},"content":{"rendered":"<ul class=\"a-unordered-list a-vertical a-spacing-mini\">\n<li class=\"a-spacing-mini\"><span class=\"a-list-item\">SENT COMME l\u2019ar\u00f4me d\u00e9licieux et chaleureux du caf\u00e9 sucr\u00e9 avec des notes profondes et de caramel de cassonade, de caf\u00e9 riche de torr\u00e9faction fonc\u00e9e et de caramel sucr\u00e9<\/span><\/li>\n<li class=\"a-spacing-mini\"><span class=\"a-list-item\">Le gommage corporel exfoliant \u00e9limine la peau terne et s\u00e8che pour r\u00e9v\u00e9ler une peau \u00e9clatante, douce et lisse<\/span><\/li>\n<li class=\"a-spacing-mini\"><span class=\"a-list-item\">L\u2019HUILE DE GRAINES DE CAF\u00c9 ARABICA aide \u00e0 restaurer l\u2019apparence de la peau terne et \u00e0 retenir l\u2019humidit\u00e9 pour un \u00e9clat qui dure toute la journ\u00e9e<\/span><\/li>\n<li class=\"a-spacing-mini\"><span class=\"a-list-item\">La caf\u00e9ine contient des propri\u00e9t\u00e9s anti-inflammatoires connues pour aider la peau \u00e0 para\u00eetre plus ferme et plus ferme<\/span><\/li>\n<li class=\"a-spacing-mini\"><span class=\"a-list-item\">SUGAR est un exfoliant naturel qui \u00e9limine efficacement les peaux mortes tout en aidant \u00e0 stimuler la circulation \u00e0 la surface de la peau<\/span><\/li>\n<li class=\"a-spacing-mini\"><span class=\"a-list-item\">Le BEURRE DE KARIT\u00c9 NATUREL est connu pour hydrater, nourrir et adoucir en profondeur les peaux s\u00e8ches tout en aidant \u00e0 favoriser l\u2019\u00e9lasticit\u00e9<\/span><\/li>\n<li class=\"a-spacing-mini\"><span class=\"a-list-item\">Les gommages au sucre de karit\u00e9 TREE HUT contiennent un m\u00e9lange de 6 huiles : huile d\u2019avocat, huile de macadamia, huile d\u2019orange douce, huile d\u2019amande douce, huile d\u2019onagre, huile de carthame<\/span><\/li>\n<li class=\"a-spacing-mini\"><span class=\"a-list-item\">LES BONNES CHOSES : sans paraben, sans sulfate, sans alcool, ne contient pas de donneurs de formald\u00e9hyde, une formule antid\u00e9rapante et un parfum longue dur\u00e9e<\/span><\/li>\n<\/ul>","protected":false},"excerpt":{"rendered":"<p>Boostez votre routine de douche et r\u00e9v\u00e9lez une peau douce et \u00e9clatante avec le parfum cr\u00e9meux de Velvet Coffee !<\/p>\n<p>Fabriqu\u00e9 avec du sucre, du beurre de karit\u00e9, des graines de caf\u00e9 arabica et une gamme d\u2019huiles naturelles telles que les huiles d\u2019onagre, d\u2019avocat, de macadamia, d\u2019amande douce, de carthame et d\u2019orange.<\/p>","protected":false},"featured_media":673,"comment_status":"open","ping_status":"closed","template":"","meta":{"_joinchat":[]},"product_brand":[],"product_cat":[22],"product_tag":[171],"class_list":{"0":"post-696","1":"product","2":"type-product","3":"status-publish","4":"has-post-thumbnail","6":"product_cat-skincare","7":"product_tag-velvet-coffee-gommage","9":"first","10":"outofstock","11":"shipping-taxable","12":"purchasable","13":"product-type-simple"},"jetpack_sharing_enabled":true,"_links":{"self":[{"href":"https:\/\/olympiaboutique.com\/en\/wp-json\/wp\/v2\/product\/696","targetHints":{"allow":["GET"]}}],"collection":[{"href":"https:\/\/olympiaboutique.com\/en\/wp-json\/wp\/v2\/product"}],"about":[{"href":"https:\/\/olympiaboutique.com\/en\/wp-json\/wp\/v2\/types\/product"}],"replies":[{"embeddable":true,"href":"https:\/\/olympiaboutique.com\/en\/wp-json\/wp\/v2\/comments?post=696"}],"wp:featuredmedia":[{"embeddable":true,"href":"https:\/\/olympiaboutique.com\/en\/wp-json\/wp\/v2\/media\/673"}],"wp:attachment":[{"href":"https:\/\/olympiaboutique.com\/en\/wp-json\/wp\/v2\/media?parent=696"}],"wp:term":[{"taxonomy":"product_brand","embeddable":true,"href":"https:\/\/olympiaboutique.com\/en\/wp-json\/wp\/v2\/product_brand?post=696"},{"taxonomy":"product_cat","embeddable":true,"href":"https:\/\/olympiaboutique.com\/en\/wp-json\/wp\/v2\/product_cat?post=696"},{"taxonomy":"product_tag","embeddable":true,"href":"https:\/\/olympiaboutique.com\/en\/wp-json\/wp\/v2\/product_tag?post=696"}],"curies":[{"name":"wp","href":"https:\/\/api.w.org\/{rel}","templated":true}]}}