{"id":692,"date":"2023-10-11T11:55:20","date_gmt":"2023-10-11T11:55:20","guid":{"rendered":"https:\/\/olympiaboutique.com\/?post_type=product&#038;p=692"},"modified":"2025-12-01T04:17:33","modified_gmt":"2025-12-01T04:17:33","slug":"vaseline-blueseal-aloe-vera","status":"publish","type":"product","link":"https:\/\/olympiaboutique.com\/en\/product\/vaseline-blueseal-aloe-vera\/","title":{"rendered":"Vaseline\u00ae Blue Seal Alo\u00e8s Gel\u00e9e de p\u00e9trole fra\u00eeche, 50 ml"},"content":{"rendered":"<ul>\n<li>Vaseline\u00aeAloe Petroleum Jelly est un hydratant cicatrisant avec une formule \u00e0 absorption rapide et la bont\u00e9 de l\u2019Aloe Vera<\/li>\n<li>La vaseline\u00aeest la gel\u00e9e de p\u00e9trole blanche hypoallerg\u00e9nique et non com\u00e9dog\u00e8ne la plus connue au monde pour les soins doux de la peau<\/li>\n<li>Une vaseline l\u00e9g\u00e8re hydratante qui p\u00e9n\u00e8tre rapidement avec une sensation non grasse<\/li>\n<li>Utiliser l\u00e9g\u00e8rement sur les petites coupures ou plaies pour hydrater en douceur et pour faciliter la cicatrisation<\/li>\n<\/ul>","protected":false},"excerpt":{"rendered":"<p>Vaseline\u00aeAloe Petroleum Jelly est un hydratant cicatrisant avec une formule \u00e0 absorption rapide et la bont\u00e9 de l\u2019Aloe Vera La&#8230;<\/p>","protected":false},"featured_media":667,"comment_status":"open","ping_status":"closed","template":"","meta":{"_joinchat":[]},"product_brand":[],"product_cat":[22],"product_tag":[167],"class_list":{"0":"post-692","1":"product","2":"type-product","3":"status-publish","4":"has-post-thumbnail","6":"product_cat-skincare","7":"product_tag-vaseline-blueseal","9":"first","10":"outofstock","11":"shipping-taxable","12":"purchasable","13":"product-type-simple"},"jetpack_sharing_enabled":true,"_links":{"self":[{"href":"https:\/\/olympiaboutique.com\/en\/wp-json\/wp\/v2\/product\/692","targetHints":{"allow":["GET"]}}],"collection":[{"href":"https:\/\/olympiaboutique.com\/en\/wp-json\/wp\/v2\/product"}],"about":[{"href":"https:\/\/olympiaboutique.com\/en\/wp-json\/wp\/v2\/types\/product"}],"replies":[{"embeddable":true,"href":"https:\/\/olympiaboutique.com\/en\/wp-json\/wp\/v2\/comments?post=692"}],"wp:featuredmedia":[{"embeddable":true,"href":"https:\/\/olympiaboutique.com\/en\/wp-json\/wp\/v2\/media\/667"}],"wp:attachment":[{"href":"https:\/\/olympiaboutique.com\/en\/wp-json\/wp\/v2\/media?parent=692"}],"wp:term":[{"taxonomy":"product_brand","embeddable":true,"href":"https:\/\/olympiaboutique.com\/en\/wp-json\/wp\/v2\/product_brand?post=692"},{"taxonomy":"product_cat","embeddable":true,"href":"https:\/\/olympiaboutique.com\/en\/wp-json\/wp\/v2\/product_cat?post=692"},{"taxonomy":"product_tag","embeddable":true,"href":"https:\/\/olympiaboutique.com\/en\/wp-json\/wp\/v2\/product_tag?post=692"}],"curies":[{"name":"wp","href":"https:\/\/api.w.org\/{rel}","templated":true}]}}