{"id":690,"date":"2023-10-11T11:45:14","date_gmt":"2023-10-11T11:45:14","guid":{"rendered":"https:\/\/olympiaboutique.com\/?post_type=product&#038;p=690"},"modified":"2025-12-01T04:17:33","modified_gmt":"2025-12-01T04:17:33","slug":"jasmin-rice","status":"publish","type":"product","link":"https:\/\/olympiaboutique.com\/en\/product\/jasmin-rice\/","title":{"rendered":"Jasmin Evaxo, Riz tha\u00eflandais, (11,34 kg)"},"content":{"rendered":"<p>Le riz au jasmin, \u00e9galement connu sous le nom de riz parfum\u00e9 tha\u00eflandais, est un riz aromatique \u00e0 \u00ab\u00a0grains longs\u00a0\u00bb o\u00f9 chaque grain est environ quatre fois plus long que large. Le riz au jasmin est disponible dans une vari\u00e9t\u00e9 de couleurs. Le riz au jasmin blanc, en particulier, est en grande partie transform\u00e9 et pr\u00e9sente plus de similitudes nutritionnelles avec le riz blanc qu\u2019avec le riz au jasmin brun.<\/p>","protected":false},"excerpt":{"rendered":"<p>Le riz au jasmin, \u00e9galement connu sous le nom de riz parfum\u00e9 tha\u00eflandais, est un riz aromatique \u00e0 \u00ab\u00a0grains longs\u00a0\u00bb&#8230;<\/p>","protected":false},"featured_media":665,"comment_status":"open","ping_status":"closed","template":"","meta":{"_joinchat":[]},"product_brand":[],"product_cat":[23],"product_tag":[165],"class_list":{"0":"post-690","1":"product","2":"type-product","3":"status-publish","4":"has-post-thumbnail","6":"product_cat-food","7":"product_tag-jasmine-rice","9":"first","10":"outofstock","11":"shipping-taxable","12":"purchasable","13":"product-type-simple"},"jetpack_sharing_enabled":true,"_links":{"self":[{"href":"https:\/\/olympiaboutique.com\/en\/wp-json\/wp\/v2\/product\/690","targetHints":{"allow":["GET"]}}],"collection":[{"href":"https:\/\/olympiaboutique.com\/en\/wp-json\/wp\/v2\/product"}],"about":[{"href":"https:\/\/olympiaboutique.com\/en\/wp-json\/wp\/v2\/types\/product"}],"replies":[{"embeddable":true,"href":"https:\/\/olympiaboutique.com\/en\/wp-json\/wp\/v2\/comments?post=690"}],"wp:featuredmedia":[{"embeddable":true,"href":"https:\/\/olympiaboutique.com\/en\/wp-json\/wp\/v2\/media\/665"}],"wp:attachment":[{"href":"https:\/\/olympiaboutique.com\/en\/wp-json\/wp\/v2\/media?parent=690"}],"wp:term":[{"taxonomy":"product_brand","embeddable":true,"href":"https:\/\/olympiaboutique.com\/en\/wp-json\/wp\/v2\/product_brand?post=690"},{"taxonomy":"product_cat","embeddable":true,"href":"https:\/\/olympiaboutique.com\/en\/wp-json\/wp\/v2\/product_cat?post=690"},{"taxonomy":"product_tag","embeddable":true,"href":"https:\/\/olympiaboutique.com\/en\/wp-json\/wp\/v2\/product_tag?post=690"}],"curies":[{"name":"wp","href":"https:\/\/api.w.org\/{rel}","templated":true}]}}