{"id":652,"date":"2023-10-10T20:47:13","date_gmt":"2023-10-10T20:47:13","guid":{"rendered":"https:\/\/olympiaboutique.com\/?post_type=product&#038;p=652"},"modified":"2025-12-01T04:17:34","modified_gmt":"2025-12-01T04:17:34","slug":"vitafusion-calcium","status":"publish","type":"product","link":"https:\/\/olympiaboutique.com\/en\/product\/vitafusion-calcium\/","title":{"rendered":"VitaFusion Calcium avec vitamine D3 &#8211; 2 flacons de 100 &#8211; 200 gummies au total"},"content":{"rendered":"<p><span class=\"JLqJ4b ChMk0b\" data-language-for-alternatives=\"fr\" data-language-to-translate-into=\"en\" data-phrase-index=\"1\" data-number-of-phrases=\"3\"><span class=\"Q4iAWc\">Une fusion de nutriments essentiels et d\u2019ar\u00f4mes naturels de fruits et de cr\u00e8me, deux gommes vitafusion Calcium fournissent une excellente source de calcium et de vitamine D. Chaque portion soutient la sant\u00e9 des os avec 500 mg de calcium et 1 000 UI de vitamine D. Sp\u00e9cifications Pack double pratique, 100 gommes chacune Vitamine<\/span><\/span> <span class=\"JLqJ4b ChMk0b\" data-language-for-alternatives=\"fr\" data-language-to-translate-into=\"en\" data-phrase-index=\"2\" data-number-of-phrases=\"3\"><span class=\"Q4iAWc\">D3 1 000 UI. Une excellente source de calcium et de vitamine D3 \u00e0 haute puissance, Soutien osseux. La marque am\u00e9ricaine de vitamines g\u00e9lifi\u00e9es n\u00b0 1 Ar\u00f4mes naturels de fruits et de cr\u00e8me Sans gluten Vitafusion Calcium Gummies .<\/span><\/span><\/p>","protected":false},"excerpt":{"rendered":"<p><strong>Bienfaits<\/strong><\/p>\n<ul class=\"a-unordered-list a-vertical a-spacing-mini\">\n<li class=\"a-spacing-mini\"><span class=\"a-list-item\">Fusion de nutriments essentiels et d\u2019ar\u00f4mes naturels de fruits et de cr\u00e8me, deux bonbons g\u00e9lifi\u00e9s vitafusion Calcium constituent une excellente source de calcium et de vitamine D. Chaque portion favorise la sant\u00e9 des os avec 500 mg de calcium et 1 000 UI de vitamine D.<\/span><\/li>\n<li class=\"a-spacing-mini\"><span class=\"a-list-item\">Ar\u00f4mes naturels de fruits et de cr\u00e8me<\/span><\/li>\n<li class=\"a-spacing-mini\"><span class=\"a-list-item\">Sans gluten<\/span><\/li>\n<\/ul>","protected":false},"featured_media":637,"comment_status":"open","ping_status":"closed","template":"","meta":{"_joinchat":[]},"product_brand":[],"product_cat":[17],"product_tag":[155],"class_list":{"0":"post-652","1":"product","2":"type-product","3":"status-publish","4":"has-post-thumbnail","6":"product_cat-vitamines","7":"product_tag-vitafusion-calcium","9":"first","10":"outofstock","11":"shipping-taxable","12":"purchasable","13":"product-type-simple"},"jetpack_sharing_enabled":true,"_links":{"self":[{"href":"https:\/\/olympiaboutique.com\/en\/wp-json\/wp\/v2\/product\/652","targetHints":{"allow":["GET"]}}],"collection":[{"href":"https:\/\/olympiaboutique.com\/en\/wp-json\/wp\/v2\/product"}],"about":[{"href":"https:\/\/olympiaboutique.com\/en\/wp-json\/wp\/v2\/types\/product"}],"replies":[{"embeddable":true,"href":"https:\/\/olympiaboutique.com\/en\/wp-json\/wp\/v2\/comments?post=652"}],"wp:featuredmedia":[{"embeddable":true,"href":"https:\/\/olympiaboutique.com\/en\/wp-json\/wp\/v2\/media\/637"}],"wp:attachment":[{"href":"https:\/\/olympiaboutique.com\/en\/wp-json\/wp\/v2\/media?parent=652"}],"wp:term":[{"taxonomy":"product_brand","embeddable":true,"href":"https:\/\/olympiaboutique.com\/en\/wp-json\/wp\/v2\/product_brand?post=652"},{"taxonomy":"product_cat","embeddable":true,"href":"https:\/\/olympiaboutique.com\/en\/wp-json\/wp\/v2\/product_cat?post=652"},{"taxonomy":"product_tag","embeddable":true,"href":"https:\/\/olympiaboutique.com\/en\/wp-json\/wp\/v2\/product_tag?post=652"}],"curies":[{"name":"wp","href":"https:\/\/api.w.org\/{rel}","templated":true}]}}