{"id":651,"date":"2023-10-10T20:22:25","date_gmt":"2023-10-10T20:22:25","guid":{"rendered":"https:\/\/olympiaboutique.com\/?post_type=product&#038;p=651"},"modified":"2025-12-01T04:17:34","modified_gmt":"2025-12-01T04:17:34","slug":"turmeric-curcumin","status":"publish","type":"product","link":"https:\/\/olympiaboutique.com\/en\/product\/turmeric-curcumin\/","title":{"rendered":"Turmeric Curcumin 500 mg 250 capsules"},"content":{"rendered":"<p>La curcumine de curcuma de Nature\u2019s Truth fournit trois types d\u2019herbe ancienne, le curcuma, sous la forme d\u2019une capsule \u00e0 lib\u00e9ration rapide. Chaque portion fournit un m\u00e9lange sp\u00e9cialis\u00e9 de racine de curcuma.<\/p>\n<p>Pimentez votre routine de bien-\u00eatre avec le curcuma\u00a0! Connu pour donner au curry sa teinte dor\u00e9e caract\u00e9ristique, le curcuma est plus qu\u2019une simple \u00e9pice color\u00e9e. Il est utilis\u00e9 dans les pratiques de bien-\u00eatre holistique depuis des si\u00e8cles, notamment comme aliment de base dans les traditions folkloriques et ayurv\u00e9diques. Riche en curcumino\u00efdes, qui sont des compos\u00e9s b\u00e9n\u00e9fiques naturels, cette \u00e9pice traditionnelle est un merveilleux ajout \u00e0 la routine de bien-\u00eatre de quiconque.<\/p>\n<p><strong>Conseil d\u2019utilisation<\/strong> : Pour les adultes, prendre une (1) capsule par jour, de pr\u00e9f\u00e9rence avec un repas. Les capsules peuvent \u00eatre ouvertes et pr\u00e9par\u00e9es sous forme de th\u00e9.<\/p>\n<p>&nbsp;<\/p>","protected":false},"excerpt":{"rendered":"<p><strong>Bienfaits<\/strong><\/p>\n<p>Le curcuma permet de :<\/p>\n<div>\n<ul>\n<li>pr\u00e9venir le cancer et contribuer \u00e0 son traitement ;<\/li>\n<li>traiter les ulc\u00e8res de l\u2019estomac et les maladies inflammatoires ;<\/li>\n<li>r\u00e9duit l\u2019hyperlipid\u00e9mie et le risque de maladies cardiovasculaires ;<\/li>\n<li>soigne la gingivite ;<\/li>\n<li>pr\u00e9vient le diab\u00e8te de type 2 et r\u00e9duit l\u2019inflammation chez les patients diab\u00e9tiques souffrant de n\u00e9phropathie ;<\/li>\n<li>am\u00e9liore la performance cognitive chez les patients Alzheimer ;<\/li>\n<li>traiter les troubles digestifs ;<\/li>\n<li>traiter les ulc\u00e8res de l\u2019estomac et les troubles du foie ;<\/li>\n<li>soulager les maladies inflammatoires (arthrite rhumato\u00efde)<\/li>\n<\/ul>\n<\/div>\n<p>&nbsp;<\/p>","protected":false},"featured_media":635,"comment_status":"open","ping_status":"closed","template":"","meta":{"_joinchat":[]},"product_brand":[],"product_cat":[17],"product_tag":[154],"class_list":{"0":"post-651","1":"product","2":"type-product","3":"status-publish","4":"has-post-thumbnail","6":"product_cat-vitamines","7":"product_tag-turmeric-curcumin","9":"first","10":"outofstock","11":"shipping-taxable","12":"purchasable","13":"product-type-simple"},"jetpack_sharing_enabled":true,"_links":{"self":[{"href":"https:\/\/olympiaboutique.com\/en\/wp-json\/wp\/v2\/product\/651","targetHints":{"allow":["GET"]}}],"collection":[{"href":"https:\/\/olympiaboutique.com\/en\/wp-json\/wp\/v2\/product"}],"about":[{"href":"https:\/\/olympiaboutique.com\/en\/wp-json\/wp\/v2\/types\/product"}],"replies":[{"embeddable":true,"href":"https:\/\/olympiaboutique.com\/en\/wp-json\/wp\/v2\/comments?post=651"}],"wp:featuredmedia":[{"embeddable":true,"href":"https:\/\/olympiaboutique.com\/en\/wp-json\/wp\/v2\/media\/635"}],"wp:attachment":[{"href":"https:\/\/olympiaboutique.com\/en\/wp-json\/wp\/v2\/media?parent=651"}],"wp:term":[{"taxonomy":"product_brand","embeddable":true,"href":"https:\/\/olympiaboutique.com\/en\/wp-json\/wp\/v2\/product_brand?post=651"},{"taxonomy":"product_cat","embeddable":true,"href":"https:\/\/olympiaboutique.com\/en\/wp-json\/wp\/v2\/product_cat?post=651"},{"taxonomy":"product_tag","embeddable":true,"href":"https:\/\/olympiaboutique.com\/en\/wp-json\/wp\/v2\/product_tag?post=651"}],"curies":[{"name":"wp","href":"https:\/\/api.w.org\/{rel}","templated":true}]}}