{"id":650,"date":"2023-10-10T20:14:39","date_gmt":"2023-10-10T20:14:39","guid":{"rendered":"https:\/\/olympiaboutique.com\/?post_type=product&#038;p=650"},"modified":"2025-12-01T04:17:34","modified_gmt":"2025-12-01T04:17:34","slug":"the-ordinary-acide-hyaluronique","status":"publish","type":"product","link":"https:\/\/olympiaboutique.com\/en\/product\/the-ordinary-acide-hyaluronique\/","title":{"rendered":"The Ordinary AcidTHE ORDINARY Niacinamide 10% + Zinc 1% &#8211; S\u00e9rum Anti-Imperfections 60 ml"},"content":{"rendered":"<p>Une formule vegan hydratante \u00e0 base d\u2019Acide Hyaluronique ultra-pur. Le poids mol\u00e9culaire de l\u2019Acide Hyaluronique d\u00e9termine sa capacit\u00e9 \u00e0 agir en profondeur dans la peau.<\/p>\n<p>Cette formule contient 3 poids mol\u00e9culaires d\u2019Acide Hyaluronique (haut, moyen et bas), ainsi qu\u2019un polym\u00e8re r\u00e9ticul\u00e9 d\u2019Acide Hyaluronique de nouvelle g\u00e9n\u00e9ration, offrant une hydratation multicouche (en surface et en profondeur), sans huile. Cette concentration de 2% d\u2019Acide Hyaluronique est soutenue par la pr\u00e9sence de Vitamine B5 qui renforce l\u2019hydratation de la surface de la peau.<\/p>","protected":false},"excerpt":{"rendered":"<p><span style=\"\">Une formule\u00a0vegan\u00a0ultra-concentr\u00e9e en vitamines et min\u00e9raux pour lutter contre les imperfections et les inflammations cutan\u00e9es.<\/span><\/p>\n<p><span style=\"\">La Niacinamide (Vitamine B3), fortement concentr\u00e9e (10%), r\u00e9duit l\u2019apparence des imperfections et des pores dilat\u00e9s. Cette formule contient aussi du sel de zinc d\u2019acide pyrrolidone carboxylique qui permet de r\u00e9guler la production de s\u00e9bum.<\/span><\/p>\n<p>&nbsp;<\/p>","protected":false},"featured_media":634,"comment_status":"open","ping_status":"closed","template":"","meta":{"_joinchat":[]},"product_brand":[],"product_cat":[22],"product_tag":[153],"class_list":{"0":"post-650","1":"product","2":"type-product","3":"status-publish","4":"has-post-thumbnail","6":"product_cat-skincare","7":"product_tag-the-ordinary-acide-hyaluronique","9":"first","10":"outofstock","11":"shipping-taxable","12":"purchasable","13":"product-type-simple"},"jetpack_sharing_enabled":true,"_links":{"self":[{"href":"https:\/\/olympiaboutique.com\/en\/wp-json\/wp\/v2\/product\/650","targetHints":{"allow":["GET"]}}],"collection":[{"href":"https:\/\/olympiaboutique.com\/en\/wp-json\/wp\/v2\/product"}],"about":[{"href":"https:\/\/olympiaboutique.com\/en\/wp-json\/wp\/v2\/types\/product"}],"replies":[{"embeddable":true,"href":"https:\/\/olympiaboutique.com\/en\/wp-json\/wp\/v2\/comments?post=650"}],"wp:featuredmedia":[{"embeddable":true,"href":"https:\/\/olympiaboutique.com\/en\/wp-json\/wp\/v2\/media\/634"}],"wp:attachment":[{"href":"https:\/\/olympiaboutique.com\/en\/wp-json\/wp\/v2\/media?parent=650"}],"wp:term":[{"taxonomy":"product_brand","embeddable":true,"href":"https:\/\/olympiaboutique.com\/en\/wp-json\/wp\/v2\/product_brand?post=650"},{"taxonomy":"product_cat","embeddable":true,"href":"https:\/\/olympiaboutique.com\/en\/wp-json\/wp\/v2\/product_cat?post=650"},{"taxonomy":"product_tag","embeddable":true,"href":"https:\/\/olympiaboutique.com\/en\/wp-json\/wp\/v2\/product_tag?post=650"}],"curies":[{"name":"wp","href":"https:\/\/api.w.org\/{rel}","templated":true}]}}