{"id":646,"date":"2023-10-10T17:41:11","date_gmt":"2023-10-10T17:41:11","guid":{"rendered":"https:\/\/olympiaboutique.com\/?post_type=product&#038;p=646"},"modified":"2025-12-01T04:17:34","modified_gmt":"2025-12-01T04:17:34","slug":"la-roche-posay-effaclar","status":"publish","type":"product","link":"https:\/\/olympiaboutique.com\/en\/product\/la-roche-posay-effaclar\/","title":{"rendered":"La Roche-Posay Effaclar Syst\u00e8me dermatologique de traitement de l\u2019acn\u00e9 en 3 \u00e9tapes"},"content":{"rendered":"<p>La gamme Effaclar apaise la peau et \u00e9limine les exc\u00e8s de s\u00e9bum sur les peaux grasses \u00e0 tendance acn\u00e9ique, et les peaux sensibles. Il est de ce fait id\u00e9al pour contr\u00f4ler la production de s\u00e9bum et pour att\u00e9nuer la brillance de la peau. Appliqu\u00e9 deux ou trois fois par semaine, ces produits purifient \u00e9galement l\u2019\u00e9piderme en \u00e9liminant les poussi\u00e8res et les autres impuret\u00e9s invisibles<\/p>","protected":false},"excerpt":{"rendered":"<p>La gamme Effaclar apaise la peau et \u00e9limine les exc\u00e8s de s\u00e9bum sur les peaux grasses \u00e0 tendance acn\u00e9ique, et&#8230;<\/p>","protected":false},"featured_media":627,"comment_status":"open","ping_status":"closed","template":"","meta":{"_joinchat":[]},"product_brand":[],"product_cat":[22],"product_tag":[149],"class_list":{"0":"post-646","1":"product","2":"type-product","3":"status-publish","4":"has-post-thumbnail","6":"product_cat-skincare","7":"product_tag-la-roche-posay-effaclar","9":"first","10":"outofstock","11":"shipping-taxable","12":"purchasable","13":"product-type-simple"},"jetpack_sharing_enabled":true,"_links":{"self":[{"href":"https:\/\/olympiaboutique.com\/en\/wp-json\/wp\/v2\/product\/646","targetHints":{"allow":["GET"]}}],"collection":[{"href":"https:\/\/olympiaboutique.com\/en\/wp-json\/wp\/v2\/product"}],"about":[{"href":"https:\/\/olympiaboutique.com\/en\/wp-json\/wp\/v2\/types\/product"}],"replies":[{"embeddable":true,"href":"https:\/\/olympiaboutique.com\/en\/wp-json\/wp\/v2\/comments?post=646"}],"wp:featuredmedia":[{"embeddable":true,"href":"https:\/\/olympiaboutique.com\/en\/wp-json\/wp\/v2\/media\/627"}],"wp:attachment":[{"href":"https:\/\/olympiaboutique.com\/en\/wp-json\/wp\/v2\/media?parent=646"}],"wp:term":[{"taxonomy":"product_brand","embeddable":true,"href":"https:\/\/olympiaboutique.com\/en\/wp-json\/wp\/v2\/product_brand?post=646"},{"taxonomy":"product_cat","embeddable":true,"href":"https:\/\/olympiaboutique.com\/en\/wp-json\/wp\/v2\/product_cat?post=646"},{"taxonomy":"product_tag","embeddable":true,"href":"https:\/\/olympiaboutique.com\/en\/wp-json\/wp\/v2\/product_tag?post=646"}],"curies":[{"name":"wp","href":"https:\/\/api.w.org\/{rel}","templated":true}]}}