{"id":622,"date":"2023-10-10T16:52:12","date_gmt":"2023-10-10T16:52:12","guid":{"rendered":"https:\/\/olympiaboutique.com\/?post_type=product&#038;p=622"},"modified":"2025-12-01T04:17:34","modified_gmt":"2025-12-01T04:17:34","slug":"neocell-super-collagen-plus","status":"publish","type":"product","link":"https:\/\/olympiaboutique.com\/en\/product\/neocell-super-collagen-plus\/","title":{"rendered":"NeoCell, Super Collagen Plus avec vitamine C et acide hyaluronique, 195 g"},"content":{"rendered":"<p>NeoCell Super Collagen de type 1 et 3 contient du collag\u00e8ne 100 % pur et biodisponible, ainsi que 19 acides amin\u00e9s essentiels, dont la glycine, pour nourrir les couches dermiques de votre peau. La glycine aide \u00e0 favoriser la croissance musculaire maigre, pour une peau d\u2019apparence plus forte et plus saine.<\/p>\n<p><strong>Mode d\u2019utilisation\u00a0: Il suffit de prendre trois comprim\u00e9s deux fois par jour<\/strong><\/p>","protected":false},"excerpt":{"rendered":"<p><strong>Bienfaits\u00a0:<\/strong><\/p>\n<ul>\n<li>Soutient la sant\u00e9 de la peau, des cheveux, et des ongles.<\/li>\n<li>Soutient \u00e9galement une saine production de collag\u00e8ne.<\/li>\n<\/ul>","protected":false},"featured_media":604,"comment_status":"open","ping_status":"closed","template":"","meta":{"_joinchat":[]},"product_brand":[],"product_cat":[17],"product_tag":[146],"class_list":{"0":"post-622","1":"product","2":"type-product","3":"status-publish","4":"has-post-thumbnail","6":"product_cat-vitamines","7":"product_tag-neocell-super-collagen-plus","9":"first","10":"outofstock","11":"shipping-taxable","12":"purchasable","13":"product-type-simple"},"jetpack_sharing_enabled":true,"_links":{"self":[{"href":"https:\/\/olympiaboutique.com\/en\/wp-json\/wp\/v2\/product\/622","targetHints":{"allow":["GET"]}}],"collection":[{"href":"https:\/\/olympiaboutique.com\/en\/wp-json\/wp\/v2\/product"}],"about":[{"href":"https:\/\/olympiaboutique.com\/en\/wp-json\/wp\/v2\/types\/product"}],"replies":[{"embeddable":true,"href":"https:\/\/olympiaboutique.com\/en\/wp-json\/wp\/v2\/comments?post=622"}],"wp:featuredmedia":[{"embeddable":true,"href":"https:\/\/olympiaboutique.com\/en\/wp-json\/wp\/v2\/media\/604"}],"wp:attachment":[{"href":"https:\/\/olympiaboutique.com\/en\/wp-json\/wp\/v2\/media?parent=622"}],"wp:term":[{"taxonomy":"product_brand","embeddable":true,"href":"https:\/\/olympiaboutique.com\/en\/wp-json\/wp\/v2\/product_brand?post=622"},{"taxonomy":"product_cat","embeddable":true,"href":"https:\/\/olympiaboutique.com\/en\/wp-json\/wp\/v2\/product_cat?post=622"},{"taxonomy":"product_tag","embeddable":true,"href":"https:\/\/olympiaboutique.com\/en\/wp-json\/wp\/v2\/product_tag?post=622"}],"curies":[{"name":"wp","href":"https:\/\/api.w.org\/{rel}","templated":true}]}}