{"id":619,"date":"2023-10-10T15:51:32","date_gmt":"2023-10-10T15:51:32","guid":{"rendered":"https:\/\/olympiaboutique.com\/?post_type=product&#038;p=619"},"modified":"2025-12-04T15:16:44","modified_gmt":"2025-12-04T15:16:44","slug":"neutrogena-creme-solaire","status":"publish","type":"product","link":"https:\/\/olympiaboutique.com\/en\/product\/neutrogena-creme-solaire\/","title":{"rendered":"NEUTROGENA\u00ae ULTRA SHEER, SPF 70, Spray\/Cr\u00e8me solaire, (135 ml- 88 ml)"},"content":{"rendered":"<p>La cr\u00e8me solaire Neutrogena Ultra Sheer, effet peau s\u00e8che, avec un FPS 70, offre une protection solaire \u00e0 large spectre et une sensation de l\u00e9g\u00e8ret\u00e9 incomparable. Formul\u00e9e \u00e0 base d&#8217;avobenzone, d&#8217;homosalate, d&#8217;octisalate et d&#8217;octocryl\u00e8ne, cette cr\u00e8me solaire corporelle non grasse est sans oxybenzone et conforme \u00e0 la loi hawa\u00efenne 104. Gr\u00e2ce \u00e0 la technologie Helioplex, elle assure une protection UVA\/UVB sup\u00e9rieure contre les rayons UVA responsables du vieillissement cutan\u00e9 et les rayons UVB des coups de soleil. Enrichie en vitamine E antioxydante, cette lotion solaire l\u00e9g\u00e8re, dot\u00e9e de la technologie effet peau s\u00e8che, p\u00e9n\u00e8tre rapidement pour une sensation de fra\u00eecheur et un fini mat. Sa formule est non com\u00e9dog\u00e8ne et sans PABA. R\u00e9sistante \u00e0 l&#8217;eau jusqu&#8217;\u00e0 80 minutes, cette cr\u00e8me solaire Neutrogena est recommand\u00e9e par les dermatologues.<\/p>\n<p>Appliquez-la avant l&#8217;exposition au soleil pour prot\u00e9ger votre peau lors d&#8217;activit\u00e9s ext\u00e9rieures comme le jardinage, le v\u00e9lo, la randonn\u00e9e, le bateau ou la marche. Profitez du soleil en toute s\u00e9r\u00e9nit\u00e9.<\/p>","protected":false},"excerpt":{"rendered":"<ul>\n<li>L\u2019\u00e9cran solaire Visage Neutrogena Ultra Sheer aide \u00e0 pr\u00e9venir les signes de vieillissement pr\u00e9matur\u00e9s caus\u00e9s par le soleil.<\/li>\n<li>R\u00e9siste \u00e0 l\u2019eau et \u00e0 la sueur (80 minutes)<\/li>\n<li><span dir=\"auto\">L\u00e9g\u00e8re et non grasse, cette lotion solaire transparente prot\u00e8ge la peau tout en laissant une sensation de l\u00e9g\u00e8ret\u00e9.<\/span><\/li>\n<li><span dir=\"auto\">Cette cr\u00e8me solaire \u00e0 large spectre aide \u00e0 prot\u00e9ger contre les coups de soleil gr\u00e2ce \u00e0 sa formule sans oxybenzone.<\/span><\/li>\n<li>S\u2019emploie sous le maquillage<\/li>\n<li>Non com\u00e9dog\u00e8ne (n\u2019obstrue pas les pores)<\/li>\n<\/ul>","protected":false},"featured_media":3511,"comment_status":"open","ping_status":"closed","template":"","meta":{"_joinchat":[]},"product_brand":[],"product_cat":[22],"product_tag":[348,143],"class_list":{"0":"post-619","1":"product","2":"type-product","3":"status-publish","4":"has-post-thumbnail","6":"product_cat-skincare","7":"product_tag-neutogena","8":"product_tag-neutrogena","10":"first","11":"instock","12":"shipping-taxable","13":"purchasable","14":"product-type-variable"},"jetpack_sharing_enabled":true,"_links":{"self":[{"href":"https:\/\/olympiaboutique.com\/en\/wp-json\/wp\/v2\/product\/619","targetHints":{"allow":["GET"]}}],"collection":[{"href":"https:\/\/olympiaboutique.com\/en\/wp-json\/wp\/v2\/product"}],"about":[{"href":"https:\/\/olympiaboutique.com\/en\/wp-json\/wp\/v2\/types\/product"}],"replies":[{"embeddable":true,"href":"https:\/\/olympiaboutique.com\/en\/wp-json\/wp\/v2\/comments?post=619"}],"wp:featuredmedia":[{"embeddable":true,"href":"https:\/\/olympiaboutique.com\/en\/wp-json\/wp\/v2\/media\/3511"}],"wp:attachment":[{"href":"https:\/\/olympiaboutique.com\/en\/wp-json\/wp\/v2\/media?parent=619"}],"wp:term":[{"taxonomy":"product_brand","embeddable":true,"href":"https:\/\/olympiaboutique.com\/en\/wp-json\/wp\/v2\/product_brand?post=619"},{"taxonomy":"product_cat","embeddable":true,"href":"https:\/\/olympiaboutique.com\/en\/wp-json\/wp\/v2\/product_cat?post=619"},{"taxonomy":"product_tag","embeddable":true,"href":"https:\/\/olympiaboutique.com\/en\/wp-json\/wp\/v2\/product_tag?post=619"}],"curies":[{"name":"wp","href":"https:\/\/api.w.org\/{rel}","templated":true}]}}