{"id":616,"date":"2023-10-10T15:40:30","date_gmt":"2023-10-10T15:40:30","guid":{"rendered":"https:\/\/olympiaboutique.com\/?post_type=product&#038;p=616"},"modified":"2026-04-27T14:29:13","modified_gmt":"2026-04-27T14:29:13","slug":"naturewell-vitamin-c","status":"publish","type":"product","link":"https:\/\/olympiaboutique.com\/en\/product\/naturewell-vitamin-c\/","title":{"rendered":"Naturewell Cr\u00e8me hydratante \u00e9claircissante \u00e0 la vitamine C, 454 g"},"content":{"rendered":"<p>La cr\u00e8me hydratante \u00e9claircissante \u00e0 la vitamine C NatureWell offre une approche multi-actions qui permet de r\u00e9v\u00e9ler une peau d\u2019apparence plus radieuse et plus saine. Formul\u00e9e avec de la vitamine C micro-encapsul\u00e9e avanc\u00e9e pour une efficacit\u00e9 et une diffusion am\u00e9lior\u00e9es, cette cr\u00e8me aide \u00e0 am\u00e9liorer le teint et la texture de l\u2019ensemble. S\u2019absorbe facilement sans laisser de r\u00e9sidu gras. D\u00e9velopp\u00e9 pour tous les types de peau<\/p>","protected":false},"excerpt":{"rendered":"<p>La cr\u00e8me hydratante \u00e9claircissante \u00e0 la vitamine C NatureWell offre une approche multi-actions qui permet de r\u00e9v\u00e9ler une peau d\u2019apparence&#8230;<\/p>","protected":false},"featured_media":600,"comment_status":"open","ping_status":"closed","template":"","meta":{"_joinchat":[]},"product_brand":[],"product_cat":[22],"product_tag":[141],"class_list":{"0":"post-616","1":"product","2":"type-product","3":"status-publish","4":"has-post-thumbnail","6":"product_cat-skincare","7":"product_tag-naturewell-vitamin-c","9":"first","10":"outofstock","11":"shipping-taxable","12":"purchasable","13":"product-type-simple"},"jetpack_sharing_enabled":true,"_links":{"self":[{"href":"https:\/\/olympiaboutique.com\/en\/wp-json\/wp\/v2\/product\/616","targetHints":{"allow":["GET"]}}],"collection":[{"href":"https:\/\/olympiaboutique.com\/en\/wp-json\/wp\/v2\/product"}],"about":[{"href":"https:\/\/olympiaboutique.com\/en\/wp-json\/wp\/v2\/types\/product"}],"replies":[{"embeddable":true,"href":"https:\/\/olympiaboutique.com\/en\/wp-json\/wp\/v2\/comments?post=616"}],"wp:featuredmedia":[{"embeddable":true,"href":"https:\/\/olympiaboutique.com\/en\/wp-json\/wp\/v2\/media\/600"}],"wp:attachment":[{"href":"https:\/\/olympiaboutique.com\/en\/wp-json\/wp\/v2\/media?parent=616"}],"wp:term":[{"taxonomy":"product_brand","embeddable":true,"href":"https:\/\/olympiaboutique.com\/en\/wp-json\/wp\/v2\/product_brand?post=616"},{"taxonomy":"product_cat","embeddable":true,"href":"https:\/\/olympiaboutique.com\/en\/wp-json\/wp\/v2\/product_cat?post=616"},{"taxonomy":"product_tag","embeddable":true,"href":"https:\/\/olympiaboutique.com\/en\/wp-json\/wp\/v2\/product_tag?post=616"}],"curies":[{"name":"wp","href":"https:\/\/api.w.org\/{rel}","templated":true}]}}