{"id":611,"date":"2023-10-10T15:06:51","date_gmt":"2023-10-10T15:06:51","guid":{"rendered":"https:\/\/olympiaboutique.com\/?post_type=product&#038;p=611"},"modified":"2025-12-01T04:17:35","modified_gmt":"2025-12-01T04:17:35","slug":"amlactin-daily-2","status":"publish","type":"product","link":"https:\/\/olympiaboutique.com\/en\/product\/amlactin-daily-2\/","title":{"rendered":"Amlactin, Daily Nourish Lotion avec 12% d\u2019acide lactique 400g"},"content":{"rendered":"<p><span>Lotion hydratante compl\u00e8te pour le corps : facilitez les soins de la peau avec notre lotion quotidienne con\u00e7ue pour exfolier en douceur et hydrater en profondeur votre visage, vos mains et votre corps, r\u00e9v\u00e9lant une peau rajeunie tout autour en une seule \u00e9tape.<\/span><br \/>\n<span>La formule : Daily Nourish utilise 5 % d\u2019acide lactique pour exfolier les cellules mortes de la peau et favoriser le renouvellement des cellules cutan\u00e9es tout en emprisonnant l\u2019hydratation avec des c\u00e9ramides et en nourrissant la peau avec de la niacinamide (vitamine B3), de la vitamine D et de la vitamine E.<\/span><br \/>\n<span>Simplifiez votre routine de soins de la peau : notre lotion est un exfoliant et un hydratant, ce qui signifie que vous pouvez enfin r\u00e9duire le nombre de produits de soin sur votre \u00e9tag\u00e8re tout en donnant \u00e0 votre peau l\u2019amour qu\u2019elle m\u00e9rite.<\/span><\/p>\n<p>&nbsp;<\/p>\n<p>&nbsp;<\/p>","protected":false},"excerpt":{"rendered":"<p>Formul\u00e9e avec 12 % d\u2019acide lactique, cette lotion hydratante quotidienne stimule le processus naturel de renouvellement de la peau. Lotion hydratante non grasse, la lotion corporelle hydratante quotidienne AmLactin pour peaux s\u00e8ches est \u00e9galement sans parfum et sans parab\u00e8ne. Elle hydrate en profondeur la peau s\u00e8che et rugueuse, la laissant douce et lisse.<\/p>","protected":false},"featured_media":595,"comment_status":"open","ping_status":"closed","template":"","meta":{"_joinchat":[]},"product_brand":[],"product_cat":[22],"product_tag":[136],"class_list":{"0":"post-611","1":"product","2":"type-product","3":"status-publish","4":"has-post-thumbnail","6":"product_cat-skincare","7":"product_tag-amlactin-daily","9":"first","10":"outofstock","11":"shipping-taxable","12":"purchasable","13":"product-type-simple"},"jetpack_sharing_enabled":true,"_links":{"self":[{"href":"https:\/\/olympiaboutique.com\/en\/wp-json\/wp\/v2\/product\/611","targetHints":{"allow":["GET"]}}],"collection":[{"href":"https:\/\/olympiaboutique.com\/en\/wp-json\/wp\/v2\/product"}],"about":[{"href":"https:\/\/olympiaboutique.com\/en\/wp-json\/wp\/v2\/types\/product"}],"replies":[{"embeddable":true,"href":"https:\/\/olympiaboutique.com\/en\/wp-json\/wp\/v2\/comments?post=611"}],"wp:featuredmedia":[{"embeddable":true,"href":"https:\/\/olympiaboutique.com\/en\/wp-json\/wp\/v2\/media\/595"}],"wp:attachment":[{"href":"https:\/\/olympiaboutique.com\/en\/wp-json\/wp\/v2\/media?parent=611"}],"wp:term":[{"taxonomy":"product_brand","embeddable":true,"href":"https:\/\/olympiaboutique.com\/en\/wp-json\/wp\/v2\/product_brand?post=611"},{"taxonomy":"product_cat","embeddable":true,"href":"https:\/\/olympiaboutique.com\/en\/wp-json\/wp\/v2\/product_cat?post=611"},{"taxonomy":"product_tag","embeddable":true,"href":"https:\/\/olympiaboutique.com\/en\/wp-json\/wp\/v2\/product_tag?post=611"}],"curies":[{"name":"wp","href":"https:\/\/api.w.org\/{rel}","templated":true}]}}