{"id":610,"date":"2023-10-10T15:02:08","date_gmt":"2023-10-10T15:02:08","guid":{"rendered":"https:\/\/olympiaboutique.com\/?post_type=product&#038;p=610"},"modified":"2025-12-01T04:17:35","modified_gmt":"2025-12-01T04:17:35","slug":"vital-proteins-collagen-peptides-vanille","status":"publish","type":"product","link":"https:\/\/olympiaboutique.com\/en\/product\/vital-proteins-collagen-peptides-vanille\/","title":{"rendered":"Vital Proteins Collagen Peptides Powder Citron 752g"},"content":{"rendered":"<p>Le Collagen Peptides saveur citron a \u00e9t\u00e9 d\u00e9velopp\u00e9 pour les personnes \u00e0 la recherche des m\u00eames b\u00e9n\u00e9fices que le Collagen Peptides, avec une touche de saveur suppl\u00e9mentaire. Fabriqu\u00e9 \u00e0 partir de peptides de collag\u00e8ne d\u2019origine bovine et d\u2019ar\u00f4me naturel de citron, cette variante de notre fameux Collagen Peptides apporte douceur et gourmandise dans votre routine.<\/p>\n<p>Le collag\u00e8ne est une prot\u00e9ine. Les prot\u00e9ines contribuent \u00e0 l\u2019augmentation de la masse musculaire et au maintien d\u2019une ossature normale.<\/p>","protected":false},"excerpt":{"rendered":"<p><strong>Bienfaits\/bien-\u00eatre<\/strong> :<\/p>\n<ul>\n<li>Lisse et Raffermit la Peau<\/li>\n<li>Renforce les Cheveux et les Ongles<\/li>\n<li>Performance Physique<\/li>\n<\/ul>\n<p><strong>Conseils d\u2019utilisation : M\u00e9langer 1 \u00e0 2 cuill\u00e8res par jour dans la pr\u00e9paration chaude ou froide de votre choix telle que du lait, un caf\u00e9, un smoothie ou un yahourt<\/strong>.<\/p>","protected":false},"featured_media":594,"comment_status":"open","ping_status":"closed","template":"","meta":{"_joinchat":[]},"product_brand":[],"product_cat":[17],"product_tag":[101],"class_list":{"0":"post-610","1":"product","2":"type-product","3":"status-publish","4":"has-post-thumbnail","6":"product_cat-vitamines","7":"product_tag-vital-proteins-collagen-peptides","9":"first","10":"outofstock","11":"shipping-taxable","12":"purchasable","13":"product-type-simple"},"jetpack_sharing_enabled":true,"_links":{"self":[{"href":"https:\/\/olympiaboutique.com\/en\/wp-json\/wp\/v2\/product\/610","targetHints":{"allow":["GET"]}}],"collection":[{"href":"https:\/\/olympiaboutique.com\/en\/wp-json\/wp\/v2\/product"}],"about":[{"href":"https:\/\/olympiaboutique.com\/en\/wp-json\/wp\/v2\/types\/product"}],"replies":[{"embeddable":true,"href":"https:\/\/olympiaboutique.com\/en\/wp-json\/wp\/v2\/comments?post=610"}],"wp:featuredmedia":[{"embeddable":true,"href":"https:\/\/olympiaboutique.com\/en\/wp-json\/wp\/v2\/media\/594"}],"wp:attachment":[{"href":"https:\/\/olympiaboutique.com\/en\/wp-json\/wp\/v2\/media?parent=610"}],"wp:term":[{"taxonomy":"product_brand","embeddable":true,"href":"https:\/\/olympiaboutique.com\/en\/wp-json\/wp\/v2\/product_brand?post=610"},{"taxonomy":"product_cat","embeddable":true,"href":"https:\/\/olympiaboutique.com\/en\/wp-json\/wp\/v2\/product_cat?post=610"},{"taxonomy":"product_tag","embeddable":true,"href":"https:\/\/olympiaboutique.com\/en\/wp-json\/wp\/v2\/product_tag?post=610"}],"curies":[{"name":"wp","href":"https:\/\/api.w.org\/{rel}","templated":true}]}}