{"id":588,"date":"2023-10-10T13:02:42","date_gmt":"2023-10-10T13:02:42","guid":{"rendered":"https:\/\/olympiaboutique.com\/?post_type=product&#038;p=588"},"modified":"2025-12-01T04:17:35","modified_gmt":"2025-12-01T04:17:35","slug":"eucerin-advanced-repair","status":"publish","type":"product","link":"https:\/\/olympiaboutique.com\/en\/product\/eucerin-advanced-repair\/","title":{"rendered":"Eucerin Lotion Smoothing Essentials pour peaux tr\u00e8s s\u00e8ches &#8211; Hydrate et lisse &#8211; 500 ml"},"content":{"rendered":"<p>EUCERIN Intensive Repair hydrate intens\u00e9ment et soulage les peaux s\u00e8ches, rugueuses et qui tiraillent.<br \/>\nCe lait pour le corps riche, mais qui p\u00e9n\u00e8tre facilement, combine trois actions pour hydrater, exfolie et revitalise les peaux tr\u00e8s s\u00e8ches. Enrichi en Alpha Hydroxy (AHA) et en facteurs hydratants naturels, il restaure imm\u00e9diatement l\u2019\u00e9clat de la peau.Il offre \u00e0 votre peau l\u2019hydratation n\u00e9cessaire et la rend tr\u00e8s soyeuse. Il fournit une hydratation 24 heures sur 24, sans parfum ni colorant ni paraben.<br \/>\nCe lait r\u00e9parateur intensif rend les mains visiblement plus douces et plus lisses apr\u00e8s une seule application.<\/p>\n<p>Enrichi en c\u00e9ramide 3 ; renforce la barri\u00e8re d\u2019hydratation protectrice de la peau.<br \/>\nEnrichi en facteurs hydratants naturels ; une combinaison d\u2019ingr\u00e9dients hydratants naturellement pr\u00e9sents dans la peau qui hydrate pour aider \u00e0 pr\u00e9venir le dess\u00e8chement.<\/p>\n<p>Sans parfum, sans colorant et sans paraben pour les peaux sensibles<\/p>","protected":false},"excerpt":{"rendered":"<p><strong>Eucerin Advanced Repair Lotion<\/strong> fournit une hydratation de 48 heures<br \/>\nR\u00e9pare les peaux tr\u00e8s s\u00e8ches.<\/p>","protected":false},"featured_media":1993,"comment_status":"open","ping_status":"closed","template":"","meta":{"_joinchat":[]},"product_brand":[],"product_cat":[22],"product_tag":[130],"class_list":{"0":"post-588","1":"product","2":"type-product","3":"status-publish","4":"has-post-thumbnail","6":"product_cat-skincare","7":"product_tag-eucerin-advanced-repair","9":"first","10":"outofstock","11":"shipping-taxable","12":"purchasable","13":"product-type-simple"},"jetpack_sharing_enabled":true,"_links":{"self":[{"href":"https:\/\/olympiaboutique.com\/en\/wp-json\/wp\/v2\/product\/588","targetHints":{"allow":["GET"]}}],"collection":[{"href":"https:\/\/olympiaboutique.com\/en\/wp-json\/wp\/v2\/product"}],"about":[{"href":"https:\/\/olympiaboutique.com\/en\/wp-json\/wp\/v2\/types\/product"}],"replies":[{"embeddable":true,"href":"https:\/\/olympiaboutique.com\/en\/wp-json\/wp\/v2\/comments?post=588"}],"wp:featuredmedia":[{"embeddable":true,"href":"https:\/\/olympiaboutique.com\/en\/wp-json\/wp\/v2\/media\/1993"}],"wp:attachment":[{"href":"https:\/\/olympiaboutique.com\/en\/wp-json\/wp\/v2\/media?parent=588"}],"wp:term":[{"taxonomy":"product_brand","embeddable":true,"href":"https:\/\/olympiaboutique.com\/en\/wp-json\/wp\/v2\/product_brand?post=588"},{"taxonomy":"product_cat","embeddable":true,"href":"https:\/\/olympiaboutique.com\/en\/wp-json\/wp\/v2\/product_cat?post=588"},{"taxonomy":"product_tag","embeddable":true,"href":"https:\/\/olympiaboutique.com\/en\/wp-json\/wp\/v2\/product_tag?post=588"}],"curies":[{"name":"wp","href":"https:\/\/api.w.org\/{rel}","templated":true}]}}