{"id":583,"date":"2023-10-10T10:47:04","date_gmt":"2023-10-10T10:47:04","guid":{"rendered":"https:\/\/olympiaboutique.com\/?post_type=product&#038;p=583"},"modified":"2025-12-01T04:17:36","modified_gmt":"2025-12-01T04:17:36","slug":"kirkland-coq10","status":"publish","type":"product","link":"https:\/\/olympiaboutique.com\/en\/product\/kirkland-coq10\/","title":{"rendered":"Kirkland Signature CoQ10 300mg 100 g\u00e9lules"},"content":{"rendered":"<p>La CoQ10 est un antioxydant important aux nombreux bienfaits pour la sant\u00e9. La CoQ10 est pr\u00e9sente dans presque toutes les cellules du corps, mais son niveau peut diminuer avec l\u2019\u00e2ge. Une suppl\u00e9mentation en CoQ10 soutient la sant\u00e9 cardiaque et antioxydante et peut aider \u00e0 vieillir en bonne sant\u00e9.<\/p>\n<p><strong>Utilisation recommand\u00e9e<\/strong>\u00a0: <b>Prendre une (1) g\u00e9lule par jour ou selon les directives d\u2019un m\u00e9decin<\/b>.<\/p>","protected":false},"excerpt":{"rendered":"<p><strong>Bienfaits<\/strong><\/p>\n<ul>\n<li>Aide \u00e0 maintenir la sant\u00e9 cardiaque<\/li>\n<li>Aide \u00e0 maintenir une tension art\u00e9rielle saine<\/li>\n<li>Favorise la production d\u2019\u00e9nergie cellulaire<\/li>\n<li>La CoQ10 peut reconstituer ce que les statines peuvent \u00e9puiser<\/li>\n<\/ul>","protected":false},"featured_media":559,"comment_status":"open","ping_status":"closed","template":"","meta":{"_joinchat":[]},"product_brand":[],"product_cat":[17],"product_tag":[126],"class_list":{"0":"post-583","1":"product","2":"type-product","3":"status-publish","4":"has-post-thumbnail","6":"product_cat-vitamines","7":"product_tag-kirkland-coq10","9":"first","10":"outofstock","11":"shipping-taxable","12":"purchasable","13":"product-type-simple"},"jetpack_sharing_enabled":true,"_links":{"self":[{"href":"https:\/\/olympiaboutique.com\/en\/wp-json\/wp\/v2\/product\/583","targetHints":{"allow":["GET"]}}],"collection":[{"href":"https:\/\/olympiaboutique.com\/en\/wp-json\/wp\/v2\/product"}],"about":[{"href":"https:\/\/olympiaboutique.com\/en\/wp-json\/wp\/v2\/types\/product"}],"replies":[{"embeddable":true,"href":"https:\/\/olympiaboutique.com\/en\/wp-json\/wp\/v2\/comments?post=583"}],"wp:featuredmedia":[{"embeddable":true,"href":"https:\/\/olympiaboutique.com\/en\/wp-json\/wp\/v2\/media\/559"}],"wp:attachment":[{"href":"https:\/\/olympiaboutique.com\/en\/wp-json\/wp\/v2\/media?parent=583"}],"wp:term":[{"taxonomy":"product_brand","embeddable":true,"href":"https:\/\/olympiaboutique.com\/en\/wp-json\/wp\/v2\/product_brand?post=583"},{"taxonomy":"product_cat","embeddable":true,"href":"https:\/\/olympiaboutique.com\/en\/wp-json\/wp\/v2\/product_cat?post=583"},{"taxonomy":"product_tag","embeddable":true,"href":"https:\/\/olympiaboutique.com\/en\/wp-json\/wp\/v2\/product_tag?post=583"}],"curies":[{"name":"wp","href":"https:\/\/api.w.org\/{rel}","templated":true}]}}