{"id":582,"date":"2023-10-10T10:41:22","date_gmt":"2023-10-10T10:41:22","guid":{"rendered":"https:\/\/olympiaboutique.com\/?post_type=product&#038;p=582"},"modified":"2026-04-09T19:44:02","modified_gmt":"2026-04-09T19:44:02","slug":"emergen-vitamin-c","status":"publish","type":"product","link":"https:\/\/olympiaboutique.com\/en\/product\/emergen-vitamin-c\/","title":{"rendered":"Emergen-C 1000mg Vitamine C saveur Super Orange &#8211; 90 sachets"},"content":{"rendered":"<p>Emergen-C contient plus de vitamine C que 10 oranges, ainsi que des vitamines B, des antioxydants\u00a0et des \u00e9lectrolytes.<\/p>\n<ul>\n<li>Se dissout dans l\u2019eau : sans caf\u00e9ine et fabriqu\u00e9 avec des saveurs naturelles,<\/li>\n<\/ul>\n<p><strong>Emergen-C est facile \u00e0 utiliser, il suffit de dissoudre le m\u00e9lange de poudre de boisson Emergen-C dans de l\u2019eau froide ou chaude (10 \u00e0 170 ml), regardez-le p\u00e9tiller, m\u00e9langer et profiter.<\/strong><\/p>\n<p>&nbsp;<\/p>","protected":false},"excerpt":{"rendered":"<ul>\n<li><strong>Bienfaits<\/strong>\n<ul>\n<li>timulateur de syst\u00e8me immunitaire tout au long de l\u2019ann\u00e9e : id\u00e9al pour une utilisation tout au long de l\u2019ann\u00e9e, Emergen-C est rempli de vitamines, d\u2019antioxydants et d\u2019\u00e9lectrolytes qui aident \u00e0 soutenir votre sant\u00e9 immunitaire \u00e0 la maison, au bureau ou en d\u00e9placement.<\/li>\n<li>Vitamine C : chaque dose d\u00e9livre 1 000 mg de vitamine C, soit plus de vitamine C que 10 oranges (bas\u00e9 sur la valeur nutritive Sant\u00e9 Canada des aliments communs, orange).<\/li>\n<li>Vitamines essentielles avec \u00e9lectrolytes : id\u00e9al pour maintenir la fonction immunitaire et aider \u00e0 soutenir la production d\u2019\u00e9nergie, Emergen-C comprend sept vitamines B et d\u2019autres \u00e9lectrolytes pour reconstituer votre corps apr\u00e8s l\u2019entra\u00eenement.<\/li>\n<\/ul>\n<\/li>\n<\/ul>","protected":false},"featured_media":2318,"comment_status":"open","ping_status":"closed","template":"","meta":{"_joinchat":[]},"product_brand":[],"product_cat":[17],"product_tag":[125],"class_list":{"0":"post-582","1":"product","2":"type-product","3":"status-publish","4":"has-post-thumbnail","6":"product_cat-vitamines","7":"product_tag-emergen-vitamin-c","9":"first","10":"outofstock","11":"shipping-taxable","12":"purchasable","13":"product-type-simple"},"jetpack_sharing_enabled":true,"_links":{"self":[{"href":"https:\/\/olympiaboutique.com\/en\/wp-json\/wp\/v2\/product\/582","targetHints":{"allow":["GET"]}}],"collection":[{"href":"https:\/\/olympiaboutique.com\/en\/wp-json\/wp\/v2\/product"}],"about":[{"href":"https:\/\/olympiaboutique.com\/en\/wp-json\/wp\/v2\/types\/product"}],"replies":[{"embeddable":true,"href":"https:\/\/olympiaboutique.com\/en\/wp-json\/wp\/v2\/comments?post=582"}],"wp:featuredmedia":[{"embeddable":true,"href":"https:\/\/olympiaboutique.com\/en\/wp-json\/wp\/v2\/media\/2318"}],"wp:attachment":[{"href":"https:\/\/olympiaboutique.com\/en\/wp-json\/wp\/v2\/media?parent=582"}],"wp:term":[{"taxonomy":"product_brand","embeddable":true,"href":"https:\/\/olympiaboutique.com\/en\/wp-json\/wp\/v2\/product_brand?post=582"},{"taxonomy":"product_cat","embeddable":true,"href":"https:\/\/olympiaboutique.com\/en\/wp-json\/wp\/v2\/product_cat?post=582"},{"taxonomy":"product_tag","embeddable":true,"href":"https:\/\/olympiaboutique.com\/en\/wp-json\/wp\/v2\/product_tag?post=582"}],"curies":[{"name":"wp","href":"https:\/\/api.w.org\/{rel}","templated":true}]}}