{"id":581,"date":"2023-10-10T10:27:41","date_gmt":"2023-10-10T10:27:41","guid":{"rendered":"https:\/\/olympiaboutique.com\/?post_type=product&#038;p=581"},"modified":"2025-12-01T04:17:36","modified_gmt":"2025-12-01T04:17:36","slug":"quaker-oats-old-fashioned","status":"publish","type":"product","link":"https:\/\/olympiaboutique.com\/en\/product\/quaker-oats-old-fashioned\/","title":{"rendered":"Quaker Old Fashioned, Flocons d\u2019avoine , 90 portions, 4,52 kg"},"content":{"rendered":"<p>Un bol bien chaud de Quaker Oats est l\u2019une des sources d\u2019\u00e9nergie les plus parfaites de la nature. Il se marie tr\u00e8s bien avec tout, des fruits frais ou secs aux noix croquantes. Mieux encore, la bont\u00e9 ne s\u2019arr\u00eate pas au go\u00fbt ; Quaker Oats est compos\u00e9 \u00e0 100 % de grains entiers, ce qui peut aider \u00e0 r\u00e9duire le risque de maladie cardiaque. Les r\u00e9gimes riches en aliments \u00e0 grains entiers et autres aliments v\u00e9g\u00e9taux et faibles en graisses satur\u00e9es et en cholest\u00e9rol peuvent aider \u00e0 r\u00e9duire le risque de maladie cardiaque.<\/p>","protected":false},"excerpt":{"rendered":"<p>Un bol bien chaud de Quaker Oats est l\u2019une des sources d\u2019\u00e9nergie les plus parfaites de la nature. Il se&#8230;<\/p>","protected":false},"featured_media":556,"comment_status":"open","ping_status":"closed","template":"","meta":{"_joinchat":[]},"product_brand":[],"product_cat":[23],"product_tag":[124],"class_list":{"0":"post-581","1":"product","2":"type-product","3":"status-publish","4":"has-post-thumbnail","6":"product_cat-food","7":"product_tag-quaker-oats","9":"first","10":"outofstock","11":"shipping-taxable","12":"purchasable","13":"product-type-simple"},"jetpack_sharing_enabled":true,"_links":{"self":[{"href":"https:\/\/olympiaboutique.com\/en\/wp-json\/wp\/v2\/product\/581","targetHints":{"allow":["GET"]}}],"collection":[{"href":"https:\/\/olympiaboutique.com\/en\/wp-json\/wp\/v2\/product"}],"about":[{"href":"https:\/\/olympiaboutique.com\/en\/wp-json\/wp\/v2\/types\/product"}],"replies":[{"embeddable":true,"href":"https:\/\/olympiaboutique.com\/en\/wp-json\/wp\/v2\/comments?post=581"}],"wp:featuredmedia":[{"embeddable":true,"href":"https:\/\/olympiaboutique.com\/en\/wp-json\/wp\/v2\/media\/556"}],"wp:attachment":[{"href":"https:\/\/olympiaboutique.com\/en\/wp-json\/wp\/v2\/media?parent=581"}],"wp:term":[{"taxonomy":"product_brand","embeddable":true,"href":"https:\/\/olympiaboutique.com\/en\/wp-json\/wp\/v2\/product_brand?post=581"},{"taxonomy":"product_cat","embeddable":true,"href":"https:\/\/olympiaboutique.com\/en\/wp-json\/wp\/v2\/product_cat?post=581"},{"taxonomy":"product_tag","embeddable":true,"href":"https:\/\/olympiaboutique.com\/en\/wp-json\/wp\/v2\/product_tag?post=581"}],"curies":[{"name":"wp","href":"https:\/\/api.w.org\/{rel}","templated":true}]}}