{"id":579,"date":"2023-10-10T09:50:24","date_gmt":"2023-10-10T09:50:24","guid":{"rendered":"https:\/\/olympiaboutique.com\/?post_type=product&#038;p=579"},"modified":"2025-12-01T04:17:36","modified_gmt":"2025-12-01T04:17:36","slug":"chopped-chives","status":"publish","type":"product","link":"https:\/\/olympiaboutique.com\/en\/product\/chopped-chives\/","title":{"rendered":"Member&#8217;s mark chives, 40 g"},"content":{"rendered":"<p>Cette herbe de jardin polyvalente est un antioxydant riche en nutriments et fonctionne tr\u00e8s bien dans les soupes, sur le poisson grill\u00e9, les pommes de terre au four (quel l\u00e9gume n\u2019est pas agr\u00e9ment\u00e9 d\u2019une pinc\u00e9e de ciboulette hach\u00e9e ?). Faible en calories, source de potassium, fer et calcium, vitamines A et C, folate, niacine, riboflavine et thiamine.<br \/>\nOrganique Sans OGM<\/p>\n<p>Sans pesticide<\/p>","protected":false},"excerpt":{"rendered":"<p>Cette herbe de jardin polyvalente est un antioxydant riche en nutriments et fonctionne tr\u00e8s bien dans les soupes, sur le&#8230;<\/p>","protected":false},"featured_media":554,"comment_status":"open","ping_status":"closed","template":"","meta":{"_joinchat":[]},"product_brand":[],"product_cat":[20],"product_tag":[122],"class_list":{"0":"post-579","1":"product","2":"type-product","3":"status-publish","4":"has-post-thumbnail","6":"product_cat-epice","7":"product_tag-chopped-chives","9":"first","10":"outofstock","11":"shipping-taxable","12":"purchasable","13":"product-type-simple"},"jetpack_sharing_enabled":true,"_links":{"self":[{"href":"https:\/\/olympiaboutique.com\/en\/wp-json\/wp\/v2\/product\/579","targetHints":{"allow":["GET"]}}],"collection":[{"href":"https:\/\/olympiaboutique.com\/en\/wp-json\/wp\/v2\/product"}],"about":[{"href":"https:\/\/olympiaboutique.com\/en\/wp-json\/wp\/v2\/types\/product"}],"replies":[{"embeddable":true,"href":"https:\/\/olympiaboutique.com\/en\/wp-json\/wp\/v2\/comments?post=579"}],"wp:featuredmedia":[{"embeddable":true,"href":"https:\/\/olympiaboutique.com\/en\/wp-json\/wp\/v2\/media\/554"}],"wp:attachment":[{"href":"https:\/\/olympiaboutique.com\/en\/wp-json\/wp\/v2\/media?parent=579"}],"wp:term":[{"taxonomy":"product_brand","embeddable":true,"href":"https:\/\/olympiaboutique.com\/en\/wp-json\/wp\/v2\/product_brand?post=579"},{"taxonomy":"product_cat","embeddable":true,"href":"https:\/\/olympiaboutique.com\/en\/wp-json\/wp\/v2\/product_cat?post=579"},{"taxonomy":"product_tag","embeddable":true,"href":"https:\/\/olympiaboutique.com\/en\/wp-json\/wp\/v2\/product_tag?post=579"}],"curies":[{"name":"wp","href":"https:\/\/api.w.org\/{rel}","templated":true}]}}