{"id":578,"date":"2023-10-10T09:39:32","date_gmt":"2023-10-10T09:39:32","guid":{"rendered":"https:\/\/olympiaboutique.com\/?post_type=product&#038;p=578"},"modified":"2025-12-01T04:17:36","modified_gmt":"2025-12-01T04:17:36","slug":"epice-basil","status":"publish","type":"product","link":"https:\/\/olympiaboutique.com\/en\/product\/epice-basil\/","title":{"rendered":"Member\u2019s Mark Basil 177 g"},"content":{"rendered":"<p>Il y a tellement d\u2019utilisations du basilic. Non seulement c\u2019est un ingr\u00e9dient essentiel de la cuisine italienne, mais c\u2019est aussi un ajout savoureux aux salades, soupes, vinaigrettes, sauces et plus encore. Le Mark Basil de ce membre est disponible dans une grande taille, vous en aurez donc beaucoup \u00e0 port\u00e9e de main.<\/p>\n<p>Utilisez-le sur une salade classique de tomates et de mozzarella. Combinez-le avec de l\u2019origan, du persil et du thym pour un excellent m\u00e9lange tout usage. Incorporer le basilic \u00e0 la sauce pour p\u00e2tes pour une saveur d\u00e9licieuse suppl\u00e9mentaire. Provenant principalement d\u2019\u00c9gypte, le basilic fait en fait partie de la famille de la menthe. Il est pr\u00e9f\u00e9rable de lib\u00e9rer la saveur du basilic \u00e9cras\u00e9 dans la main ou avec un mortier et un pilon avant de l\u2019ajouter \u00e0 la nourriture. Conserver dans un endroit frais, sombre et sec pour une saveur optimale.<\/p>","protected":false},"excerpt":{"rendered":"<p>Il y a tellement d\u2019utilisations du basilic. Non seulement c\u2019est un ingr\u00e9dient essentiel de la cuisine italienne, mais c\u2019est aussi&#8230;<\/p>","protected":false},"featured_media":553,"comment_status":"open","ping_status":"closed","template":"","meta":{"_joinchat":[]},"product_brand":[],"product_cat":[20],"product_tag":[121],"class_list":{"0":"post-578","1":"product","2":"type-product","3":"status-publish","4":"has-post-thumbnail","6":"product_cat-epice","7":"product_tag-epice-basil","9":"first","10":"outofstock","11":"shipping-taxable","12":"purchasable","13":"product-type-simple"},"jetpack_sharing_enabled":true,"_links":{"self":[{"href":"https:\/\/olympiaboutique.com\/en\/wp-json\/wp\/v2\/product\/578","targetHints":{"allow":["GET"]}}],"collection":[{"href":"https:\/\/olympiaboutique.com\/en\/wp-json\/wp\/v2\/product"}],"about":[{"href":"https:\/\/olympiaboutique.com\/en\/wp-json\/wp\/v2\/types\/product"}],"replies":[{"embeddable":true,"href":"https:\/\/olympiaboutique.com\/en\/wp-json\/wp\/v2\/comments?post=578"}],"wp:featuredmedia":[{"embeddable":true,"href":"https:\/\/olympiaboutique.com\/en\/wp-json\/wp\/v2\/media\/553"}],"wp:attachment":[{"href":"https:\/\/olympiaboutique.com\/en\/wp-json\/wp\/v2\/media?parent=578"}],"wp:term":[{"taxonomy":"product_brand","embeddable":true,"href":"https:\/\/olympiaboutique.com\/en\/wp-json\/wp\/v2\/product_brand?post=578"},{"taxonomy":"product_cat","embeddable":true,"href":"https:\/\/olympiaboutique.com\/en\/wp-json\/wp\/v2\/product_cat?post=578"},{"taxonomy":"product_tag","embeddable":true,"href":"https:\/\/olympiaboutique.com\/en\/wp-json\/wp\/v2\/product_tag?post=578"}],"curies":[{"name":"wp","href":"https:\/\/api.w.org\/{rel}","templated":true}]}}