{"id":574,"date":"2023-10-10T00:07:57","date_gmt":"2023-10-10T00:07:57","guid":{"rendered":"https:\/\/olympiaboutique.com\/?post_type=product&#038;p=574"},"modified":"2025-12-01T04:17:36","modified_gmt":"2025-12-01T04:17:36","slug":"yellow-rice","status":"publish","type":"product","link":"https:\/\/olympiaboutique.com\/en\/product\/yellow-rice\/","title":{"rendered":"Riz jaune Par Excellence Producers, 1,59 kg"},"content":{"rendered":"<p>Le riz jaune est un aliment de base dans de nombreuses cuisines, mais la fa\u00e7on dont chaque culture r\u00e9alise le plat peut varier d\u2019un endroit \u00e0 l\u2019autre. Alors que certaines vari\u00e9t\u00e9s de riz ont naturellement une teinte jaune, les cuisiniers d\u2019Am\u00e9rique latine, d\u2019Afrique du Sud, d\u2019Asie du Sud, de M\u00e9diterran\u00e9e et leurs diasporas se tournent souvent vers des ar\u00f4mes hautement pigment\u00e9s comme l\u2019achiote (\u00e9galement appel\u00e9 roccou), le safran ou le curcuma pour donner au riz blanc nature une couleur jaune vif et une saveur singuli\u00e8re.<\/p>","protected":false},"excerpt":{"rendered":"<p>Le riz jaune est un aliment de base dans de nombreuses cuisines, mais la fa\u00e7on dont chaque culture r\u00e9alise le&#8230;<\/p>","protected":false},"featured_media":547,"comment_status":"open","ping_status":"closed","template":"","meta":{"_joinchat":[]},"product_brand":[],"product_cat":[23],"product_tag":[117],"class_list":{"0":"post-574","1":"product","2":"type-product","3":"status-publish","4":"has-post-thumbnail","6":"product_cat-food","7":"product_tag-yellow-rice","9":"first","10":"outofstock","11":"shipping-taxable","12":"purchasable","13":"product-type-simple"},"jetpack_sharing_enabled":true,"_links":{"self":[{"href":"https:\/\/olympiaboutique.com\/en\/wp-json\/wp\/v2\/product\/574","targetHints":{"allow":["GET"]}}],"collection":[{"href":"https:\/\/olympiaboutique.com\/en\/wp-json\/wp\/v2\/product"}],"about":[{"href":"https:\/\/olympiaboutique.com\/en\/wp-json\/wp\/v2\/types\/product"}],"replies":[{"embeddable":true,"href":"https:\/\/olympiaboutique.com\/en\/wp-json\/wp\/v2\/comments?post=574"}],"wp:featuredmedia":[{"embeddable":true,"href":"https:\/\/olympiaboutique.com\/en\/wp-json\/wp\/v2\/media\/547"}],"wp:attachment":[{"href":"https:\/\/olympiaboutique.com\/en\/wp-json\/wp\/v2\/media?parent=574"}],"wp:term":[{"taxonomy":"product_brand","embeddable":true,"href":"https:\/\/olympiaboutique.com\/en\/wp-json\/wp\/v2\/product_brand?post=574"},{"taxonomy":"product_cat","embeddable":true,"href":"https:\/\/olympiaboutique.com\/en\/wp-json\/wp\/v2\/product_cat?post=574"},{"taxonomy":"product_tag","embeddable":true,"href":"https:\/\/olympiaboutique.com\/en\/wp-json\/wp\/v2\/product_tag?post=574"}],"curies":[{"name":"wp","href":"https:\/\/api.w.org\/{rel}","templated":true}]}}