{"id":573,"date":"2023-10-09T23:59:52","date_gmt":"2023-10-09T23:59:52","guid":{"rendered":"https:\/\/olympiaboutique.com\/?post_type=product&#038;p=573"},"modified":"2025-12-01T04:17:36","modified_gmt":"2025-12-01T04:17:36","slug":"diabettx-skin-lotion","status":"publish","type":"product","link":"https:\/\/olympiaboutique.com\/en\/product\/diabettx-skin-lotion\/","title":{"rendered":"Goicoechea Diabet TX Lotion pour le corps, Soins de la peau pour le diab\u00e8te, Hydratant pour les peaux s\u00e8ches, 400 ml"},"content":{"rendered":"<p>Goicoechea Diabet TX Body Cream est id\u00e9al pour les consommateurs souffrant de peau s\u00e8che associ\u00e9e au diab\u00e8te\u00a0; Sp\u00e9cialement formul\u00e9e avec des hydratants et des revitalisants pour les peaux rugueuses \/ s\u00e8ches, cette cr\u00e8me hydrate et conditionne en profondeur la peau et les pieds et aide \u00e0 r\u00e9duire l\u2019apparence des varices, des ecchymoses et des imperfections lors d\u2019une utilisation quotidienne.<\/p>\n<p>La formule Goicoechea Soothing Touch combine de l\u2019Aloe Vera, de l\u2019Eucalyptus et d\u2019autres extraits naturels qui donnent \u00e0 votre peau l\u2019hydratation et la fra\u00eecheur dont elle a besoin. Laisse la peau tonique, lisse et lumineuse.<\/p>","protected":false},"excerpt":{"rendered":"<p>Goicoechea Diabet TX Body Cream est id\u00e9al pour les consommateurs souffrant de peau s\u00e8che associ\u00e9e au diab\u00e8te\u00a0; Sp\u00e9cialement formul\u00e9e avec&#8230;<\/p>","protected":false},"featured_media":546,"comment_status":"open","ping_status":"closed","template":"","meta":{"_joinchat":[]},"product_brand":[],"product_cat":[53,22],"product_tag":[116],"class_list":{"0":"post-573","1":"product","2":"type-product","3":"status-publish","4":"has-post-thumbnail","6":"product_cat-pharmaceutiques","7":"product_cat-skincare","8":"product_tag-diabettx-skin-lotion","10":"first","11":"outofstock","12":"shipping-taxable","13":"purchasable","14":"product-type-simple"},"jetpack_sharing_enabled":true,"_links":{"self":[{"href":"https:\/\/olympiaboutique.com\/en\/wp-json\/wp\/v2\/product\/573","targetHints":{"allow":["GET"]}}],"collection":[{"href":"https:\/\/olympiaboutique.com\/en\/wp-json\/wp\/v2\/product"}],"about":[{"href":"https:\/\/olympiaboutique.com\/en\/wp-json\/wp\/v2\/types\/product"}],"replies":[{"embeddable":true,"href":"https:\/\/olympiaboutique.com\/en\/wp-json\/wp\/v2\/comments?post=573"}],"wp:featuredmedia":[{"embeddable":true,"href":"https:\/\/olympiaboutique.com\/en\/wp-json\/wp\/v2\/media\/546"}],"wp:attachment":[{"href":"https:\/\/olympiaboutique.com\/en\/wp-json\/wp\/v2\/media?parent=573"}],"wp:term":[{"taxonomy":"product_brand","embeddable":true,"href":"https:\/\/olympiaboutique.com\/en\/wp-json\/wp\/v2\/product_brand?post=573"},{"taxonomy":"product_cat","embeddable":true,"href":"https:\/\/olympiaboutique.com\/en\/wp-json\/wp\/v2\/product_cat?post=573"},{"taxonomy":"product_tag","embeddable":true,"href":"https:\/\/olympiaboutique.com\/en\/wp-json\/wp\/v2\/product_tag?post=573"}],"curies":[{"name":"wp","href":"https:\/\/api.w.org\/{rel}","templated":true}]}}