{"id":572,"date":"2023-10-09T23:51:22","date_gmt":"2023-10-09T23:51:22","guid":{"rendered":"https:\/\/olympiaboutique.com\/?post_type=product&#038;p=572"},"modified":"2025-12-01T04:17:36","modified_gmt":"2025-12-01T04:17:36","slug":"vita-coconut-water","status":"publish","type":"product","link":"https:\/\/olympiaboutique.com\/en\/product\/vita-coconut-water\/","title":{"rendered":"Vita Coco Eau de Coco Pure 12x330ml"},"content":{"rendered":"<p>&nbsp;<\/p>\n<ul>\n<li>Faible en calories\u00a0 seulement 18 calories par 100 ml.<\/li>\n<li>L\u2019eau de coco contient des min\u00e9raux naturels et d\u2019autres \u00e9lectrolytes qui l\u2019aident \u00e0 rafra\u00eechir votre soif rapidement.<\/li>\n<li>Les min\u00e9raux ont \u00e9galement d\u2019autres utilisations nutritionnelles, par exemple le potassium aide \u00e0 pr\u00e9venir les crampes.<\/li>\n<\/ul>","protected":false},"excerpt":{"rendered":"<p>Pack de 18<\/p>\n<p>L\u2019eau de coco est une boisson rafra\u00eechissante id\u00e9ale pour une utilisation pendant ou apr\u00e8s le sport ou les s\u00e9ances d\u2019entra\u00eenement.<\/p>","protected":false},"featured_media":545,"comment_status":"open","ping_status":"closed","template":"","meta":{"_joinchat":[]},"product_brand":[],"product_cat":[23],"product_tag":[115],"class_list":{"0":"post-572","1":"product","2":"type-product","3":"status-publish","4":"has-post-thumbnail","6":"product_cat-food","7":"product_tag-vita-coconut-water","9":"first","10":"outofstock","11":"shipping-taxable","12":"purchasable","13":"product-type-simple"},"jetpack_sharing_enabled":true,"_links":{"self":[{"href":"https:\/\/olympiaboutique.com\/en\/wp-json\/wp\/v2\/product\/572","targetHints":{"allow":["GET"]}}],"collection":[{"href":"https:\/\/olympiaboutique.com\/en\/wp-json\/wp\/v2\/product"}],"about":[{"href":"https:\/\/olympiaboutique.com\/en\/wp-json\/wp\/v2\/types\/product"}],"replies":[{"embeddable":true,"href":"https:\/\/olympiaboutique.com\/en\/wp-json\/wp\/v2\/comments?post=572"}],"wp:featuredmedia":[{"embeddable":true,"href":"https:\/\/olympiaboutique.com\/en\/wp-json\/wp\/v2\/media\/545"}],"wp:attachment":[{"href":"https:\/\/olympiaboutique.com\/en\/wp-json\/wp\/v2\/media?parent=572"}],"wp:term":[{"taxonomy":"product_brand","embeddable":true,"href":"https:\/\/olympiaboutique.com\/en\/wp-json\/wp\/v2\/product_brand?post=572"},{"taxonomy":"product_cat","embeddable":true,"href":"https:\/\/olympiaboutique.com\/en\/wp-json\/wp\/v2\/product_cat?post=572"},{"taxonomy":"product_tag","embeddable":true,"href":"https:\/\/olympiaboutique.com\/en\/wp-json\/wp\/v2\/product_tag?post=572"}],"curies":[{"name":"wp","href":"https:\/\/api.w.org\/{rel}","templated":true}]}}