{"id":570,"date":"2023-10-09T23:28:24","date_gmt":"2023-10-09T23:28:24","guid":{"rendered":"https:\/\/olympiaboutique.com\/?post_type=product&#038;p=570"},"modified":"2025-12-01T04:17:36","modified_gmt":"2025-12-01T04:17:36","slug":"dr-deals-body-lotion","status":"publish","type":"product","link":"https:\/\/olympiaboutique.com\/en\/product\/dr-deals-body-lotion\/","title":{"rendered":"Dr Teal\u2019s Body Lotion Hydratation Nourrissante \u00c0 L\u2019Huile De Coco &#038; Huiles Essentielles 475ml"},"content":{"rendered":"<p>Revitalisez et hydratez votre peau avec la lotion pour le corps Dr Teal aux huiles essentielles de vitamine C et d\u2019agrumes. Formul\u00e9 avec du beurre de karit\u00e9, du beurre de cacao et de la vitamine E, ce m\u00e9lange r\u00e9parateur nourrit et renouvelle pour une peau d\u2019apparence saine. La lotion pour le corps \u00e0 la vitamine C et aux agrumes du Dr Teal ram\u00e8ne l\u2019hydratation \u00e0 la peau, la laissant douce et lisse, tandis que les huiles essentielles d\u2019agrumes apaisent les sens. Les produits du Dr Teal sont infus\u00e9s d\u2019huiles essentielles pour d\u00e9tendre, reconstituer et rajeunir votre esprit et votre corps.<\/p>","protected":false},"excerpt":{"rendered":"<p>Revitalisez et hydratez votre peau avec la lotion pour le corps Dr Teal aux huiles essentielles de vitamine C et&#8230;<\/p>","protected":false},"featured_media":543,"comment_status":"open","ping_status":"closed","template":"","meta":{"_joinchat":[]},"product_brand":[],"product_cat":[22],"product_tag":[113],"class_list":{"0":"post-570","1":"product","2":"type-product","3":"status-publish","4":"has-post-thumbnail","6":"product_cat-skincare","7":"product_tag-dr-teals-body-lotion","9":"first","10":"outofstock","11":"shipping-taxable","12":"purchasable","13":"product-type-simple"},"jetpack_sharing_enabled":true,"_links":{"self":[{"href":"https:\/\/olympiaboutique.com\/en\/wp-json\/wp\/v2\/product\/570","targetHints":{"allow":["GET"]}}],"collection":[{"href":"https:\/\/olympiaboutique.com\/en\/wp-json\/wp\/v2\/product"}],"about":[{"href":"https:\/\/olympiaboutique.com\/en\/wp-json\/wp\/v2\/types\/product"}],"replies":[{"embeddable":true,"href":"https:\/\/olympiaboutique.com\/en\/wp-json\/wp\/v2\/comments?post=570"}],"wp:featuredmedia":[{"embeddable":true,"href":"https:\/\/olympiaboutique.com\/en\/wp-json\/wp\/v2\/media\/543"}],"wp:attachment":[{"href":"https:\/\/olympiaboutique.com\/en\/wp-json\/wp\/v2\/media?parent=570"}],"wp:term":[{"taxonomy":"product_brand","embeddable":true,"href":"https:\/\/olympiaboutique.com\/en\/wp-json\/wp\/v2\/product_brand?post=570"},{"taxonomy":"product_cat","embeddable":true,"href":"https:\/\/olympiaboutique.com\/en\/wp-json\/wp\/v2\/product_cat?post=570"},{"taxonomy":"product_tag","embeddable":true,"href":"https:\/\/olympiaboutique.com\/en\/wp-json\/wp\/v2\/product_tag?post=570"}],"curies":[{"name":"wp","href":"https:\/\/api.w.org\/{rel}","templated":true}]}}