{"id":568,"date":"2023-10-09T22:19:03","date_gmt":"2023-10-09T22:19:03","guid":{"rendered":"https:\/\/olympiaboutique.com\/?post_type=product&#038;p=568"},"modified":"2025-12-01T04:17:36","modified_gmt":"2025-12-01T04:17:36","slug":"cetaphil-2","status":"publish","type":"product","link":"https:\/\/olympiaboutique.com\/en\/product\/cetaphil-2\/","title":{"rendered":"CETAPHIL Moisturizing Lotion; 591 ml"},"content":{"rendered":"<p>Pour les peaux sensibles et toujours s\u00e8ches<\/p>\n<p>Il est prouv\u00e9 en clinique que la lotion hydratante pr\u00e9serve l\u2019hydratation, pour nourrir en profondeur et procurer \u00e0 la peau s\u00e8che un soulagement continu de 48\u00a0heures.<\/p>\n<p>\u2022 Formule rehauss\u00e9e d\u2019un m\u00e9lange de niacinamide (vitamine B3), de panth\u00e9nol (provitamine B5) et de glyc\u00e9rine hydratante<br \/>\n\u2022 Non grasse, l\u00e9g\u00e8re<br \/>\n\u2022 Nourrit instantan\u00e9ment la peau et la r\u00e9g\u00e9n\u00e8re en profondeur pendant 48 heures<br \/>\n\u2022 Att\u00e9nue l\u2019apparence rugueuse de la peau sur le visage et le corps<br \/>\n\u2022 Produit test\u00e9 par des dermatologues\u00a0; il est prouv\u00e9 en clinique qu\u2019il est suffisamment doux pour les peaux sensibles<\/p>\n<p>&nbsp;<\/p>","protected":false},"excerpt":{"rendered":"<p>Cette lotion l\u00e9g\u00e8re et non grasse apaise instantan\u00e9ment et prot\u00e8ge la peau de la s\u00e9cheresse pendant 48 heures. La formule douce, non com\u00e9dog\u00e8ne et hypoallerg\u00e8ne de la lotion hydratante Cetaphil apaise et prot\u00e8ge la peau, la rendant id\u00e9ale pour le corps ou le visage. Sans parfum ni parab\u00e8nes.<\/p>","protected":false},"featured_media":521,"comment_status":"open","ping_status":"closed","template":"","meta":{"_joinchat":[]},"product_brand":[],"product_cat":[22],"product_tag":[44],"class_list":{"0":"post-568","1":"product","2":"type-product","3":"status-publish","4":"has-post-thumbnail","6":"product_cat-skincare","7":"product_tag-cetaphil","9":"first","10":"outofstock","11":"shipping-taxable","12":"purchasable","13":"product-type-simple"},"jetpack_sharing_enabled":true,"_links":{"self":[{"href":"https:\/\/olympiaboutique.com\/en\/wp-json\/wp\/v2\/product\/568","targetHints":{"allow":["GET"]}}],"collection":[{"href":"https:\/\/olympiaboutique.com\/en\/wp-json\/wp\/v2\/product"}],"about":[{"href":"https:\/\/olympiaboutique.com\/en\/wp-json\/wp\/v2\/types\/product"}],"replies":[{"embeddable":true,"href":"https:\/\/olympiaboutique.com\/en\/wp-json\/wp\/v2\/comments?post=568"}],"wp:featuredmedia":[{"embeddable":true,"href":"https:\/\/olympiaboutique.com\/en\/wp-json\/wp\/v2\/media\/521"}],"wp:attachment":[{"href":"https:\/\/olympiaboutique.com\/en\/wp-json\/wp\/v2\/media?parent=568"}],"wp:term":[{"taxonomy":"product_brand","embeddable":true,"href":"https:\/\/olympiaboutique.com\/en\/wp-json\/wp\/v2\/product_brand?post=568"},{"taxonomy":"product_cat","embeddable":true,"href":"https:\/\/olympiaboutique.com\/en\/wp-json\/wp\/v2\/product_cat?post=568"},{"taxonomy":"product_tag","embeddable":true,"href":"https:\/\/olympiaboutique.com\/en\/wp-json\/wp\/v2\/product_tag?post=568"}],"curies":[{"name":"wp","href":"https:\/\/api.w.org\/{rel}","templated":true}]}}