{"id":540,"date":"2023-10-09T17:58:11","date_gmt":"2023-10-09T17:58:11","guid":{"rendered":"https:\/\/olympiaboutique.com\/?post_type=product&#038;p=540"},"modified":"2025-12-01T04:17:36","modified_gmt":"2025-12-01T04:17:36","slug":"vitamin-c-et-collagen-face-mask","status":"publish","type":"product","link":"https:\/\/olympiaboutique.com\/en\/product\/vitamin-c-et-collagen-face-mask\/","title":{"rendered":"Skin 2.0 Masque facial en tissu \u00e0 la vitamine C et au collag\u00e8ne, 21g"},"content":{"rendered":"<p>Notre soin du visage est infus\u00e9 de vitamine C qui illumine et hydrate votre peau et aide \u00e0 att\u00e9nuer les signes du vieillissement. Le collag\u00e8ne aide \u00e0 r\u00e9duire l\u2019apparence des ridules et des rides, tout en ajoutant de l\u2019humidit\u00e9 et de la vitalit\u00e9 \u00e0 votre peau.<br \/>\nAvec une utilisation r\u00e9guli\u00e8re, notre masque laissera votre peau plus souple, \u00e9nergis\u00e9e et \u00e9clatante.<\/p>","protected":false},"excerpt":{"rendered":"<p>Notre soin du visage est infus\u00e9 de vitamine C qui illumine et hydrate votre peau et aide \u00e0 att\u00e9nuer les&#8230;<\/p>","protected":false},"featured_media":520,"comment_status":"open","ping_status":"closed","template":"","meta":{"_joinchat":[]},"product_brand":[],"product_cat":[22],"product_tag":[111],"class_list":{"0":"post-540","1":"product","2":"type-product","3":"status-publish","4":"has-post-thumbnail","6":"product_cat-skincare","7":"product_tag-masque-facial-vitamine-c","9":"first","10":"outofstock","11":"shipping-taxable","12":"purchasable","13":"product-type-simple"},"jetpack_sharing_enabled":true,"_links":{"self":[{"href":"https:\/\/olympiaboutique.com\/en\/wp-json\/wp\/v2\/product\/540","targetHints":{"allow":["GET"]}}],"collection":[{"href":"https:\/\/olympiaboutique.com\/en\/wp-json\/wp\/v2\/product"}],"about":[{"href":"https:\/\/olympiaboutique.com\/en\/wp-json\/wp\/v2\/types\/product"}],"replies":[{"embeddable":true,"href":"https:\/\/olympiaboutique.com\/en\/wp-json\/wp\/v2\/comments?post=540"}],"wp:featuredmedia":[{"embeddable":true,"href":"https:\/\/olympiaboutique.com\/en\/wp-json\/wp\/v2\/media\/520"}],"wp:attachment":[{"href":"https:\/\/olympiaboutique.com\/en\/wp-json\/wp\/v2\/media?parent=540"}],"wp:term":[{"taxonomy":"product_brand","embeddable":true,"href":"https:\/\/olympiaboutique.com\/en\/wp-json\/wp\/v2\/product_brand?post=540"},{"taxonomy":"product_cat","embeddable":true,"href":"https:\/\/olympiaboutique.com\/en\/wp-json\/wp\/v2\/product_cat?post=540"},{"taxonomy":"product_tag","embeddable":true,"href":"https:\/\/olympiaboutique.com\/en\/wp-json\/wp\/v2\/product_tag?post=540"}],"curies":[{"name":"wp","href":"https:\/\/api.w.org\/{rel}","templated":true}]}}