{"id":539,"date":"2023-10-09T17:54:04","date_gmt":"2023-10-09T17:54:04","guid":{"rendered":"https:\/\/olympiaboutique.com\/?post_type=product&#038;p=539"},"modified":"2025-12-01T04:17:36","modified_gmt":"2025-12-01T04:17:36","slug":"strengthen-restore-conditioner","status":"publish","type":"product","link":"https:\/\/olympiaboutique.com\/en\/product\/strengthen-restore-conditioner\/","title":{"rendered":"SheaMoisture D\u00e9m\u00ealant  &#8211; 100% pure huile de ricin noir jama\u00efcain &#8211; 577 ml"},"content":{"rendered":"<p>Un revitalisant fortifiant qui d\u00e9m\u00eale et hydrate les cheveux sans les alourdir.<\/p>\n<p>Parfait pour ceux qui colorent, lissent\u00a0 r\u00e9guli\u00e8rement leurs cheveux, ainsi que pour les cheveux naturels cr\u00e9pus, boucl\u00e9s et ondul\u00e9s.<\/p>\n<p>La formule avec de l\u2019huile de ricin noir jama\u00efcain et du beurre de karit\u00e9 certifi\u00e9 biologique nourrit et renforce les cheveux ab\u00eem\u00e9s et cassants et r\u00e9duit la casse et la perte de cheveux.<\/p>\n<p>L\u2019huile de menthe poivr\u00e9e stimule le cuir chevelu et procure une exp\u00e9rience revigorante.<\/p>\n<p>Laisse les cheveux brillants et compl\u00e8tement rajeunis<\/p>","protected":false},"excerpt":{"rendered":"<p>Ce revitalisant fortifiant SheaMoisture qui d\u00e9m\u00eale et restaure l\u2019hydratation sans alourdir les cheveux. Parfait pour ceux qui colorent, lissent r\u00e9guli\u00e8rement leurs cheveux ainsi que pour les styles naturels cr\u00e9pus, boucl\u00e9s et ondul\u00e9s.<\/p>","protected":false},"featured_media":519,"comment_status":"open","ping_status":"closed","template":"","meta":{"_joinchat":[]},"product_brand":[],"product_cat":[109],"product_tag":[110],"class_list":{"0":"post-539","1":"product","2":"type-product","3":"status-publish","4":"has-post-thumbnail","6":"product_cat-cheveux","7":"product_tag-strengthen-restore-conditioner","9":"first","10":"outofstock","11":"shipping-taxable","12":"purchasable","13":"product-type-simple"},"jetpack_sharing_enabled":true,"_links":{"self":[{"href":"https:\/\/olympiaboutique.com\/en\/wp-json\/wp\/v2\/product\/539","targetHints":{"allow":["GET"]}}],"collection":[{"href":"https:\/\/olympiaboutique.com\/en\/wp-json\/wp\/v2\/product"}],"about":[{"href":"https:\/\/olympiaboutique.com\/en\/wp-json\/wp\/v2\/types\/product"}],"replies":[{"embeddable":true,"href":"https:\/\/olympiaboutique.com\/en\/wp-json\/wp\/v2\/comments?post=539"}],"wp:featuredmedia":[{"embeddable":true,"href":"https:\/\/olympiaboutique.com\/en\/wp-json\/wp\/v2\/media\/519"}],"wp:attachment":[{"href":"https:\/\/olympiaboutique.com\/en\/wp-json\/wp\/v2\/media?parent=539"}],"wp:term":[{"taxonomy":"product_brand","embeddable":true,"href":"https:\/\/olympiaboutique.com\/en\/wp-json\/wp\/v2\/product_brand?post=539"},{"taxonomy":"product_cat","embeddable":true,"href":"https:\/\/olympiaboutique.com\/en\/wp-json\/wp\/v2\/product_cat?post=539"},{"taxonomy":"product_tag","embeddable":true,"href":"https:\/\/olympiaboutique.com\/en\/wp-json\/wp\/v2\/product_tag?post=539"}],"curies":[{"name":"wp","href":"https:\/\/api.w.org\/{rel}","templated":true}]}}