{"id":538,"date":"2023-10-09T17:43:51","date_gmt":"2023-10-09T17:43:51","guid":{"rendered":"https:\/\/olympiaboutique.com\/?post_type=product&#038;p=538"},"modified":"2025-12-01T04:17:37","modified_gmt":"2025-12-01T04:17:37","slug":"quaker-flavor-variety","status":"publish","type":"product","link":"https:\/\/olympiaboutique.com\/en\/product\/quaker-flavor-variety\/","title":{"rendered":"Quaker Instant Oatmeal, 4 Flavor Variety Pack, Paquets individuels, 48 Count, 2,23 kg"},"content":{"rendered":"<p>Profitez du go\u00fbt sucr\u00e9 des saveurs telles que les pommes et la cannelle,\u00a0 et les \u00e9pices, l\u2019\u00e9rable et la cassonade, ou les p\u00eaches et la cr\u00e8me pendant que les grains entiers copieux vous aident \u00e0 vous rassasier. Les sachets individuels sont faciles \u00e0 pr\u00e9parer pour un petit-d\u00e9jeuner chaud.<\/p>","protected":false},"excerpt":{"rendered":"<div class=\"a-section a-spacing-none aplus-card-title\">\n<p class=\"aplus-h2 a-text-bold\"><strong>Bienfaits\u00a0:Sant\u00e9 cardiaque<\/strong><\/p>\n<\/div>\n<div class=\"a-section a-spacing-none aplus-card-body\">\n<p class=\"aplus-p3\">3 grammes de fibres solubles provenant de flocons d\u2019avoine par jour dans un r\u00e9gime pauvre en graisses satur\u00e9es et en cholest\u00e9rol peuvent r\u00e9duire le risque de maladie cardiaque.<\/p>\n<p>Ajoutez l\u2019avoine Quaker dans le r\u00e9cipient de votre choix et versez-y le lait et la vanille. Ajoutez une couche de bleuets et de tranches de banane. Placez au r\u00e9frig\u00e9rateur et d\u00e9gustez le matin ou quelques heures plus tard.<\/p>\n<\/div>","protected":false},"featured_media":518,"comment_status":"open","ping_status":"closed","template":"","meta":{"_joinchat":[]},"product_brand":[],"product_cat":[23],"product_tag":[108],"class_list":{"0":"post-538","1":"product","2":"type-product","3":"status-publish","4":"has-post-thumbnail","6":"product_cat-food","7":"product_tag-quaker-flavor-variety","9":"first","10":"outofstock","11":"shipping-taxable","12":"purchasable","13":"product-type-simple"},"jetpack_sharing_enabled":true,"_links":{"self":[{"href":"https:\/\/olympiaboutique.com\/en\/wp-json\/wp\/v2\/product\/538","targetHints":{"allow":["GET"]}}],"collection":[{"href":"https:\/\/olympiaboutique.com\/en\/wp-json\/wp\/v2\/product"}],"about":[{"href":"https:\/\/olympiaboutique.com\/en\/wp-json\/wp\/v2\/types\/product"}],"replies":[{"embeddable":true,"href":"https:\/\/olympiaboutique.com\/en\/wp-json\/wp\/v2\/comments?post=538"}],"wp:featuredmedia":[{"embeddable":true,"href":"https:\/\/olympiaboutique.com\/en\/wp-json\/wp\/v2\/media\/518"}],"wp:attachment":[{"href":"https:\/\/olympiaboutique.com\/en\/wp-json\/wp\/v2\/media?parent=538"}],"wp:term":[{"taxonomy":"product_brand","embeddable":true,"href":"https:\/\/olympiaboutique.com\/en\/wp-json\/wp\/v2\/product_brand?post=538"},{"taxonomy":"product_cat","embeddable":true,"href":"https:\/\/olympiaboutique.com\/en\/wp-json\/wp\/v2\/product_cat?post=538"},{"taxonomy":"product_tag","embeddable":true,"href":"https:\/\/olympiaboutique.com\/en\/wp-json\/wp\/v2\/product_tag?post=538"}],"curies":[{"name":"wp","href":"https:\/\/api.w.org\/{rel}","templated":true}]}}